{"id":858,"date":"2019-12-20T10:02:03","date_gmt":"2019-12-20T10:02:03","guid":{"rendered":"https:\/\/www.youthmythbusters.eu\/il-progetto\/la-sfida\/"},"modified":"2019-12-20T10:02:05","modified_gmt":"2019-12-20T10:02:05","slug":"la-sfida","status":"publish","type":"page","link":"https:\/\/www.youthmythbusters.eu\/it\/il-progetto\/la-sfida\/","title":{"rendered":"La sfida"},"content":{"rendered":"\t\t<div data-elementor-type=\"wp-page\" data-elementor-id=\"858\" class=\"elementor elementor-858 elementor-22\" data-elementor-post-type=\"page\">\n\t\t\t\t\t\t<section class=\"elementor-section elementor-top-section elementor-element elementor-element-d9b256f elementor-section-content-middle elementor-section-boxed elementor-section-height-default elementor-section-height-default\" data-id=\"d9b256f\" data-element_type=\"section\" data-e-type=\"section\" data-settings=\"{&quot;background_background&quot;:&quot;classic&quot;}\">\n\t\t\t\t\t\t\t<div class=\"elementor-background-overlay\"><\/div>\n\t\t\t\t\t\t\t<div class=\"elementor-container elementor-column-gap-no\">\n\t\t\t\t\t<div class=\"elementor-column elementor-col-100 elementor-top-column elementor-element elementor-element-1e1b144\" data-id=\"1e1b144\" data-element_type=\"column\" data-e-type=\"column\">\n\t\t\t<div class=\"elementor-widget-wrap\">\n\t\t\t\t\t\t\t<\/div>\n\t\t<\/div>\n\t\t\t\t\t<\/div>\n\t\t<\/section>\n\t\t\t\t<section class=\"elementor-section elementor-top-section elementor-element elementor-element-16b8b62 elementor-section-full_width elementor-section-height-default elementor-section-height-default\" data-id=\"16b8b62\" data-element_type=\"section\" data-e-type=\"section\">\n\t\t\t\t\t\t<div class=\"elementor-container elementor-column-gap-no\">\n\t\t\t\t\t<div class=\"elementor-column elementor-col-50 elementor-top-column elementor-element elementor-element-ebc9dd2\" data-id=\"ebc9dd2\" data-element_type=\"column\" data-e-type=\"column\" data-settings=\"{&quot;background_background&quot;:&quot;classic&quot;}\">\n\t\t\t<div class=\"elementor-widget-wrap\">\n\t\t\t\t\t\t\t<\/div>\n\t\t<\/div>\n\t\t\t\t<div class=\"elementor-column elementor-col-50 elementor-top-column elementor-element elementor-element-eae1c60\" data-id=\"eae1c60\" data-element_type=\"column\" data-e-type=\"column\">\n\t\t\t<div class=\"elementor-widget-wrap elementor-element-populated\">\n\t\t\t\t\t\t<div class=\"elementor-element elementor-element-8ba0f4e elementor-widget elementor-widget-text-editor\" data-id=\"8ba0f4e\" data-element_type=\"widget\" data-e-type=\"widget\" data-widget_type=\"text-editor.default\">\n\t\t\t\t<div class=\"elementor-widget-container\">\n\t\t\t\t\t\t\t\t\t<p>La riduzione della disoccupazione giovanile e la strategia per impegnare in modo efficace il maggior numero possibile di giovani in Europa nel mondo del lavoro sono al centro del programma politico dell\u2019UE. La crisi economica ha portato ad alti livelli di disoccupazione giovanile e quindi al disimpegno dei giovani.<\/p>\n<p>Secondo <a href=\"https:\/\/www.eurofound.europa.eu\/young-people-and-neets-1\" target=\"_blank\" rel=\"noopener\">Eurofound<\/a>, i giovani di et\u00e0 compresa tra i 15 ei 20 anni o quelli che non hanno istruzione, occupazione o formazione sono meno interessati alla politica (solo il 28,7%), dichiarano una disposizione a votare e dimostrano una partecipazione sociale inferiore rispetto ai non NEET. In questo contesto, l&#8217;uso crescente di Internet e dei social media potrebbe creare nuove rotte verso l&#8217;impegno politico e civile.<br \/>\nIn realt\u00e0, l&#8217;80% dei giovani di et\u00e0 compresa tra 16 e 29 anni utilizza Internet e i social media su base giornaliera, tuttavia, solo il 40% di essi ha le competenze adeguate e solo il 2% di essi dimostra un pensiero critico durante la ricerca di informazioni online. Questo problema ha fatto emergere nuove sfide poich\u00e9 la crescita delle fake news su Internet e sui social media causa preoccupazione. Allo stesso tempo, la disinformazione \u00e8 una grave minaccia per le democrazie e le societ\u00e0 europee, minando cos\u00ec la fiducia dei cittadini nella democrazia e nelle istituzioni democratiche.<\/p>\n<p>Pertanto, la combinazione di scarso impegno civico e politico e scarse competenze digitali dei giovani (inclusi NEET) ha intensificato la necessit\u00e0 di affrontare entrambe le questioni, contrastando al contempo fake news, propaganda e manipolazione.<\/p>\n\t\t\t\t\t\t\t\t<\/div>\n\t\t\t\t<\/div>\n\t\t\t\t\t<\/div>\n\t\t<\/div>\n\t\t\t\t\t<\/div>\n\t\t<\/section>\n\t\t\t\t<\/div>\n\t\t","protected":false},"excerpt":{"rendered":"<p>YOUTH MYTH BUSTERS La sfida La riduzione della disoccupazione giovanile e la strategia per impegnare in modo efficace il maggior numero possibile di giovani in Europa nel mondo del lavoro sono al centro del programma politico dell\u2019UE. La crisi economica ha portato ad alti livelli di disoccupazione giovanile e quindi al disimpegno dei giovani. Secondo [&hellip;]<\/p>\n","protected":false},"author":4,"featured_media":0,"parent":841,"menu_order":0,"comment_status":"closed","ping_status":"closed","template":"elementor_header_footer","meta":{"footnotes":""},"class_list":["post-858","page","type-page","status-publish","hentry"],"_links":{"self":[{"href":"https:\/\/www.youthmythbusters.eu\/it\/wp-json\/wp\/v2\/pages\/858","targetHints":{"allow":["GET"]}}],"collection":[{"href":"https:\/\/www.youthmythbusters.eu\/it\/wp-json\/wp\/v2\/pages"}],"about":[{"href":"https:\/\/www.youthmythbusters.eu\/it\/wp-json\/wp\/v2\/types\/page"}],"author":[{"embeddable":true,"href":"https:\/\/www.youthmythbusters.eu\/it\/wp-json\/wp\/v2\/users\/4"}],"replies":[{"embeddable":true,"href":"https:\/\/www.youthmythbusters.eu\/it\/wp-json\/wp\/v2\/comments?post=858"}],"version-history":[{"count":0,"href":"https:\/\/www.youthmythbusters.eu\/it\/wp-json\/wp\/v2\/pages\/858\/revisions"}],"up":[{"embeddable":true,"href":"https:\/\/www.youthmythbusters.eu\/it\/wp-json\/wp\/v2\/pages\/841"}],"wp:attachment":[{"href":"https:\/\/www.youthmythbusters.eu\/it\/wp-json\/wp\/v2\/media?parent=858"}],"curies":[{"name":"wp","href":"https:\/\/api.w.org\/{rel}","templated":true}]}}