{"id":1205,"date":"2019-12-31T12:07:19","date_gmt":"2019-12-31T12:07:19","guid":{"rendered":"https:\/\/www.youthmythbusters.eu\/io4-ajanlasok-az-ifjusag-polgari-es-politikai-reszvetelenek-es-reszvetelenek-fokozasara\/"},"modified":"2021-09-29T07:22:24","modified_gmt":"2021-09-29T07:22:24","slug":"io4-ajanlasok-az-ifjusag-polgari-es-politikai-reszvetelenek-es-reszvetelenek-fokozasara","status":"publish","type":"page","link":"https:\/\/www.youthmythbusters.eu\/hu\/io4-ajanlasok-az-ifjusag-polgari-es-politikai-reszvetelenek-es-reszvetelenek-fokozasara\/","title":{"rendered":"IO4: Aj\u00e1nl\u00e1sok az ifj\u00fas\u00e1g polg\u00e1ri \u00e9s politikai r\u00e9szv\u00e9tel\u00e9nek \u00e9s r\u00e9szv\u00e9tel\u00e9nek fokoz\u00e1s\u00e1ra"},"content":{"rendered":"\t\t<div data-elementor-type=\"wp-page\" data-elementor-id=\"1205\" class=\"elementor elementor-1205 elementor-338\" data-elementor-post-type=\"page\">\n\t\t\t\t\t\t<section class=\"elementor-section elementor-top-section elementor-element elementor-element-1a206e44 elementor-section-full_width elementor-section-height-default elementor-section-height-default\" data-id=\"1a206e44\" data-element_type=\"section\" data-e-type=\"section\">\n\t\t\t\t\t\t<div class=\"elementor-container elementor-column-gap-no\">\n\t\t\t\t\t<div class=\"elementor-column elementor-col-33 elementor-top-column elementor-element elementor-element-25bdc236 only-color-yellow\" data-id=\"25bdc236\" data-element_type=\"column\" data-e-type=\"column\" data-settings=\"{&quot;background_background&quot;:&quot;classic&quot;}\">\n\t\t\t<div class=\"elementor-widget-wrap\">\n\t\t\t\t\t\t\t<\/div>\n\t\t<\/div>\n\t\t\t\t<div class=\"elementor-column elementor-col-33 elementor-top-column elementor-element elementor-element-405203b6 only-color-green\" data-id=\"405203b6\" data-element_type=\"column\" data-e-type=\"column\" data-settings=\"{&quot;background_background&quot;:&quot;classic&quot;}\">\n\t\t\t<div class=\"elementor-widget-wrap\">\n\t\t\t\t\t\t\t<\/div>\n\t\t<\/div>\n\t\t\t\t<div class=\"elementor-column elementor-col-33 elementor-top-column elementor-element elementor-element-15fe85e7 only-color-red\" data-id=\"15fe85e7\" data-element_type=\"column\" data-e-type=\"column\" data-settings=\"{&quot;background_background&quot;:&quot;classic&quot;}\">\n\t\t\t<div class=\"elementor-widget-wrap\">\n\t\t\t\t\t\t\t<\/div>\n\t\t<\/div>\n\t\t\t\t\t<\/div>\n\t\t<\/section>\n\t\t\t\t<section class=\"elementor-section elementor-top-section elementor-element elementor-element-2fd84650 elementor-section-boxed elementor-section-height-default elementor-section-height-default\" data-id=\"2fd84650\" data-element_type=\"section\" data-e-type=\"section\">\n\t\t\t\t\t\t<div class=\"elementor-container elementor-column-gap-default\">\n\t\t\t\t\t<div class=\"elementor-column elementor-col-50 elementor-top-column elementor-element elementor-element-3a63ba94\" data-id=\"3a63ba94\" data-element_type=\"column\" data-e-type=\"column\">\n\t\t\t<div class=\"elementor-widget-wrap elementor-element-populated\">\n\t\t\t\t\t\t<div class=\"elementor-element elementor-element-75887272 premium-title-flex-start premium-title-icon-row premium-title-color elementor-widget elementor-widget-premium-addon-title\" data-id=\"75887272\" data-element_type=\"widget\" data-e-type=\"widget\" data-widget_type=\"premium-addon-title.default\">\n\t\t\t\t<div class=\"elementor-widget-container\">\n\t\t\t\t\t\n\t\t<div class=\"premium-title-container style3\">\n\t\t\t<h1 class=\"premium-title-header premium-title-style3\">\n\t\t\t\t\n\t\t\t\t\t\t\t\t\t\t\t\t\t\t\t<i class=\"premium-title-icon premium-svg-nodraw premium-drawable-icon fas fa-bars\" aria-hidden=\"true\"><\/i>\n\t\t\t\t\t\t\t\t\t\n\t\t\t\t\t\t\t\t\t\t\t\t<span class=\"premium-title-text\">\n\t\t\t\t\tA EREDM\u00c9NYEK\t\t\t\t<\/span>\n\t\t\t\t\t\n\t\t\t\t\t\t\t\t\n\t\t\t\t\t\t\t<\/h1>\n\n\t\t<\/div>\n\n\t\t\t\t\t\t<\/div>\n\t\t\t\t<\/div>\n\t\t\t\t<div class=\"elementor-element elementor-element-69c2be4f elementor-nav-menu--dropdown-none elementor-widget elementor-widget-nav-menu\" data-id=\"69c2be4f\" data-element_type=\"widget\" data-e-type=\"widget\" data-settings=\"{&quot;layout&quot;:&quot;vertical&quot;,&quot;submenu_icon&quot;:{&quot;value&quot;:&quot;&lt;i class=\\&quot;fas fa-caret-down\\&quot; aria-hidden=\\&quot;true\\&quot;&gt;&lt;\\\/i&gt;&quot;,&quot;library&quot;:&quot;fa-solid&quot;}}\" data-widget_type=\"nav-menu.default\">\n\t\t\t\t<div class=\"elementor-widget-container\">\n\t\t\t\t\t\t\t\t<nav aria-label=\"Men\u00fc\" class=\"elementor-nav-menu--main elementor-nav-menu__container elementor-nav-menu--layout-vertical e--pointer-background e--animation-fade\">\n\t\t\t\t<ul id=\"menu-1-69c2be4f\" class=\"elementor-nav-menu sm-vertical\"><li class=\"menu-item menu-item-type-post_type menu-item-object-page menu-item-1267\"><a href=\"https:\/\/www.youthmythbusters.eu\/hu\/io1-kapacitasepito-program-a-fiatal-vezetok-szamara\/\" class=\"elementor-item\">IO1: Kapacit\u00e1s\u00e9p\u00edt\u0151 program a fiatal vezet\u0151k sz\u00e1m\u00e1ra<\/a><\/li>\n<li class=\"menu-item menu-item-type-post_type menu-item-object-page menu-item-1268\"><a href=\"https:\/\/www.youthmythbusters.eu\/hu\/iq2-e-learning-felulet\/\" class=\"elementor-item\">IQ2: E-learning fel\u00fclet<\/a><\/li>\n<li class=\"menu-item menu-item-type-post_type menu-item-object-page menu-item-1269\"><a href=\"https:\/\/www.youthmythbusters.eu\/hu\/io3-eszkoztar-a-kortars-mitoszirto-akciokrol\/\" class=\"elementor-item\">IO3: Eszk\u00f6zt\u00e1r a kort\u00e1rs m\u00edtoszirt\u00f3 akci\u00f3kr\u00f3l<\/a><\/li>\n<li class=\"menu-item menu-item-type-post_type menu-item-object-page menu-item-1270\"><a href=\"https:\/\/www.youthmythbusters.eu\/hu\/io4-ajanlasok-az-ifjusag-polgari-es-politikai-reszvetelenek-es-reszvetelenek-fokozasara\/\" class=\"elementor-item\">IO4: Aj\u00e1nl\u00e1sok az ifj\u00fas\u00e1g polg\u00e1ri \u00e9s politikai r\u00e9szv\u00e9tel\u00e9nek \u00e9s r\u00e9szv\u00e9tel\u00e9nek fokoz\u00e1s\u00e1ra<\/a><\/li>\n<\/ul>\t\t\t<\/nav>\n\t\t\t\t\t\t<nav class=\"elementor-nav-menu--dropdown elementor-nav-menu__container\" aria-hidden=\"true\">\n\t\t\t\t<ul id=\"menu-2-69c2be4f\" class=\"elementor-nav-menu sm-vertical\"><li class=\"menu-item menu-item-type-post_type menu-item-object-page menu-item-1267\"><a href=\"https:\/\/www.youthmythbusters.eu\/hu\/io1-kapacitasepito-program-a-fiatal-vezetok-szamara\/\" class=\"elementor-item\" tabindex=\"-1\">IO1: Kapacit\u00e1s\u00e9p\u00edt\u0151 program a fiatal vezet\u0151k sz\u00e1m\u00e1ra<\/a><\/li>\n<li class=\"menu-item menu-item-type-post_type menu-item-object-page menu-item-1268\"><a href=\"https:\/\/www.youthmythbusters.eu\/hu\/iq2-e-learning-felulet\/\" class=\"elementor-item\" tabindex=\"-1\">IQ2: E-learning fel\u00fclet<\/a><\/li>\n<li class=\"menu-item menu-item-type-post_type menu-item-object-page menu-item-1269\"><a href=\"https:\/\/www.youthmythbusters.eu\/hu\/io3-eszkoztar-a-kortars-mitoszirto-akciokrol\/\" class=\"elementor-item\" tabindex=\"-1\">IO3: Eszk\u00f6zt\u00e1r a kort\u00e1rs m\u00edtoszirt\u00f3 akci\u00f3kr\u00f3l<\/a><\/li>\n<li class=\"menu-item menu-item-type-post_type menu-item-object-page menu-item-1270\"><a href=\"https:\/\/www.youthmythbusters.eu\/hu\/io4-ajanlasok-az-ifjusag-polgari-es-politikai-reszvetelenek-es-reszvetelenek-fokozasara\/\" class=\"elementor-item\" tabindex=\"-1\">IO4: Aj\u00e1nl\u00e1sok az ifj\u00fas\u00e1g polg\u00e1ri \u00e9s politikai r\u00e9szv\u00e9tel\u00e9nek \u00e9s r\u00e9szv\u00e9tel\u00e9nek fokoz\u00e1s\u00e1ra<\/a><\/li>\n<\/ul>\t\t\t<\/nav>\n\t\t\t\t\t\t<\/div>\n\t\t\t\t<\/div>\n\t\t\t\t\t<\/div>\n\t\t<\/div>\n\t\t\t\t<div class=\"elementor-column elementor-col-50 elementor-top-column elementor-element elementor-element-3bbc6006\" data-id=\"3bbc6006\" data-element_type=\"column\" data-e-type=\"column\">\n\t\t\t<div class=\"elementor-widget-wrap elementor-element-populated\">\n\t\t\t\t\t\t<div class=\"elementor-element elementor-element-63f08cc9 elementor-widget elementor-widget-text-editor\" data-id=\"63f08cc9\" data-element_type=\"widget\" data-e-type=\"widget\" data-widget_type=\"text-editor.default\">\n\t\t\t\t<div class=\"elementor-widget-container\">\n\t\t\t\t\t\t\t\t\t<p>\u00c1tfog\u00f3 aj\u00e1nl\u00e1si dokumentumok nemzeti \u00e9s eur\u00f3pai szinten a fiatalok \u00e1llampolg\u00e1ri \u00e9s politikai elk\u00f6telezetts\u00e9g\u00e9nek el\u0151mozd\u00edt\u00e1sa \u00e9rdek\u00e9ben.<\/p>\n\t\t\t\t\t\t\t\t<\/div>\n\t\t\t\t<\/div>\n\t\t\t\t\t<\/div>\n\t\t<\/div>\n\t\t\t\t\t<\/div>\n\t\t<\/section>\n\t\t\t\t<section class=\"elementor-section elementor-top-section elementor-element elementor-element-3048ee92 elementor-section-boxed elementor-section-height-default elementor-section-height-default\" data-id=\"3048ee92\" data-element_type=\"section\" data-e-type=\"section\" data-settings=\"{&quot;background_background&quot;:&quot;classic&quot;}\">\n\t\t\t\t\t\t<div class=\"elementor-container elementor-column-gap-default\">\n\t\t\t\t\t<div class=\"elementor-column elementor-col-100 elementor-top-column elementor-element elementor-element-4b4e8ab4\" data-id=\"4b4e8ab4\" data-element_type=\"column\" data-e-type=\"column\">\n\t\t\t<div class=\"elementor-widget-wrap elementor-element-populated\">\n\t\t\t\t\t\t<section class=\"elementor-section elementor-inner-section elementor-element elementor-element-79cdc017 elementor-section-content-middle elementor-hidden-phone elementor-section-boxed elementor-section-height-default elementor-section-height-default\" data-id=\"79cdc017\" data-element_type=\"section\" data-e-type=\"section\">\n\t\t\t\t\t\t<div class=\"elementor-container elementor-column-gap-default\">\n\t\t\t\t\t<div class=\"elementor-column elementor-col-33 elementor-inner-column elementor-element elementor-element-5bf1dcdb\" data-id=\"5bf1dcdb\" data-element_type=\"column\" data-e-type=\"column\">\n\t\t\t<div class=\"elementor-widget-wrap elementor-element-populated\">\n\t\t\t\t\t\t<div class=\"elementor-element elementor-element-26f71962 elementor-widget elementor-widget-image\" data-id=\"26f71962\" data-element_type=\"widget\" data-e-type=\"widget\" data-widget_type=\"image.default\">\n\t\t\t\t<div class=\"elementor-widget-container\">\n\t\t\t\t\t\t\t\t\t\t\t\t\t\t\t<img decoding=\"async\" src=\"https:\/\/www.youthmythbusters.eu\/wp-content\/uploads\/elementor\/thumbs\/pdf-file-ohrqc1fq8hvgc7v4blocl5wg3nuyo4i1zeso5ev70y.png\" title=\"pdf-file.png\" alt=\"pdf-file.png\" loading=\"lazy\" \/>\t\t\t\t\t\t\t\t\t\t\t\t\t\t\t<\/div>\n\t\t\t\t<\/div>\n\t\t\t\t\t<\/div>\n\t\t<\/div>\n\t\t\t\t<div class=\"elementor-column elementor-col-33 elementor-inner-column elementor-element elementor-element-610d0da4\" data-id=\"610d0da4\" data-element_type=\"column\" data-e-type=\"column\">\n\t\t\t<div class=\"elementor-widget-wrap elementor-element-populated\">\n\t\t\t\t\t\t<div class=\"elementor-element elementor-element-4e211ce5 elementor-widget elementor-widget-text-editor\" data-id=\"4e211ce5\" data-element_type=\"widget\" data-e-type=\"widget\" data-widget_type=\"text-editor.default\">\n\t\t\t\t<div class=\"elementor-widget-container\">\n\t\t\t\t\t\t\t\t\t<p>Mell\u00e9klet \/ c\u00edm \/ le\u00edr\u00e1s (PDF f\u00e1jl &#8211; 2 Mb)<\/p>\n\t\t\t\t\t\t\t\t<\/div>\n\t\t\t\t<\/div>\n\t\t\t\t\t<\/div>\n\t\t<\/div>\n\t\t\t\t<div class=\"elementor-column elementor-col-33 elementor-inner-column elementor-element elementor-element-678ac519\" data-id=\"678ac519\" data-element_type=\"column\" data-e-type=\"column\">\n\t\t\t<div class=\"elementor-widget-wrap elementor-element-populated\">\n\t\t\t\t\t\t<div class=\"elementor-element elementor-element-502b529f elementor-view-default elementor-widget elementor-widget-icon\" data-id=\"502b529f\" data-element_type=\"widget\" data-e-type=\"widget\" data-widget_type=\"icon.default\">\n\t\t\t\t<div class=\"elementor-widget-container\">\n\t\t\t\t\t\t\t<div class=\"elementor-icon-wrapper\">\n\t\t\t<a class=\"elementor-icon\" href=\"https:\/\/www.youthmythbusters.eu\/wp-content\/uploads\/2021\/09\/IO4_European-recommendation_YMB_final.pdf\" target=\"_blank\">\n\t\t\t<i aria-hidden=\"true\" class=\"fas fa-download\"><\/i>\t\t\t<\/a>\n\t\t<\/div>\n\t\t\t\t\t\t<\/div>\n\t\t\t\t<\/div>\n\t\t\t\t\t<\/div>\n\t\t<\/div>\n\t\t\t\t\t<\/div>\n\t\t<\/section>\n\t\t\t\t<section class=\"elementor-section elementor-inner-section elementor-element elementor-element-2872f78b elementor-section-content-middle elementor-hidden-desktop elementor-hidden-tablet elementor-hidden-phone elementor-section-boxed elementor-section-height-default elementor-section-height-default\" data-id=\"2872f78b\" data-element_type=\"section\" data-e-type=\"section\">\n\t\t\t\t\t\t<div class=\"elementor-container elementor-column-gap-default\">\n\t\t\t\t\t<div class=\"elementor-column elementor-col-33 elementor-inner-column elementor-element elementor-element-37b649e0\" data-id=\"37b649e0\" data-element_type=\"column\" data-e-type=\"column\">\n\t\t\t<div class=\"elementor-widget-wrap elementor-element-populated\">\n\t\t\t\t\t\t<div class=\"elementor-element elementor-element-2775409c elementor-widget elementor-widget-image\" data-id=\"2775409c\" data-element_type=\"widget\" data-e-type=\"widget\" data-widget_type=\"image.default\">\n\t\t\t\t<div class=\"elementor-widget-container\">\n\t\t\t\t\t\t\t\t\t\t\t\t\t\t\t<img decoding=\"async\" src=\"https:\/\/www.youthmythbusters.eu\/wp-content\/uploads\/elementor\/thumbs\/pdf-file-ohrqc1fq8hvgc7v4blocl5wg3nuyo4i1zeso5ev70y.png\" title=\"pdf-file.png\" alt=\"pdf-file.png\" loading=\"lazy\" \/>\t\t\t\t\t\t\t\t\t\t\t\t\t\t\t<\/div>\n\t\t\t\t<\/div>\n\t\t\t\t\t<\/div>\n\t\t<\/div>\n\t\t\t\t<div class=\"elementor-column elementor-col-33 elementor-inner-column elementor-element elementor-element-56836804\" data-id=\"56836804\" data-element_type=\"column\" data-e-type=\"column\">\n\t\t\t<div class=\"elementor-widget-wrap elementor-element-populated\">\n\t\t\t\t\t\t<div class=\"elementor-element elementor-element-c39c49a elementor-widget elementor-widget-text-editor\" data-id=\"c39c49a\" data-element_type=\"widget\" data-e-type=\"widget\" data-widget_type=\"text-editor.default\">\n\t\t\t\t<div class=\"elementor-widget-container\">\n\t\t\t\t\t\t\t\t\t<p>Mell\u00e9klet \/ c\u00edm \/ le\u00edr\u00e1s (PDF f\u00e1jl &#8211; 200 Kb)<\/p>\n\t\t\t\t\t\t\t\t<\/div>\n\t\t\t\t<\/div>\n\t\t\t\t\t<\/div>\n\t\t<\/div>\n\t\t\t\t<div class=\"elementor-column elementor-col-33 elementor-inner-column elementor-element elementor-element-343d8675\" data-id=\"343d8675\" data-element_type=\"column\" data-e-type=\"column\">\n\t\t\t<div class=\"elementor-widget-wrap elementor-element-populated\">\n\t\t\t\t\t\t<div class=\"elementor-element elementor-element-6fc6abd6 elementor-view-default elementor-widget elementor-widget-icon\" data-id=\"6fc6abd6\" data-element_type=\"widget\" data-e-type=\"widget\" data-widget_type=\"icon.default\">\n\t\t\t\t<div class=\"elementor-widget-container\">\n\t\t\t\t\t\t\t<div class=\"elementor-icon-wrapper\">\n\t\t\t<a class=\"elementor-icon\" href=\"https:\/\/www.youthmythbusters.eu\/wp-content\/uploads\/2019\/12\/Allegato-prova.pdf\" target=\"_blank\">\n\t\t\t<i aria-hidden=\"true\" class=\"fas fa-download\"><\/i>\t\t\t<\/a>\n\t\t<\/div>\n\t\t\t\t\t\t<\/div>\n\t\t\t\t<\/div>\n\t\t\t\t\t<\/div>\n\t\t<\/div>\n\t\t\t\t\t<\/div>\n\t\t<\/section>\n\t\t\t\t\t<\/div>\n\t\t<\/div>\n\t\t\t\t\t<\/div>\n\t\t<\/section>\n\t\t\t\t<\/div>\n\t\t","protected":false},"excerpt":{"rendered":"<p>A EREDM\u00c9NYEK YOUTH MYTH BUSTERSIO 4 Aj\u00e1nl\u00e1sok az ifj\u00fas\u00e1g polg\u00e1ri \u00e9s politikai r\u00e9szv\u00e9tel\u00e9nek \u00e9s r\u00e9szv\u00e9tel\u00e9nek fokoz\u00e1s\u00e1ra \u00c1tfog\u00f3 aj\u00e1nl\u00e1si dokumentumok nemzeti \u00e9s eur\u00f3pai szinten a fiatalok \u00e1llampolg\u00e1ri \u00e9s politikai elk\u00f6telezetts\u00e9g\u00e9nek el\u0151mozd\u00edt\u00e1sa \u00e9rdek\u00e9ben. YOUTH MYTH BUSTERS Let\u00f6lt\u00e9si ter\u00fclet Mell\u00e9klet \/ c\u00edm \/ le\u00edr\u00e1s (PDF f\u00e1jl &#8211; 2 Mb) Mell\u00e9klet \/ c\u00edm \/ le\u00edr\u00e1s (PDF f\u00e1jl &#8211; 200 [&hellip;]<\/p>\n","protected":false},"author":4,"featured_media":0,"parent":0,"menu_order":0,"comment_status":"closed","ping_status":"closed","template":"","meta":{"footnotes":""},"class_list":["post-1205","page","type-page","status-publish","hentry"],"_links":{"self":[{"href":"https:\/\/www.youthmythbusters.eu\/hu\/wp-json\/wp\/v2\/pages\/1205","targetHints":{"allow":["GET"]}}],"collection":[{"href":"https:\/\/www.youthmythbusters.eu\/hu\/wp-json\/wp\/v2\/pages"}],"about":[{"href":"https:\/\/www.youthmythbusters.eu\/hu\/wp-json\/wp\/v2\/types\/page"}],"author":[{"embeddable":true,"href":"https:\/\/www.youthmythbusters.eu\/hu\/wp-json\/wp\/v2\/users\/4"}],"replies":[{"embeddable":true,"href":"https:\/\/www.youthmythbusters.eu\/hu\/wp-json\/wp\/v2\/comments?post=1205"}],"version-history":[{"count":0,"href":"https:\/\/www.youthmythbusters.eu\/hu\/wp-json\/wp\/v2\/pages\/1205\/revisions"}],"wp:attachment":[{"href":"https:\/\/www.youthmythbusters.eu\/hu\/wp-json\/wp\/v2\/media?parent=1205"}],"curies":[{"name":"wp","href":"https:\/\/api.w.org\/{rel}","templated":true}]}}