{"id":1201,"date":"2019-12-31T12:02:56","date_gmt":"2019-12-31T12:02:56","guid":{"rendered":"https:\/\/www.youthmythbusters.eu\/iq2-e-learning-felulet\/"},"modified":"2021-09-29T06:52:37","modified_gmt":"2021-09-29T06:52:37","slug":"iq2-e-learning-felulet","status":"publish","type":"page","link":"https:\/\/www.youthmythbusters.eu\/hu\/iq2-e-learning-felulet\/","title":{"rendered":"IQ2: E-learning fel\u00fclet"},"content":{"rendered":"\t\t<div data-elementor-type=\"wp-page\" data-elementor-id=\"1201\" class=\"elementor elementor-1201 elementor-336\" data-elementor-post-type=\"page\">\n\t\t\t\t\t\t<section class=\"elementor-section elementor-top-section elementor-element elementor-element-6df59fe3 elementor-section-full_width elementor-section-height-default elementor-section-height-default\" data-id=\"6df59fe3\" data-element_type=\"section\" data-e-type=\"section\">\n\t\t\t\t\t\t<div class=\"elementor-container elementor-column-gap-no\">\n\t\t\t\t\t<div class=\"elementor-column elementor-col-33 elementor-top-column elementor-element elementor-element-15f01fd5 only-color-yellow\" data-id=\"15f01fd5\" data-element_type=\"column\" data-e-type=\"column\" data-settings=\"{&quot;background_background&quot;:&quot;classic&quot;}\">\n\t\t\t<div class=\"elementor-widget-wrap\">\n\t\t\t\t\t\t\t<\/div>\n\t\t<\/div>\n\t\t\t\t<div class=\"elementor-column elementor-col-33 elementor-top-column elementor-element elementor-element-1b67bef1 only-color-green\" data-id=\"1b67bef1\" data-element_type=\"column\" data-e-type=\"column\" data-settings=\"{&quot;background_background&quot;:&quot;classic&quot;}\">\n\t\t\t<div class=\"elementor-widget-wrap\">\n\t\t\t\t\t\t\t<\/div>\n\t\t<\/div>\n\t\t\t\t<div class=\"elementor-column elementor-col-33 elementor-top-column elementor-element elementor-element-1dfc343f only-color-red\" data-id=\"1dfc343f\" data-element_type=\"column\" data-e-type=\"column\" data-settings=\"{&quot;background_background&quot;:&quot;classic&quot;}\">\n\t\t\t<div class=\"elementor-widget-wrap\">\n\t\t\t\t\t\t\t<\/div>\n\t\t<\/div>\n\t\t\t\t\t<\/div>\n\t\t<\/section>\n\t\t\t\t<section class=\"elementor-section elementor-top-section elementor-element elementor-element-7fea1d61 elementor-section-boxed elementor-section-height-default elementor-section-height-default\" data-id=\"7fea1d61\" data-element_type=\"section\" data-e-type=\"section\">\n\t\t\t\t\t\t<div class=\"elementor-container elementor-column-gap-default\">\n\t\t\t\t\t<div class=\"elementor-column elementor-col-50 elementor-top-column elementor-element elementor-element-4f69bda1\" data-id=\"4f69bda1\" data-element_type=\"column\" data-e-type=\"column\">\n\t\t\t<div class=\"elementor-widget-wrap elementor-element-populated\">\n\t\t\t\t\t\t<div class=\"elementor-element elementor-element-1c1ab93c premium-title-flex-start premium-title-icon-row premium-title-color elementor-widget elementor-widget-premium-addon-title\" data-id=\"1c1ab93c\" data-element_type=\"widget\" data-e-type=\"widget\" data-widget_type=\"premium-addon-title.default\">\n\t\t\t\t<div class=\"elementor-widget-container\">\n\t\t\t\t\t\n\t\t<div class=\"premium-title-container style3\">\n\t\t\t<h1 class=\"premium-title-header premium-title-style3\">\n\t\t\t\t\n\t\t\t\t\t\t\t\t\t\t\t\t\t\t\t<i class=\"premium-title-icon premium-svg-nodraw premium-drawable-icon fas fa-bars\" aria-hidden=\"true\"><\/i>\n\t\t\t\t\t\t\t\t\t\n\t\t\t\t\t\t\t\t\t\t\t\t<span class=\"premium-title-text\">\n\t\t\t\t\tA EREDM\u00c9NYEK\t\t\t\t<\/span>\n\t\t\t\t\t\n\t\t\t\t\t\t\t\t\n\t\t\t\t\t\t\t<\/h1>\n\n\t\t<\/div>\n\n\t\t\t\t\t\t<\/div>\n\t\t\t\t<\/div>\n\t\t\t\t<div class=\"elementor-element elementor-element-2d4864a6 elementor-nav-menu--dropdown-none elementor-widget elementor-widget-nav-menu\" data-id=\"2d4864a6\" data-element_type=\"widget\" data-e-type=\"widget\" data-settings=\"{&quot;layout&quot;:&quot;vertical&quot;,&quot;submenu_icon&quot;:{&quot;value&quot;:&quot;&lt;i class=\\&quot;fas fa-caret-down\\&quot; aria-hidden=\\&quot;true\\&quot;&gt;&lt;\\\/i&gt;&quot;,&quot;library&quot;:&quot;fa-solid&quot;}}\" data-widget_type=\"nav-menu.default\">\n\t\t\t\t<div class=\"elementor-widget-container\">\n\t\t\t\t\t\t\t\t<nav aria-label=\"Men\u00fc\" class=\"elementor-nav-menu--main elementor-nav-menu__container elementor-nav-menu--layout-vertical e--pointer-background e--animation-fade\">\n\t\t\t\t<ul id=\"menu-1-2d4864a6\" class=\"elementor-nav-menu sm-vertical\"><li class=\"menu-item menu-item-type-post_type menu-item-object-page menu-item-1267\"><a href=\"https:\/\/www.youthmythbusters.eu\/hu\/io1-kapacitasepito-program-a-fiatal-vezetok-szamara\/\" class=\"elementor-item\">IO1: Kapacit\u00e1s\u00e9p\u00edt\u0151 program a fiatal vezet\u0151k sz\u00e1m\u00e1ra<\/a><\/li>\n<li class=\"menu-item menu-item-type-post_type menu-item-object-page menu-item-1268\"><a href=\"https:\/\/www.youthmythbusters.eu\/hu\/iq2-e-learning-felulet\/\" class=\"elementor-item\">IQ2: E-learning fel\u00fclet<\/a><\/li>\n<li class=\"menu-item menu-item-type-post_type menu-item-object-page menu-item-1269\"><a href=\"https:\/\/www.youthmythbusters.eu\/hu\/io3-eszkoztar-a-kortars-mitoszirto-akciokrol\/\" class=\"elementor-item\">IO3: Eszk\u00f6zt\u00e1r a kort\u00e1rs m\u00edtoszirt\u00f3 akci\u00f3kr\u00f3l<\/a><\/li>\n<li class=\"menu-item menu-item-type-post_type menu-item-object-page menu-item-1270\"><a href=\"https:\/\/www.youthmythbusters.eu\/hu\/io4-ajanlasok-az-ifjusag-polgari-es-politikai-reszvetelenek-es-reszvetelenek-fokozasara\/\" class=\"elementor-item\">IO4: Aj\u00e1nl\u00e1sok az ifj\u00fas\u00e1g polg\u00e1ri \u00e9s politikai r\u00e9szv\u00e9tel\u00e9nek \u00e9s r\u00e9szv\u00e9tel\u00e9nek fokoz\u00e1s\u00e1ra<\/a><\/li>\n<\/ul>\t\t\t<\/nav>\n\t\t\t\t\t\t<nav class=\"elementor-nav-menu--dropdown elementor-nav-menu__container\" aria-hidden=\"true\">\n\t\t\t\t<ul id=\"menu-2-2d4864a6\" class=\"elementor-nav-menu sm-vertical\"><li class=\"menu-item menu-item-type-post_type menu-item-object-page menu-item-1267\"><a href=\"https:\/\/www.youthmythbusters.eu\/hu\/io1-kapacitasepito-program-a-fiatal-vezetok-szamara\/\" class=\"elementor-item\" tabindex=\"-1\">IO1: Kapacit\u00e1s\u00e9p\u00edt\u0151 program a fiatal vezet\u0151k sz\u00e1m\u00e1ra<\/a><\/li>\n<li class=\"menu-item menu-item-type-post_type menu-item-object-page menu-item-1268\"><a href=\"https:\/\/www.youthmythbusters.eu\/hu\/iq2-e-learning-felulet\/\" class=\"elementor-item\" tabindex=\"-1\">IQ2: E-learning fel\u00fclet<\/a><\/li>\n<li class=\"menu-item menu-item-type-post_type menu-item-object-page menu-item-1269\"><a href=\"https:\/\/www.youthmythbusters.eu\/hu\/io3-eszkoztar-a-kortars-mitoszirto-akciokrol\/\" class=\"elementor-item\" tabindex=\"-1\">IO3: Eszk\u00f6zt\u00e1r a kort\u00e1rs m\u00edtoszirt\u00f3 akci\u00f3kr\u00f3l<\/a><\/li>\n<li class=\"menu-item menu-item-type-post_type menu-item-object-page menu-item-1270\"><a href=\"https:\/\/www.youthmythbusters.eu\/hu\/io4-ajanlasok-az-ifjusag-polgari-es-politikai-reszvetelenek-es-reszvetelenek-fokozasara\/\" class=\"elementor-item\" tabindex=\"-1\">IO4: Aj\u00e1nl\u00e1sok az ifj\u00fas\u00e1g polg\u00e1ri \u00e9s politikai r\u00e9szv\u00e9tel\u00e9nek \u00e9s r\u00e9szv\u00e9tel\u00e9nek fokoz\u00e1s\u00e1ra<\/a><\/li>\n<\/ul>\t\t\t<\/nav>\n\t\t\t\t\t\t<\/div>\n\t\t\t\t<\/div>\n\t\t\t\t\t<\/div>\n\t\t<\/div>\n\t\t\t\t<div class=\"elementor-column elementor-col-50 elementor-top-column elementor-element elementor-element-6673480f\" data-id=\"6673480f\" data-element_type=\"column\" data-e-type=\"column\">\n\t\t\t<div class=\"elementor-widget-wrap elementor-element-populated\">\n\t\t\t\t\t\t<div class=\"elementor-element elementor-element-4ebcfdf4 elementor-widget elementor-widget-text-editor\" data-id=\"4ebcfdf4\" data-element_type=\"widget\" data-e-type=\"widget\" data-widget_type=\"text-editor.default\">\n\t\t\t\t<div class=\"elementor-widget-container\">\n\t\t\t\t\t\t\t\t\t<p>Ez a fel\u00fclet e-learning eszk\u00f6zk\u00e9nt szolg\u00e1l majd a fiatal influencerek sz\u00e1m\u00e1ra (ide\u00e9rtve a tr\u00e9ningprogramot), valamint egy olyan online t\u00e9rk\u00e9nt is szolg\u00e1l, ahol a KMRF csoportok \u00e9s m\u00e1s vesz\u00e9lyeztetett fiatalok besz\u00e9lgethetnek, egy\u00fcttm\u0171k\u00f6dhetnek a fiatal influencerekkel egy er\u0151s h\u00e1l\u00f3zat kialak\u00edt\u00e1sa \u00e9rdek\u00e9ben.<\/p>\n<p>Az e-tanul\u00e1si platform emellett egy online hely lesz, ahol az \u00f6sszes r\u00e9sztvev\u0151, az eur\u00f3pai \u00e9s a nemzeti tan\u00e1csad\u00f3 csoportok kommunik\u00e1lhatnak egym\u00e1ssal a m\u00edtoszirt\u00f3 tev\u00e9kenys\u00e9gek hat\u00e9kony v\u00e9grehajt\u00e1s\u00e1nak biztos\u00edt\u00e1sa \u00e9rdek\u00e9ben.<\/p>\n\t\t\t\t\t\t\t\t<\/div>\n\t\t\t\t<\/div>\n\t\t\t\t\t<\/div>\n\t\t<\/div>\n\t\t\t\t\t<\/div>\n\t\t<\/section>\n\t\t\t\t<section class=\"elementor-section elementor-top-section elementor-element elementor-element-487ccb1f elementor-section-boxed elementor-section-height-default elementor-section-height-default\" data-id=\"487ccb1f\" data-element_type=\"section\" data-e-type=\"section\" data-settings=\"{&quot;background_background&quot;:&quot;classic&quot;}\">\n\t\t\t\t\t\t<div class=\"elementor-container elementor-column-gap-default\">\n\t\t\t\t\t<div class=\"elementor-column elementor-col-100 elementor-top-column elementor-element elementor-element-480ae436\" data-id=\"480ae436\" data-element_type=\"column\" data-e-type=\"column\">\n\t\t\t<div class=\"elementor-widget-wrap elementor-element-populated\">\n\t\t\t\t\t\t<section class=\"elementor-section elementor-inner-section elementor-element elementor-element-78076a4 elementor-section-content-middle elementor-hidden-phone elementor-section-boxed elementor-section-height-default elementor-section-height-default\" data-id=\"78076a4\" data-element_type=\"section\" data-e-type=\"section\">\n\t\t\t\t\t\t<div class=\"elementor-container elementor-column-gap-default\">\n\t\t\t\t\t<div class=\"elementor-column elementor-col-33 elementor-inner-column elementor-element elementor-element-5d085e29\" data-id=\"5d085e29\" data-element_type=\"column\" data-e-type=\"column\">\n\t\t\t<div class=\"elementor-widget-wrap elementor-element-populated\">\n\t\t\t\t\t\t<div class=\"elementor-element elementor-element-7f55daa2 elementor-widget elementor-widget-image\" data-id=\"7f55daa2\" data-element_type=\"widget\" data-e-type=\"widget\" data-widget_type=\"image.default\">\n\t\t\t\t<div class=\"elementor-widget-container\">\n\t\t\t\t\t\t\t\t\t\t\t\t\t\t\t<img decoding=\"async\" src=\"https:\/\/www.youthmythbusters.eu\/wp-content\/uploads\/elementor\/thumbs\/853272-pdtda98932itet1oeg4b7srsla6x9baxfpmyfc44dc.png\" title=\"853272\" alt=\"853272\" loading=\"lazy\" \/>\t\t\t\t\t\t\t\t\t\t\t\t\t\t\t<\/div>\n\t\t\t\t<\/div>\n\t\t\t\t\t<\/div>\n\t\t<\/div>\n\t\t\t\t<div class=\"elementor-column elementor-col-33 elementor-inner-column elementor-element elementor-element-157a7f8\" data-id=\"157a7f8\" data-element_type=\"column\" data-e-type=\"column\">\n\t\t\t<div class=\"elementor-widget-wrap elementor-element-populated\">\n\t\t\t\t\t\t<div class=\"elementor-element elementor-element-3a4beb23 elementor-widget elementor-widget-text-editor\" data-id=\"3a4beb23\" data-element_type=\"widget\" data-e-type=\"widget\" data-widget_type=\"text-editor.default\">\n\t\t\t\t<div class=\"elementor-widget-container\">\n\t\t\t\t\t\t\t\t\t<p>E-learning Platform<\/p>\n\t\t\t\t\t\t\t\t<\/div>\n\t\t\t\t<\/div>\n\t\t\t\t\t<\/div>\n\t\t<\/div>\n\t\t\t\t<div class=\"elementor-column elementor-col-33 elementor-inner-column elementor-element elementor-element-4b3637df\" data-id=\"4b3637df\" data-element_type=\"column\" data-e-type=\"column\">\n\t\t\t<div class=\"elementor-widget-wrap elementor-element-populated\">\n\t\t\t\t\t\t<div class=\"elementor-element elementor-element-30bfcdf3 elementor-view-default elementor-widget elementor-widget-icon\" data-id=\"30bfcdf3\" data-element_type=\"widget\" data-e-type=\"widget\" data-widget_type=\"icon.default\">\n\t\t\t\t<div class=\"elementor-widget-container\">\n\t\t\t\t\t\t\t<div class=\"elementor-icon-wrapper\">\n\t\t\t<a class=\"elementor-icon\" href=\"https:\/\/elearning.youthmythbusters.eu\" target=\"_blank\">\n\t\t\t<i aria-hidden=\"true\" class=\"fas fa-graduation-cap\"><\/i>\t\t\t<\/a>\n\t\t<\/div>\n\t\t\t\t\t\t<\/div>\n\t\t\t\t<\/div>\n\t\t\t\t\t<\/div>\n\t\t<\/div>\n\t\t\t\t\t<\/div>\n\t\t<\/section>\n\t\t\t\t<section class=\"elementor-section elementor-inner-section elementor-element elementor-element-2f9dd2b3 elementor-section-content-middle elementor-hidden-desktop elementor-hidden-tablet elementor-hidden-phone elementor-section-boxed elementor-section-height-default elementor-section-height-default\" data-id=\"2f9dd2b3\" data-element_type=\"section\" data-e-type=\"section\">\n\t\t\t\t\t\t<div class=\"elementor-container elementor-column-gap-default\">\n\t\t\t\t\t<div class=\"elementor-column elementor-col-33 elementor-inner-column elementor-element elementor-element-5cd8f32b\" data-id=\"5cd8f32b\" data-element_type=\"column\" data-e-type=\"column\">\n\t\t\t<div class=\"elementor-widget-wrap elementor-element-populated\">\n\t\t\t\t\t\t<div class=\"elementor-element elementor-element-29c9b8a0 elementor-widget elementor-widget-image\" data-id=\"29c9b8a0\" data-element_type=\"widget\" data-e-type=\"widget\" data-widget_type=\"image.default\">\n\t\t\t\t<div class=\"elementor-widget-container\">\n\t\t\t\t\t\t\t\t\t\t\t\t\t\t\t<img decoding=\"async\" src=\"https:\/\/www.youthmythbusters.eu\/wp-content\/uploads\/elementor\/thumbs\/pdf-file-ohrqc1fq8hvgc7v4blocl5wg3nuyo4i1zeso5ev70y.png\" title=\"pdf-file.png\" alt=\"pdf-file.png\" loading=\"lazy\" \/>\t\t\t\t\t\t\t\t\t\t\t\t\t\t\t<\/div>\n\t\t\t\t<\/div>\n\t\t\t\t\t<\/div>\n\t\t<\/div>\n\t\t\t\t<div class=\"elementor-column elementor-col-33 elementor-inner-column elementor-element elementor-element-710d7004\" data-id=\"710d7004\" data-element_type=\"column\" data-e-type=\"column\">\n\t\t\t<div class=\"elementor-widget-wrap elementor-element-populated\">\n\t\t\t\t\t\t<div class=\"elementor-element elementor-element-6fb58045 elementor-widget elementor-widget-text-editor\" data-id=\"6fb58045\" data-element_type=\"widget\" data-e-type=\"widget\" data-widget_type=\"text-editor.default\">\n\t\t\t\t<div class=\"elementor-widget-container\">\n\t\t\t\t\t\t\t\t\t<p>Mell\u00e9klet \/ c\u00edm \/ le\u00edr\u00e1s (PDF f\u00e1jl &#8211; 200 Kb)<\/p>\n\t\t\t\t\t\t\t\t<\/div>\n\t\t\t\t<\/div>\n\t\t\t\t\t<\/div>\n\t\t<\/div>\n\t\t\t\t<div class=\"elementor-column elementor-col-33 elementor-inner-column elementor-element elementor-element-64314375\" data-id=\"64314375\" data-element_type=\"column\" data-e-type=\"column\">\n\t\t\t<div class=\"elementor-widget-wrap elementor-element-populated\">\n\t\t\t\t\t\t<div class=\"elementor-element elementor-element-4a860f6c elementor-view-default elementor-widget elementor-widget-icon\" data-id=\"4a860f6c\" data-element_type=\"widget\" data-e-type=\"widget\" data-widget_type=\"icon.default\">\n\t\t\t\t<div class=\"elementor-widget-container\">\n\t\t\t\t\t\t\t<div class=\"elementor-icon-wrapper\">\n\t\t\t<a class=\"elementor-icon\" href=\"https:\/\/www.youthmythbusters.eu\/wp-content\/uploads\/2019\/12\/Allegato-prova.pdf\" target=\"_blank\">\n\t\t\t<i aria-hidden=\"true\" class=\"fas fa-download\"><\/i>\t\t\t<\/a>\n\t\t<\/div>\n\t\t\t\t\t\t<\/div>\n\t\t\t\t<\/div>\n\t\t\t\t\t<\/div>\n\t\t<\/div>\n\t\t\t\t\t<\/div>\n\t\t<\/section>\n\t\t\t\t\t<\/div>\n\t\t<\/div>\n\t\t\t\t\t<\/div>\n\t\t<\/section>\n\t\t\t\t<\/div>\n\t\t","protected":false},"excerpt":{"rendered":"<p>A EREDM\u00c9NYEK YOUTH MYTH BUSTERSIO 2 E-learning fel\u00fclet Ez a fel\u00fclet e-learning eszk\u00f6zk\u00e9nt szolg\u00e1l majd a fiatal influencerek sz\u00e1m\u00e1ra (ide\u00e9rtve a tr\u00e9ningprogramot), valamint egy olyan online t\u00e9rk\u00e9nt is szolg\u00e1l, ahol a KMRF csoportok \u00e9s m\u00e1s vesz\u00e9lyeztetett fiatalok besz\u00e9lgethetnek, egy\u00fcttm\u0171k\u00f6dhetnek a fiatal influencerekkel egy er\u0151s h\u00e1l\u00f3zat kialak\u00edt\u00e1sa \u00e9rdek\u00e9ben. Az e-tanul\u00e1si platform emellett egy online hely lesz, [&hellip;]<\/p>\n","protected":false},"author":4,"featured_media":0,"parent":0,"menu_order":0,"comment_status":"closed","ping_status":"closed","template":"","meta":{"footnotes":""},"class_list":["post-1201","page","type-page","status-publish","hentry"],"_links":{"self":[{"href":"https:\/\/www.youthmythbusters.eu\/hu\/wp-json\/wp\/v2\/pages\/1201","targetHints":{"allow":["GET"]}}],"collection":[{"href":"https:\/\/www.youthmythbusters.eu\/hu\/wp-json\/wp\/v2\/pages"}],"about":[{"href":"https:\/\/www.youthmythbusters.eu\/hu\/wp-json\/wp\/v2\/types\/page"}],"author":[{"embeddable":true,"href":"https:\/\/www.youthmythbusters.eu\/hu\/wp-json\/wp\/v2\/users\/4"}],"replies":[{"embeddable":true,"href":"https:\/\/www.youthmythbusters.eu\/hu\/wp-json\/wp\/v2\/comments?post=1201"}],"version-history":[{"count":0,"href":"https:\/\/www.youthmythbusters.eu\/hu\/wp-json\/wp\/v2\/pages\/1201\/revisions"}],"wp:attachment":[{"href":"https:\/\/www.youthmythbusters.eu\/hu\/wp-json\/wp\/v2\/media?parent=1201"}],"curies":[{"name":"wp","href":"https:\/\/api.w.org\/{rel}","templated":true}]}}