{"id":1199,"date":"2019-12-31T12:00:42","date_gmt":"2019-12-31T12:00:42","guid":{"rendered":"https:\/\/www.youthmythbusters.eu\/io1-kapacitasepito-program-a-fiatal-vezetok-szamara\/"},"modified":"2021-09-29T06:41:42","modified_gmt":"2021-09-29T06:41:42","slug":"io1-kapacitasepito-program-a-fiatal-vezetok-szamara","status":"publish","type":"page","link":"https:\/\/www.youthmythbusters.eu\/hu\/io1-kapacitasepito-program-a-fiatal-vezetok-szamara\/","title":{"rendered":"IO1: Kapacit\u00e1s\u00e9p\u00edt\u0151 program a fiatal vezet\u0151k sz\u00e1m\u00e1ra"},"content":{"rendered":"\t\t<div data-elementor-type=\"wp-page\" data-elementor-id=\"1199\" class=\"elementor elementor-1199 elementor-334\" data-elementor-post-type=\"page\">\n\t\t\t\t\t\t<section class=\"elementor-section elementor-top-section elementor-element elementor-element-36b8309 elementor-section-full_width elementor-section-height-default elementor-section-height-default\" data-id=\"36b8309\" data-element_type=\"section\" data-e-type=\"section\">\n\t\t\t\t\t\t<div class=\"elementor-container elementor-column-gap-no\">\n\t\t\t\t\t<div class=\"elementor-column elementor-col-33 elementor-top-column elementor-element elementor-element-f6b6ad7 only-color-yellow\" data-id=\"f6b6ad7\" data-element_type=\"column\" data-e-type=\"column\" data-settings=\"{&quot;background_background&quot;:&quot;classic&quot;}\">\n\t\t\t<div class=\"elementor-widget-wrap\">\n\t\t\t\t\t\t\t<\/div>\n\t\t<\/div>\n\t\t\t\t<div class=\"elementor-column elementor-col-33 elementor-top-column elementor-element elementor-element-bf029eb only-color-green\" data-id=\"bf029eb\" data-element_type=\"column\" data-e-type=\"column\" data-settings=\"{&quot;background_background&quot;:&quot;classic&quot;}\">\n\t\t\t<div class=\"elementor-widget-wrap\">\n\t\t\t\t\t\t\t<\/div>\n\t\t<\/div>\n\t\t\t\t<div class=\"elementor-column elementor-col-33 elementor-top-column elementor-element elementor-element-4758ba1 only-color-red\" data-id=\"4758ba1\" data-element_type=\"column\" data-e-type=\"column\" data-settings=\"{&quot;background_background&quot;:&quot;classic&quot;}\">\n\t\t\t<div class=\"elementor-widget-wrap\">\n\t\t\t\t\t\t\t<\/div>\n\t\t<\/div>\n\t\t\t\t\t<\/div>\n\t\t<\/section>\n\t\t\t\t<section class=\"elementor-section elementor-top-section elementor-element elementor-element-44d4594 elementor-section-boxed elementor-section-height-default elementor-section-height-default\" data-id=\"44d4594\" data-element_type=\"section\" data-e-type=\"section\">\n\t\t\t\t\t\t<div class=\"elementor-container elementor-column-gap-default\">\n\t\t\t\t\t<div class=\"elementor-column elementor-col-50 elementor-top-column elementor-element elementor-element-6b79e13\" data-id=\"6b79e13\" data-element_type=\"column\" data-e-type=\"column\">\n\t\t\t<div class=\"elementor-widget-wrap elementor-element-populated\">\n\t\t\t\t\t\t<div class=\"elementor-element elementor-element-031940c premium-title-flex-start premium-title-icon-row premium-title-color elementor-widget elementor-widget-premium-addon-title\" data-id=\"031940c\" data-element_type=\"widget\" data-e-type=\"widget\" data-widget_type=\"premium-addon-title.default\">\n\t\t\t\t<div class=\"elementor-widget-container\">\n\t\t\t\t\t\n\t\t<div class=\"premium-title-container style3\">\n\t\t\t<h1 class=\"premium-title-header premium-title-style3\">\n\t\t\t\t\n\t\t\t\t\t\t\t\t\t\t\t\t\t\t\t<i class=\"premium-title-icon premium-svg-nodraw premium-drawable-icon fas fa-bars\" aria-hidden=\"true\"><\/i>\n\t\t\t\t\t\t\t\t\t\n\t\t\t\t\t\t\t\t\t\t\t\t<span class=\"premium-title-text\">\n\t\t\t\t\tA EREDM\u00c9NYEK\t\t\t\t<\/span>\n\t\t\t\t\t\n\t\t\t\t\t\t\t\t\n\t\t\t\t\t\t\t<\/h1>\n\n\t\t<\/div>\n\n\t\t\t\t\t\t<\/div>\n\t\t\t\t<\/div>\n\t\t\t\t<div class=\"elementor-element elementor-element-db8bbd0 elementor-nav-menu--dropdown-none elementor-widget elementor-widget-nav-menu\" data-id=\"db8bbd0\" data-element_type=\"widget\" data-e-type=\"widget\" data-settings=\"{&quot;layout&quot;:&quot;vertical&quot;,&quot;submenu_icon&quot;:{&quot;value&quot;:&quot;&lt;i class=\\&quot;fas fa-caret-down\\&quot; aria-hidden=\\&quot;true\\&quot;&gt;&lt;\\\/i&gt;&quot;,&quot;library&quot;:&quot;fa-solid&quot;}}\" data-widget_type=\"nav-menu.default\">\n\t\t\t\t<div class=\"elementor-widget-container\">\n\t\t\t\t\t\t\t\t<nav aria-label=\"Men\u00fc\" class=\"elementor-nav-menu--main elementor-nav-menu__container elementor-nav-menu--layout-vertical e--pointer-background e--animation-fade\">\n\t\t\t\t<ul id=\"menu-1-db8bbd0\" class=\"elementor-nav-menu sm-vertical\"><li class=\"menu-item menu-item-type-post_type menu-item-object-page menu-item-1267\"><a href=\"https:\/\/www.youthmythbusters.eu\/hu\/io1-kapacitasepito-program-a-fiatal-vezetok-szamara\/\" class=\"elementor-item\">IO1: Kapacit\u00e1s\u00e9p\u00edt\u0151 program a fiatal vezet\u0151k sz\u00e1m\u00e1ra<\/a><\/li>\n<li class=\"menu-item menu-item-type-post_type menu-item-object-page menu-item-1268\"><a href=\"https:\/\/www.youthmythbusters.eu\/hu\/iq2-e-learning-felulet\/\" class=\"elementor-item\">IQ2: E-learning fel\u00fclet<\/a><\/li>\n<li class=\"menu-item menu-item-type-post_type menu-item-object-page menu-item-1269\"><a href=\"https:\/\/www.youthmythbusters.eu\/hu\/io3-eszkoztar-a-kortars-mitoszirto-akciokrol\/\" class=\"elementor-item\">IO3: Eszk\u00f6zt\u00e1r a kort\u00e1rs m\u00edtoszirt\u00f3 akci\u00f3kr\u00f3l<\/a><\/li>\n<li class=\"menu-item menu-item-type-post_type menu-item-object-page menu-item-1270\"><a href=\"https:\/\/www.youthmythbusters.eu\/hu\/io4-ajanlasok-az-ifjusag-polgari-es-politikai-reszvetelenek-es-reszvetelenek-fokozasara\/\" class=\"elementor-item\">IO4: Aj\u00e1nl\u00e1sok az ifj\u00fas\u00e1g polg\u00e1ri \u00e9s politikai r\u00e9szv\u00e9tel\u00e9nek \u00e9s r\u00e9szv\u00e9tel\u00e9nek fokoz\u00e1s\u00e1ra<\/a><\/li>\n<\/ul>\t\t\t<\/nav>\n\t\t\t\t\t\t<nav class=\"elementor-nav-menu--dropdown elementor-nav-menu__container\" aria-hidden=\"true\">\n\t\t\t\t<ul id=\"menu-2-db8bbd0\" class=\"elementor-nav-menu sm-vertical\"><li class=\"menu-item menu-item-type-post_type menu-item-object-page menu-item-1267\"><a href=\"https:\/\/www.youthmythbusters.eu\/hu\/io1-kapacitasepito-program-a-fiatal-vezetok-szamara\/\" class=\"elementor-item\" tabindex=\"-1\">IO1: Kapacit\u00e1s\u00e9p\u00edt\u0151 program a fiatal vezet\u0151k sz\u00e1m\u00e1ra<\/a><\/li>\n<li class=\"menu-item menu-item-type-post_type menu-item-object-page menu-item-1268\"><a href=\"https:\/\/www.youthmythbusters.eu\/hu\/iq2-e-learning-felulet\/\" class=\"elementor-item\" tabindex=\"-1\">IQ2: E-learning fel\u00fclet<\/a><\/li>\n<li class=\"menu-item menu-item-type-post_type menu-item-object-page menu-item-1269\"><a href=\"https:\/\/www.youthmythbusters.eu\/hu\/io3-eszkoztar-a-kortars-mitoszirto-akciokrol\/\" class=\"elementor-item\" tabindex=\"-1\">IO3: Eszk\u00f6zt\u00e1r a kort\u00e1rs m\u00edtoszirt\u00f3 akci\u00f3kr\u00f3l<\/a><\/li>\n<li class=\"menu-item menu-item-type-post_type menu-item-object-page menu-item-1270\"><a href=\"https:\/\/www.youthmythbusters.eu\/hu\/io4-ajanlasok-az-ifjusag-polgari-es-politikai-reszvetelenek-es-reszvetelenek-fokozasara\/\" class=\"elementor-item\" tabindex=\"-1\">IO4: Aj\u00e1nl\u00e1sok az ifj\u00fas\u00e1g polg\u00e1ri \u00e9s politikai r\u00e9szv\u00e9tel\u00e9nek \u00e9s r\u00e9szv\u00e9tel\u00e9nek fokoz\u00e1s\u00e1ra<\/a><\/li>\n<\/ul>\t\t\t<\/nav>\n\t\t\t\t\t\t<\/div>\n\t\t\t\t<\/div>\n\t\t\t\t\t<\/div>\n\t\t<\/div>\n\t\t\t\t<div class=\"elementor-column elementor-col-50 elementor-top-column elementor-element elementor-element-bcfc463\" data-id=\"bcfc463\" data-element_type=\"column\" data-e-type=\"column\">\n\t\t\t<div class=\"elementor-widget-wrap elementor-element-populated\">\n\t\t\t\t\t\t<div class=\"elementor-element elementor-element-6941ccb elementor-widget elementor-widget-text-editor\" data-id=\"6941ccb\" data-element_type=\"widget\" data-e-type=\"widget\" data-widget_type=\"text-editor.default\">\n\t\t\t\t<div class=\"elementor-widget-container\">\n\t\t\t\t\t\t\t\t\t<p>Testreszabott kapacit\u00e1s\u00e9p\u00edt\u0151 program a fiatal influencerek sz\u00e1m\u00e1ra arr\u00f3l, hogy mik\u00e9nt lehet t\u00e1rsaik (KMRF-ek \u00e9s m\u00e1s vesz\u00e9lyeztetett fiatalok) a m\u00e9diam\u0171velts\u00e9g \u00e9s a kritikus gondolkod\u00e1s r\u00e9v\u00e9n n\u00f6velni \u00e1llampolg\u00e1ri \u00e9s politikai elk\u00f6telezetts\u00e9g\u00e9t. A kapacit\u00e1s\u00e9p\u00edt\u0151 program c\u00e9lja, hogy felk\u00e9sz\u00edtse a fiatal influencereket a vezet\u0151i szerepv\u00e1llal\u00e1sra \u00e9s annak \u00f6szt\u00f6nz\u00e9s\u00e9re, hogy t\u00e1rsaik vegyenek r\u00e9szt az \u00e1llampolg\u00e1ri \u00e9s a politikai \u00e9letben.<br \/>\nA javasolt tanterv k\u00f6nnyen megism\u00e9telhet\u0151 lesz a partnerorsz\u00e1gokban, \u00e9s \u00e1tvihet\u0151 lesz m\u00e1s EU-orsz\u00e1gokba, mivel ez angol nyelven is el\u00e9rhet\u0151 lesz, \u00e9s \u00fatmutat\u00e1sokkal eg\u00e9sz\u00fcl ki annak \u00e9rdek\u00e9ben, meghat\u00e1rozza egy adott orsz\u00e1gra t\u00f6rt\u00e9n\u0151 adapt\u00e1l\u00e1s\u00e1t.<\/p>\n\t\t\t\t\t\t\t\t<\/div>\n\t\t\t\t<\/div>\n\t\t\t\t\t<\/div>\n\t\t<\/div>\n\t\t\t\t\t<\/div>\n\t\t<\/section>\n\t\t\t\t<section class=\"elementor-section elementor-top-section elementor-element elementor-element-29885a0e elementor-section-boxed elementor-section-height-default elementor-section-height-default\" data-id=\"29885a0e\" data-element_type=\"section\" data-e-type=\"section\" data-settings=\"{&quot;background_background&quot;:&quot;classic&quot;}\">\n\t\t\t\t\t\t<div class=\"elementor-container elementor-column-gap-default\">\n\t\t\t\t\t<div class=\"elementor-column elementor-col-100 elementor-top-column elementor-element elementor-element-3ada6d5a\" data-id=\"3ada6d5a\" data-element_type=\"column\" data-e-type=\"column\">\n\t\t\t<div class=\"elementor-widget-wrap elementor-element-populated\">\n\t\t\t\t\t\t<section class=\"elementor-section elementor-inner-section elementor-element elementor-element-43c4b051 elementor-section-content-middle elementor-hidden-tablet elementor-hidden-phone elementor-section-boxed elementor-section-height-default elementor-section-height-default\" data-id=\"43c4b051\" data-element_type=\"section\" data-e-type=\"section\">\n\t\t\t\t\t\t<div class=\"elementor-container elementor-column-gap-default\">\n\t\t\t\t\t<div class=\"elementor-column elementor-col-33 elementor-inner-column elementor-element elementor-element-714da6e\" data-id=\"714da6e\" data-element_type=\"column\" data-e-type=\"column\">\n\t\t\t<div class=\"elementor-widget-wrap elementor-element-populated\">\n\t\t\t\t\t\t<div class=\"elementor-element elementor-element-1b78b4ac elementor-widget elementor-widget-image\" data-id=\"1b78b4ac\" data-element_type=\"widget\" data-e-type=\"widget\" data-widget_type=\"image.default\">\n\t\t\t\t<div class=\"elementor-widget-container\">\n\t\t\t\t\t\t\t\t\t\t\t\t\t\t\t<img decoding=\"async\" src=\"https:\/\/www.youthmythbusters.eu\/wp-content\/uploads\/elementor\/thumbs\/853272-pdtda98932itet1oeg4b7srsla6x9baxfpmyfc44dc.png\" title=\"853272\" alt=\"853272\" loading=\"lazy\" \/>\t\t\t\t\t\t\t\t\t\t\t\t\t\t\t<\/div>\n\t\t\t\t<\/div>\n\t\t\t\t\t<\/div>\n\t\t<\/div>\n\t\t\t\t<div class=\"elementor-column elementor-col-33 elementor-inner-column elementor-element elementor-element-1bc0bf1\" data-id=\"1bc0bf1\" data-element_type=\"column\" data-e-type=\"column\">\n\t\t\t<div class=\"elementor-widget-wrap elementor-element-populated\">\n\t\t\t\t\t\t<div class=\"elementor-element elementor-element-549cfb13 elementor-widget elementor-widget-text-editor\" data-id=\"549cfb13\" data-element_type=\"widget\" data-e-type=\"widget\" data-widget_type=\"text-editor.default\">\n\t\t\t\t<div class=\"elementor-widget-container\">\n\t\t\t\t\t\t\t\t\t<p>E-learning Platform<\/p>\n\t\t\t\t\t\t\t\t<\/div>\n\t\t\t\t<\/div>\n\t\t\t\t\t<\/div>\n\t\t<\/div>\n\t\t\t\t<div class=\"elementor-column elementor-col-33 elementor-inner-column elementor-element elementor-element-6eacc92d\" data-id=\"6eacc92d\" data-element_type=\"column\" data-e-type=\"column\">\n\t\t\t<div class=\"elementor-widget-wrap elementor-element-populated\">\n\t\t\t\t\t\t<div class=\"elementor-element elementor-element-892e3aa elementor-view-default elementor-widget elementor-widget-icon\" data-id=\"892e3aa\" data-element_type=\"widget\" data-e-type=\"widget\" data-widget_type=\"icon.default\">\n\t\t\t\t<div class=\"elementor-widget-container\">\n\t\t\t\t\t\t\t<div class=\"elementor-icon-wrapper\">\n\t\t\t<a class=\"elementor-icon\" href=\"https:\/\/elearning.youthmythbusters.eu\" target=\"_blank\">\n\t\t\t<i aria-hidden=\"true\" class=\"fas fa-graduation-cap\"><\/i>\t\t\t<\/a>\n\t\t<\/div>\n\t\t\t\t\t\t<\/div>\n\t\t\t\t<\/div>\n\t\t\t\t\t<\/div>\n\t\t<\/div>\n\t\t\t\t\t<\/div>\n\t\t<\/section>\n\t\t\t\t<section class=\"elementor-section elementor-inner-section elementor-element elementor-element-fef363b elementor-section-content-middle elementor-hidden-desktop elementor-hidden-tablet elementor-hidden-phone elementor-section-boxed elementor-section-height-default elementor-section-height-default\" data-id=\"fef363b\" data-element_type=\"section\" data-e-type=\"section\">\n\t\t\t\t\t\t<div class=\"elementor-container elementor-column-gap-default\">\n\t\t\t\t\t<div class=\"elementor-column elementor-col-33 elementor-inner-column elementor-element elementor-element-8329d54\" data-id=\"8329d54\" data-element_type=\"column\" data-e-type=\"column\">\n\t\t\t<div class=\"elementor-widget-wrap elementor-element-populated\">\n\t\t\t\t\t\t<div class=\"elementor-element elementor-element-309b009 elementor-widget elementor-widget-image\" data-id=\"309b009\" data-element_type=\"widget\" data-e-type=\"widget\" data-widget_type=\"image.default\">\n\t\t\t\t<div class=\"elementor-widget-container\">\n\t\t\t\t\t\t\t\t\t\t\t\t\t\t\t<img decoding=\"async\" src=\"https:\/\/www.youthmythbusters.eu\/wp-content\/uploads\/elementor\/thumbs\/pdf-file-ohrqc1fq8hvgc7v4blocl5wg3nuyo4i1zeso5ev70y.png\" title=\"pdf-file.png\" alt=\"pdf-file.png\" loading=\"lazy\" \/>\t\t\t\t\t\t\t\t\t\t\t\t\t\t\t<\/div>\n\t\t\t\t<\/div>\n\t\t\t\t\t<\/div>\n\t\t<\/div>\n\t\t\t\t<div class=\"elementor-column elementor-col-33 elementor-inner-column elementor-element elementor-element-146238c\" data-id=\"146238c\" data-element_type=\"column\" data-e-type=\"column\">\n\t\t\t<div class=\"elementor-widget-wrap elementor-element-populated\">\n\t\t\t\t\t\t<div class=\"elementor-element elementor-element-d9a4cf8 elementor-widget elementor-widget-text-editor\" data-id=\"d9a4cf8\" data-element_type=\"widget\" data-e-type=\"widget\" data-widget_type=\"text-editor.default\">\n\t\t\t\t<div class=\"elementor-widget-container\">\n\t\t\t\t\t\t\t\t\t<p>Mell\u00e9klet \/ c\u00edm \/ le\u00edr\u00e1s (PDF f\u00e1jl &#8211; 200 Kb)<\/p>\n\t\t\t\t\t\t\t\t<\/div>\n\t\t\t\t<\/div>\n\t\t\t\t\t<\/div>\n\t\t<\/div>\n\t\t\t\t<div class=\"elementor-column elementor-col-33 elementor-inner-column elementor-element elementor-element-8463349\" data-id=\"8463349\" data-element_type=\"column\" data-e-type=\"column\">\n\t\t\t<div class=\"elementor-widget-wrap elementor-element-populated\">\n\t\t\t\t\t\t<div class=\"elementor-element elementor-element-dbedd70 elementor-view-default elementor-widget elementor-widget-icon\" data-id=\"dbedd70\" data-element_type=\"widget\" data-e-type=\"widget\" data-widget_type=\"icon.default\">\n\t\t\t\t<div class=\"elementor-widget-container\">\n\t\t\t\t\t\t\t<div class=\"elementor-icon-wrapper\">\n\t\t\t<a class=\"elementor-icon\" href=\"https:\/\/www.youthmythbusters.eu\/wp-content\/uploads\/2019\/12\/Allegato-prova.pdf\" target=\"_blank\">\n\t\t\t<i aria-hidden=\"true\" class=\"fas fa-download\"><\/i>\t\t\t<\/a>\n\t\t<\/div>\n\t\t\t\t\t\t<\/div>\n\t\t\t\t<\/div>\n\t\t\t\t\t<\/div>\n\t\t<\/div>\n\t\t\t\t\t<\/div>\n\t\t<\/section>\n\t\t\t\t\t<\/div>\n\t\t<\/div>\n\t\t\t\t\t<\/div>\n\t\t<\/section>\n\t\t\t\t<\/div>\n\t\t","protected":false},"excerpt":{"rendered":"<p>A EREDM\u00c9NYEK YOUTH MYTH BUSTERSIO 1 Kapacit\u00e1s\u00e9p\u00edt\u0151 program a fiatal vezet\u0151k sz\u00e1m\u00e1ra Testreszabott kapacit\u00e1s\u00e9p\u00edt\u0151 program a fiatal influencerek sz\u00e1m\u00e1ra arr\u00f3l, hogy mik\u00e9nt lehet t\u00e1rsaik (KMRF-ek \u00e9s m\u00e1s vesz\u00e9lyeztetett fiatalok) a m\u00e9diam\u0171velts\u00e9g \u00e9s a kritikus gondolkod\u00e1s r\u00e9v\u00e9n n\u00f6velni \u00e1llampolg\u00e1ri \u00e9s politikai elk\u00f6telezetts\u00e9g\u00e9t. A kapacit\u00e1s\u00e9p\u00edt\u0151 program c\u00e9lja, hogy felk\u00e9sz\u00edtse a fiatal influencereket a vezet\u0151i szerepv\u00e1llal\u00e1sra \u00e9s annak [&hellip;]<\/p>\n","protected":false},"author":4,"featured_media":0,"parent":0,"menu_order":0,"comment_status":"closed","ping_status":"closed","template":"","meta":{"footnotes":""},"class_list":["post-1199","page","type-page","status-publish","hentry"],"_links":{"self":[{"href":"https:\/\/www.youthmythbusters.eu\/hu\/wp-json\/wp\/v2\/pages\/1199","targetHints":{"allow":["GET"]}}],"collection":[{"href":"https:\/\/www.youthmythbusters.eu\/hu\/wp-json\/wp\/v2\/pages"}],"about":[{"href":"https:\/\/www.youthmythbusters.eu\/hu\/wp-json\/wp\/v2\/types\/page"}],"author":[{"embeddable":true,"href":"https:\/\/www.youthmythbusters.eu\/hu\/wp-json\/wp\/v2\/users\/4"}],"replies":[{"embeddable":true,"href":"https:\/\/www.youthmythbusters.eu\/hu\/wp-json\/wp\/v2\/comments?post=1199"}],"version-history":[{"count":0,"href":"https:\/\/www.youthmythbusters.eu\/hu\/wp-json\/wp\/v2\/pages\/1199\/revisions"}],"wp:attachment":[{"href":"https:\/\/www.youthmythbusters.eu\/hu\/wp-json\/wp\/v2\/media?parent=1199"}],"curies":[{"name":"wp","href":"https:\/\/api.w.org\/{rel}","templated":true}]}}