{"id":1195,"date":"2019-12-31T11:53:41","date_gmt":"2019-12-31T11:53:41","guid":{"rendered":"https:\/\/www.youthmythbusters.eu\/a-projekt\/innovacio\/"},"modified":"2019-12-31T11:53:41","modified_gmt":"2019-12-31T11:53:41","slug":"innovacio","status":"publish","type":"page","link":"https:\/\/www.youthmythbusters.eu\/hu\/a-projekt\/innovacio\/","title":{"rendered":"Innov\u00e1ci\u00f3"},"content":{"rendered":"\t\t<div data-elementor-type=\"wp-page\" data-elementor-id=\"1195\" class=\"elementor elementor-1195 elementor-23\" data-elementor-post-type=\"page\">\n\t\t\t\t\t\t<section class=\"elementor-section elementor-top-section elementor-element elementor-element-4e77193 elementor-section-content-middle elementor-section-boxed elementor-section-height-default elementor-section-height-default\" data-id=\"4e77193\" data-element_type=\"section\" data-e-type=\"section\" data-settings=\"{&quot;background_background&quot;:&quot;classic&quot;}\">\n\t\t\t\t\t\t\t<div class=\"elementor-background-overlay\"><\/div>\n\t\t\t\t\t\t\t<div class=\"elementor-container elementor-column-gap-no\">\n\t\t\t\t\t<div class=\"elementor-column elementor-col-100 elementor-top-column elementor-element elementor-element-270a98e\" data-id=\"270a98e\" data-element_type=\"column\" data-e-type=\"column\">\n\t\t\t<div class=\"elementor-widget-wrap\">\n\t\t\t\t\t\t\t<\/div>\n\t\t<\/div>\n\t\t\t\t\t<\/div>\n\t\t<\/section>\n\t\t\t\t<section class=\"elementor-section elementor-top-section elementor-element elementor-element-4059f91 elementor-section-full_width elementor-section-height-default elementor-section-height-default\" data-id=\"4059f91\" data-element_type=\"section\" data-e-type=\"section\">\n\t\t\t\t\t\t<div class=\"elementor-container elementor-column-gap-no\">\n\t\t\t\t\t<div class=\"elementor-column elementor-col-50 elementor-top-column elementor-element elementor-element-8ce6f99\" data-id=\"8ce6f99\" data-element_type=\"column\" data-e-type=\"column\" data-settings=\"{&quot;background_background&quot;:&quot;classic&quot;}\">\n\t\t\t<div class=\"elementor-widget-wrap\">\n\t\t\t\t\t\t\t<\/div>\n\t\t<\/div>\n\t\t\t\t<div class=\"elementor-column elementor-col-50 elementor-top-column elementor-element elementor-element-3bf02e8\" data-id=\"3bf02e8\" data-element_type=\"column\" data-e-type=\"column\">\n\t\t\t<div class=\"elementor-widget-wrap elementor-element-populated\">\n\t\t\t\t\t\t<div class=\"elementor-element elementor-element-a4c146d elementor-widget elementor-widget-text-editor\" data-id=\"a4c146d\" data-element_type=\"widget\" data-e-type=\"widget\" data-widget_type=\"text-editor.default\">\n\t\t\t\t<div class=\"elementor-widget-container\">\n\t\t\t\t\t\t\t\t\t<p>Ebben a projektben a fiatal bloggereket, influencereket \u00f6szt\u00f6n\u00f6zz\u00fck vezet\u0151i szerepv\u00e1llal\u00e1sra \u00e9s a t\u00e1rsadalmi kirekeszt\u00e9s kock\u00e1zat\u00e1nak kitett t\u00e1rsaik (els\u0151sorban a KMRF csoport) seg\u00edt\u00e9s\u00e9re, mivel a YouthMythBusters c\u00e9lja a fiatalok \u00e1llampolg\u00e1ri \u00e9s politikai elk\u00f6telezetts\u00e9g\u00e9nek el\u0151mozd\u00edt\u00e1sa, valamint a hamis h\u00edrek, a manipul\u00e1ci\u00f3 \u00e9s a propaganda elleni k\u00fczdelemre.<\/p>\n\t\t\t\t\t\t\t\t<\/div>\n\t\t\t\t<\/div>\n\t\t\t\t\t<\/div>\n\t\t<\/div>\n\t\t\t\t\t<\/div>\n\t\t<\/section>\n\t\t\t\t<\/div>\n\t\t","protected":false},"excerpt":{"rendered":"<p>YOUTH MYTH BUSTERS Innov\u00e1ci\u00f3 Ebben a projektben a fiatal bloggereket, influencereket \u00f6szt\u00f6n\u00f6zz\u00fck vezet\u0151i szerepv\u00e1llal\u00e1sra \u00e9s a t\u00e1rsadalmi kirekeszt\u00e9s kock\u00e1zat\u00e1nak kitett t\u00e1rsaik (els\u0151sorban a KMRF csoport) seg\u00edt\u00e9s\u00e9re, mivel a YouthMythBusters c\u00e9lja a fiatalok \u00e1llampolg\u00e1ri \u00e9s politikai elk\u00f6telezetts\u00e9g\u00e9nek el\u0151mozd\u00edt\u00e1sa, valamint a hamis h\u00edrek, a manipul\u00e1ci\u00f3 \u00e9s a propaganda elleni k\u00fczdelemre.<\/p>\n","protected":false},"author":4,"featured_media":0,"parent":1189,"menu_order":0,"comment_status":"closed","ping_status":"closed","template":"","meta":{"footnotes":""},"class_list":["post-1195","page","type-page","status-publish","hentry"],"_links":{"self":[{"href":"https:\/\/www.youthmythbusters.eu\/hu\/wp-json\/wp\/v2\/pages\/1195","targetHints":{"allow":["GET"]}}],"collection":[{"href":"https:\/\/www.youthmythbusters.eu\/hu\/wp-json\/wp\/v2\/pages"}],"about":[{"href":"https:\/\/www.youthmythbusters.eu\/hu\/wp-json\/wp\/v2\/types\/page"}],"author":[{"embeddable":true,"href":"https:\/\/www.youthmythbusters.eu\/hu\/wp-json\/wp\/v2\/users\/4"}],"replies":[{"embeddable":true,"href":"https:\/\/www.youthmythbusters.eu\/hu\/wp-json\/wp\/v2\/comments?post=1195"}],"version-history":[{"count":0,"href":"https:\/\/www.youthmythbusters.eu\/hu\/wp-json\/wp\/v2\/pages\/1195\/revisions"}],"up":[{"embeddable":true,"href":"https:\/\/www.youthmythbusters.eu\/hu\/wp-json\/wp\/v2\/pages\/1189"}],"wp:attachment":[{"href":"https:\/\/www.youthmythbusters.eu\/hu\/wp-json\/wp\/v2\/media?parent=1195"}],"curies":[{"name":"wp","href":"https:\/\/api.w.org\/{rel}","templated":true}]}}