{"id":1193,"date":"2019-12-31T11:52:52","date_gmt":"2019-12-31T11:52:52","guid":{"rendered":"https:\/\/www.youthmythbusters.eu\/a-projekt\/kihivas\/"},"modified":"2019-12-31T11:52:54","modified_gmt":"2019-12-31T11:52:54","slug":"kihivas","status":"publish","type":"page","link":"https:\/\/www.youthmythbusters.eu\/hu\/a-projekt\/kihivas\/","title":{"rendered":"Kih\u00edv\u00e1s"},"content":{"rendered":"\t\t<div data-elementor-type=\"wp-page\" data-elementor-id=\"1193\" class=\"elementor elementor-1193 elementor-22\" data-elementor-post-type=\"page\">\n\t\t\t\t\t\t<section class=\"elementor-section elementor-top-section elementor-element elementor-element-d9b256f elementor-section-content-middle elementor-section-boxed elementor-section-height-default elementor-section-height-default\" data-id=\"d9b256f\" data-element_type=\"section\" data-e-type=\"section\" data-settings=\"{&quot;background_background&quot;:&quot;classic&quot;}\">\n\t\t\t\t\t\t\t<div class=\"elementor-background-overlay\"><\/div>\n\t\t\t\t\t\t\t<div class=\"elementor-container elementor-column-gap-no\">\n\t\t\t\t\t<div class=\"elementor-column elementor-col-100 elementor-top-column elementor-element elementor-element-1e1b144\" data-id=\"1e1b144\" data-element_type=\"column\" data-e-type=\"column\">\n\t\t\t<div class=\"elementor-widget-wrap\">\n\t\t\t\t\t\t\t<\/div>\n\t\t<\/div>\n\t\t\t\t\t<\/div>\n\t\t<\/section>\n\t\t\t\t<section class=\"elementor-section elementor-top-section elementor-element elementor-element-16b8b62 elementor-section-full_width elementor-section-height-default elementor-section-height-default\" data-id=\"16b8b62\" data-element_type=\"section\" data-e-type=\"section\">\n\t\t\t\t\t\t<div class=\"elementor-container elementor-column-gap-no\">\n\t\t\t\t\t<div class=\"elementor-column elementor-col-50 elementor-top-column elementor-element elementor-element-ebc9dd2\" data-id=\"ebc9dd2\" data-element_type=\"column\" data-e-type=\"column\" data-settings=\"{&quot;background_background&quot;:&quot;classic&quot;}\">\n\t\t\t<div class=\"elementor-widget-wrap\">\n\t\t\t\t\t\t\t<\/div>\n\t\t<\/div>\n\t\t\t\t<div class=\"elementor-column elementor-col-50 elementor-top-column elementor-element elementor-element-eae1c60\" data-id=\"eae1c60\" data-element_type=\"column\" data-e-type=\"column\">\n\t\t\t<div class=\"elementor-widget-wrap elementor-element-populated\">\n\t\t\t\t\t\t<div class=\"elementor-element elementor-element-8ba0f4e elementor-widget elementor-widget-text-editor\" data-id=\"8ba0f4e\" data-element_type=\"widget\" data-e-type=\"widget\" data-widget_type=\"text-editor.default\">\n\t\t\t\t<div class=\"elementor-widget-container\">\n\t\t\t\t\t\t\t\t\t<p>Az <a href=\"https:\/\/www.eurofound.europa.eu\/young-people-and-neets-1\" target=\"_blank\" rel=\"noopener\">Eurofound<\/a> szerint a 15-20 \u00e9ves, az oktat\u00e1sban, a munkaer\u0151piacon vagy egy\u00e9b k\u00e9pz\u00e9sben r\u00e9szt nem vev\u0151 fiatalok kev\u00e9sb\u00e9 \u00e9rdekl\u0151dnek a politika ir\u00e1nt (csak 28,7%), alacsony szavazati hajland\u00f3s\u00e1got \u00e9s t\u00e1rsadalmi r\u00e9szv\u00e9telt mutatnak, mint akik tanulnak, dolgoznak. Ebben az \u00f6sszef\u00fcgg\u00e9sben az Internet \u00e9s a k\u00f6z\u00f6ss\u00e9gi m\u00e9dia egyre n\u00f6vekv\u0151 haszn\u00e1lata \u00faj utakat nyithat sz\u00e1mukra a politikai \u00e9s \u00e1llampolg\u00e1ri szerepv\u00e1llal\u00e1s fel\u00e9.<\/p>\n<p>A 16\u201329 \u00e9v k\u00f6z\u00f6tti fiatalok <a href=\"https:\/\/ec.europa.eu\/commission\/commissioners\/2014-2019\/navracsics\/announcements\/eu-cooperation-strengthening-media-literacy-and-critical-thinking-education-and-training_en\" target=\"_blank\" rel=\"noopener\">80%<\/a> -a haszn\u00e1l minden nap internetet \u00e9s k\u00f6z\u00f6ss\u00e9gi m\u00e9di\u00e1t, azonban csak 40% -uk rendelkezik megfelel\u0151 digitalis k\u00e9pess\u00e9gekkel, \u00e9s csak <a href=\"https:\/\/ec.europa.eu\/commission\/commissioners\/2014-2019\/navracsics\/announcements\/eu-cooperation-strengthening-media-literacy-and-critical-thinking-education-and-training_en\" target=\"_blank\" rel=\"noopener\">2%<\/a> -uk mutat kritikus gondolkod\u00e1st, mik\u00f6zben online inform\u00e1ci\u00f3t keres. Ez a k\u00e9rd\u00e9s \u00faj kih\u00edv\u00e1sokkal szembes\u00edt minket, mivel az interneten \u00e9s a k\u00f6z\u00f6ss\u00e9gi m\u00e9di\u00e1ban rendszeresen jelennek meg hamis h\u00edrek. A f\u00e9lret\u00e1j\u00e9koztat\u00e1s komoly vesz\u00e9lyt jelent az eur\u00f3pai t\u00e1rsadalmak sz\u00e1m\u00e1ra, hiszen al\u00e1\u00e1ssa a polg\u00e1rok bizalm\u00e1t a demokr\u00e1cia \u00e9s a demokratikus int\u00e9zm\u00e9nyek ir\u00e1nt.<\/p>\n<p>Ez\u00e9rt a fiatalok (els\u0151sorban a k\u00e9pz\u00e9sben \u00e9s munk\u00e1ban r\u00e9szt nem vev\u0151 fiatalok -tov\u00e1bbiakban KMRF csoport) alacsony polg\u00e1ri \u00e9s politikai elk\u00f6telezetts\u00e9ge \u00e9s alacsony digit\u00e1lis k\u00e9szs\u00e9geinek kombin\u00e1ci\u00f3ja sz\u00fcks\u00e9gess\u00e9 teszi a hamis h\u00edrek, a propaganda, a gy\u0171l\u00f6letbesz\u00e9d \u00e9s a manipul\u00e1ci\u00f3 felismer\u00e9s\u00e9re val\u00f3 felk\u00e9sz\u00edt\u00e9s\u00e9t.<\/p>\n\t\t\t\t\t\t\t\t<\/div>\n\t\t\t\t<\/div>\n\t\t\t\t\t<\/div>\n\t\t<\/div>\n\t\t\t\t\t<\/div>\n\t\t<\/section>\n\t\t\t\t<\/div>\n\t\t","protected":false},"excerpt":{"rendered":"<p>YOUTH MYTH BUSTERS Kih\u00edv\u00e1s Az Eurofound szerint a 15-20 \u00e9ves, az oktat\u00e1sban, a munkaer\u0151piacon vagy egy\u00e9b k\u00e9pz\u00e9sben r\u00e9szt nem vev\u0151 fiatalok kev\u00e9sb\u00e9 \u00e9rdekl\u0151dnek a politika ir\u00e1nt (csak 28,7%), alacsony szavazati hajland\u00f3s\u00e1got \u00e9s t\u00e1rsadalmi r\u00e9szv\u00e9telt mutatnak, mint akik tanulnak, dolgoznak. Ebben az \u00f6sszef\u00fcgg\u00e9sben az Internet \u00e9s a k\u00f6z\u00f6ss\u00e9gi m\u00e9dia egyre n\u00f6vekv\u0151 haszn\u00e1lata \u00faj utakat nyithat sz\u00e1mukra [&hellip;]<\/p>\n","protected":false},"author":4,"featured_media":0,"parent":1189,"menu_order":0,"comment_status":"closed","ping_status":"closed","template":"elementor_header_footer","meta":{"footnotes":""},"class_list":["post-1193","page","type-page","status-publish","hentry"],"_links":{"self":[{"href":"https:\/\/www.youthmythbusters.eu\/hu\/wp-json\/wp\/v2\/pages\/1193","targetHints":{"allow":["GET"]}}],"collection":[{"href":"https:\/\/www.youthmythbusters.eu\/hu\/wp-json\/wp\/v2\/pages"}],"about":[{"href":"https:\/\/www.youthmythbusters.eu\/hu\/wp-json\/wp\/v2\/types\/page"}],"author":[{"embeddable":true,"href":"https:\/\/www.youthmythbusters.eu\/hu\/wp-json\/wp\/v2\/users\/4"}],"replies":[{"embeddable":true,"href":"https:\/\/www.youthmythbusters.eu\/hu\/wp-json\/wp\/v2\/comments?post=1193"}],"version-history":[{"count":0,"href":"https:\/\/www.youthmythbusters.eu\/hu\/wp-json\/wp\/v2\/pages\/1193\/revisions"}],"up":[{"embeddable":true,"href":"https:\/\/www.youthmythbusters.eu\/hu\/wp-json\/wp\/v2\/pages\/1189"}],"wp:attachment":[{"href":"https:\/\/www.youthmythbusters.eu\/hu\/wp-json\/wp\/v2\/media?parent=1193"}],"curies":[{"name":"wp","href":"https:\/\/api.w.org\/{rel}","templated":true}]}}