{"id":1191,"date":"2019-12-31T11:50:19","date_gmt":"2019-12-31T11:50:19","guid":{"rendered":"https:\/\/www.youthmythbusters.eu\/a-projekt\/tevekenysegek\/"},"modified":"2019-12-31T11:50:21","modified_gmt":"2019-12-31T11:50:21","slug":"tevekenysegek","status":"publish","type":"page","link":"https:\/\/www.youthmythbusters.eu\/hu\/a-projekt\/tevekenysegek\/","title":{"rendered":"Tev\u00e9kenys\u00e9gek"},"content":{"rendered":"\t\t<div data-elementor-type=\"wp-page\" data-elementor-id=\"1191\" class=\"elementor elementor-1191 elementor-24\" data-elementor-post-type=\"page\">\n\t\t\t\t\t\t<section class=\"elementor-section elementor-top-section elementor-element elementor-element-e1b4e58 elementor-section-content-middle elementor-section-boxed elementor-section-height-default elementor-section-height-default\" data-id=\"e1b4e58\" data-element_type=\"section\" data-e-type=\"section\" data-settings=\"{&quot;background_background&quot;:&quot;classic&quot;}\">\n\t\t\t\t\t\t\t<div class=\"elementor-background-overlay\"><\/div>\n\t\t\t\t\t\t\t<div class=\"elementor-container elementor-column-gap-no\">\n\t\t\t\t\t<div class=\"elementor-column elementor-col-100 elementor-top-column elementor-element elementor-element-2edd6c0\" data-id=\"2edd6c0\" data-element_type=\"column\" data-e-type=\"column\">\n\t\t\t<div class=\"elementor-widget-wrap\">\n\t\t\t\t\t\t\t<\/div>\n\t\t<\/div>\n\t\t\t\t\t<\/div>\n\t\t<\/section>\n\t\t\t\t<section class=\"elementor-section elementor-top-section elementor-element elementor-element-6270e884 elementor-section-full_width elementor-section-height-min-height elementor-section-items-stretch elementor-section-content-middle elementor-reverse-mobile elementor-section-height-default\" data-id=\"6270e884\" data-element_type=\"section\" data-e-type=\"section\">\n\t\t\t\t\t\t<div class=\"elementor-container elementor-column-gap-no\">\n\t\t\t\t\t<div class=\"elementor-column elementor-col-50 elementor-top-column elementor-element elementor-element-6741b93e\" data-id=\"6741b93e\" data-element_type=\"column\" data-e-type=\"column\" data-settings=\"{&quot;background_background&quot;:&quot;classic&quot;}\">\n\t\t\t<div class=\"elementor-widget-wrap elementor-element-populated\">\n\t\t\t\t\t\t<div class=\"elementor-element elementor-element-0449480 elementor-widget elementor-widget-heading\" data-id=\"0449480\" data-element_type=\"widget\" data-e-type=\"widget\" data-widget_type=\"heading.default\">\n\t\t\t\t<div class=\"elementor-widget-container\">\n\t\t\t\t\t<h2 class=\"elementor-heading-title elementor-size-default\">K\u00e9pz\u00e9si anyag a fiatal vezet\u0151k sz\u00e1m\u00e1ra<\/h2>\t\t\t\t<\/div>\n\t\t\t\t<\/div>\n\t\t\t\t<div class=\"elementor-element elementor-element-7539b95 elementor-widget-divider--view-line elementor-widget elementor-widget-divider\" data-id=\"7539b95\" data-element_type=\"widget\" data-e-type=\"widget\" data-widget_type=\"divider.default\">\n\t\t\t\t<div class=\"elementor-widget-container\">\n\t\t\t\t\t\t\t<div class=\"elementor-divider\">\n\t\t\t<span class=\"elementor-divider-separator\">\n\t\t\t\t\t\t<\/span>\n\t\t<\/div>\n\t\t\t\t\t\t<\/div>\n\t\t\t\t<\/div>\n\t\t\t\t<div class=\"elementor-element elementor-element-dd5cbda elementor-widget elementor-widget-text-editor\" data-id=\"dd5cbda\" data-element_type=\"widget\" data-e-type=\"widget\" data-widget_type=\"text-editor.default\">\n\t\t\t\t<div class=\"elementor-widget-container\">\n\t\t\t\t\t\t\t\t\t<p>Tananyagot fejleszt\u00fcnk a fiatal influencerek (orsz\u00e1gonk\u00e9nt 5 f\u0151) sz\u00e1m\u00e1ra arr\u00f3l, hogy mik\u00e9nt lehet t\u00e1rsaik (KMRF-ek \u00e9s m\u00e1s vesz\u00e9lyeztetett fiatalok) a m\u00e9diam\u0171velts\u00e9g \u00e9s a kritikus gondolkod\u00e1s r\u00e9v\u00e9n n\u00f6velni \u00e1llampolg\u00e1ri \u00e9s politikai elk\u00f6telezetts\u00e9g\u00e9t. A tananyag c\u00e9lja, hogy felk\u00e9sz\u00edtse a fiatal influencereket a vezet\u0151i szerepv\u00e1llal\u00e1s\u00e1ra, hogy \u00f6szt\u00f6n\u00f6zz\u00e9k t\u00e1rsaikat az \u00e1llampolg\u00e1ri \u00e9s politikai \u00e9letben val\u00f3 r\u00e9szv\u00e9telre.<\/p>\n<p>A tartalmat tematikus ter\u00fcletekre osztjuk, ide\u00e9rtve: a hamis h\u00edrek azonos\u00edt\u00e1s\u00e1t, a propagand\u00e1t, a gy\u0171l\u00f6letbesz\u00e9d \u00e9s a manipul\u00e1ci\u00f3t, a m\u00e9diam\u0171velts\u00e9g k\u00e9szs\u00e9g\u00e9nek tan\u00edt\u00e1s\u00e1t a kiszolg\u00e1ltatott fiatalok sz\u00e1m\u00e1ra, az \u00e1llampolg\u00e1ri \u00e9s politikai elk\u00f6telezetts\u00e9g el\u0151mozd\u00edt\u00e1s\u00e1t.<\/p>\n\t\t\t\t\t\t\t\t<\/div>\n\t\t\t\t<\/div>\n\t\t\t\t\t<\/div>\n\t\t<\/div>\n\t\t\t\t<div class=\"elementor-column elementor-col-50 elementor-top-column elementor-element elementor-element-2b940be7\" data-id=\"2b940be7\" data-element_type=\"column\" data-e-type=\"column\" data-settings=\"{&quot;background_background&quot;:&quot;classic&quot;}\">\n\t\t\t<div class=\"elementor-widget-wrap elementor-element-populated\">\n\t\t\t\t\t\t<div class=\"elementor-element elementor-element-d69c879 elementor-widget elementor-widget-heading\" data-id=\"d69c879\" data-element_type=\"widget\" data-e-type=\"widget\" data-widget_type=\"heading.default\">\n\t\t\t\t<div class=\"elementor-widget-container\">\n\t\t\t\t\t<h2 class=\"elementor-heading-title elementor-size-default\">Ifj\u00fas\u00e1gi nemzeti tan\u00e1csad\u00f3 csoportok<\/h2>\t\t\t\t<\/div>\n\t\t\t\t<\/div>\n\t\t\t\t<div class=\"elementor-element elementor-element-3b947732 elementor-widget-divider--view-line elementor-widget elementor-widget-divider\" data-id=\"3b947732\" data-element_type=\"widget\" data-e-type=\"widget\" data-widget_type=\"divider.default\">\n\t\t\t\t<div class=\"elementor-widget-container\">\n\t\t\t\t\t\t\t<div class=\"elementor-divider\">\n\t\t\t<span class=\"elementor-divider-separator\">\n\t\t\t\t\t\t<\/span>\n\t\t<\/div>\n\t\t\t\t\t\t<\/div>\n\t\t\t\t<\/div>\n\t\t\t\t<div class=\"elementor-element elementor-element-715ff5ca elementor-widget elementor-widget-text-editor\" data-id=\"715ff5ca\" data-element_type=\"widget\" data-e-type=\"widget\" data-widget_type=\"text-editor.default\">\n\t\t\t\t<div class=\"elementor-widget-container\">\n\t\t\t\t\t\t\t\t\t<p>Az ifj\u00fas\u00e1gi nemzeti tan\u00e1csad\u00f3 csoportok 3-5 tapasztalt fiatal influencerb\u0151l \u00e9s aktivist\u00e1b\u00f3l \u00e1llnak, \u00e9s \u00fatmutat\u00e1st ny\u00fajtanak a fiatal vezet\u0151k sz\u00e1m\u00e1ra a kort\u00e1rsak elk\u00f6telezetts\u00e9g\u00e9nek t\u00e1mogat\u00e1s\u00e1ra az \u00e1lh\u00edrek, m\u00edtoszok felsz\u00e1mol\u00e1sa ter\u00fclet\u00e9n.<\/p>\n\t\t\t\t\t\t\t\t<\/div>\n\t\t\t\t<\/div>\n\t\t\t\t\t<\/div>\n\t\t<\/div>\n\t\t\t\t\t<\/div>\n\t\t<\/section>\n\t\t\t\t<section class=\"elementor-section elementor-top-section elementor-element elementor-element-a615b48 elementor-section-full_width elementor-section-height-min-height elementor-section-items-stretch elementor-section-content-middle elementor-section-height-default\" data-id=\"a615b48\" data-element_type=\"section\" data-e-type=\"section\">\n\t\t\t\t\t\t<div class=\"elementor-container elementor-column-gap-no\">\n\t\t\t\t\t<div class=\"elementor-column elementor-col-50 elementor-top-column elementor-element elementor-element-19b96266\" data-id=\"19b96266\" data-element_type=\"column\" data-e-type=\"column\" data-settings=\"{&quot;background_background&quot;:&quot;classic&quot;}\">\n\t\t\t<div class=\"elementor-widget-wrap elementor-element-populated\">\n\t\t\t\t\t\t<div class=\"elementor-element elementor-element-2e549cf2 elementor-widget elementor-widget-heading\" data-id=\"2e549cf2\" data-element_type=\"widget\" data-e-type=\"widget\" data-widget_type=\"heading.default\">\n\t\t\t\t<div class=\"elementor-widget-container\">\n\t\t\t\t\t<h2 class=\"elementor-heading-title elementor-size-default\">Eur\u00f3pai tan\u00e1csad\u00f3 csoportok<\/h2>\t\t\t\t<\/div>\n\t\t\t\t<\/div>\n\t\t\t\t<div class=\"elementor-element elementor-element-2a3c7940 elementor-widget-divider--view-line elementor-widget elementor-widget-divider\" data-id=\"2a3c7940\" data-element_type=\"widget\" data-e-type=\"widget\" data-widget_type=\"divider.default\">\n\t\t\t\t<div class=\"elementor-widget-container\">\n\t\t\t\t\t\t\t<div class=\"elementor-divider\">\n\t\t\t<span class=\"elementor-divider-separator\">\n\t\t\t\t\t\t<\/span>\n\t\t<\/div>\n\t\t\t\t\t\t<\/div>\n\t\t\t\t<\/div>\n\t\t\t\t<div class=\"elementor-element elementor-element-7056194e elementor-widget elementor-widget-text-editor\" data-id=\"7056194e\" data-element_type=\"widget\" data-e-type=\"widget\" data-widget_type=\"text-editor.default\">\n\t\t\t\t<div class=\"elementor-widget-container\">\n\t\t\t\t\t\t\t\t\t<p>A tapasztalt fiatal influencereket az ifj\u00fas\u00e1gi nemzeti tan\u00e1csad\u00f3 csoportokb\u00f3l v\u00e1lasztjuk ki, \u00e9s bevonjuk \u0151ket az eur\u00f3pai szint\u0171 tev\u00e9kenys\u00e9gekbe.<\/p>\n\t\t\t\t\t\t\t\t<\/div>\n\t\t\t\t<\/div>\n\t\t\t\t\t<\/div>\n\t\t<\/div>\n\t\t\t\t<div class=\"elementor-column elementor-col-50 elementor-top-column elementor-element elementor-element-561e8329\" data-id=\"561e8329\" data-element_type=\"column\" data-e-type=\"column\" data-settings=\"{&quot;background_background&quot;:&quot;classic&quot;}\">\n\t\t\t<div class=\"elementor-widget-wrap elementor-element-populated\">\n\t\t\t\t\t\t<div class=\"elementor-element elementor-element-41eb5da elementor-widget elementor-widget-heading\" data-id=\"41eb5da\" data-element_type=\"widget\" data-e-type=\"widget\" data-widget_type=\"heading.default\">\n\t\t\t\t<div class=\"elementor-widget-container\">\n\t\t\t\t\t<h2 class=\"elementor-heading-title elementor-size-default\">E-learning fel\u00fclet<\/h2>\t\t\t\t<\/div>\n\t\t\t\t<\/div>\n\t\t\t\t<div class=\"elementor-element elementor-element-c649026 elementor-widget-divider--view-line elementor-widget elementor-widget-divider\" data-id=\"c649026\" data-element_type=\"widget\" data-e-type=\"widget\" data-widget_type=\"divider.default\">\n\t\t\t\t<div class=\"elementor-widget-container\">\n\t\t\t\t\t\t\t<div class=\"elementor-divider\">\n\t\t\t<span class=\"elementor-divider-separator\">\n\t\t\t\t\t\t<\/span>\n\t\t<\/div>\n\t\t\t\t\t\t<\/div>\n\t\t\t\t<\/div>\n\t\t\t\t<div class=\"elementor-element elementor-element-7ff36b4 elementor-widget elementor-widget-text-editor\" data-id=\"7ff36b4\" data-element_type=\"widget\" data-e-type=\"widget\" data-widget_type=\"text-editor.default\">\n\t\t\t\t<div class=\"elementor-widget-container\">\n\t\t\t\t\t\t\t\t\t<p>Ez a fel\u00fclet e-learning eszk\u00f6zk\u00e9nt szolg\u00e1l majd a fiatal influencerek sz\u00e1m\u00e1ra (ide\u00e9rtve a tr\u00e9ningprogramot), valamint egy olyan online t\u00e9rk\u00e9nt is szolg\u00e1l, ahol a KMRF csoportok \u00e9s m\u00e1s vesz\u00e9lyeztetett fiatalok besz\u00e9lgethetnek, egy\u00fcttm\u0171k\u00f6dhetnek a fiatal influencerekkel egy er\u0151s h\u00e1l\u00f3zat kialak\u00edt\u00e1sa \u00e9rdek\u00e9ben. Ezen k\u00edv\u00fcl a KMRF csoportok \u00e9s m\u00e1s kiszolg\u00e1ltatott fiatalok sz\u00e1m\u00e1ra digit\u00e1lis modulok \u00e1llnak majd rendelkez\u00e9sre a manipul\u00e1ci\u00f3, a populizmus, a propaganda, a gy\u0171l\u00f6letbesz\u00e9d \u00e9s a hamis h\u00edrek elleni k\u00fczdelemmel kapcsolatosan.<\/p>\n\t\t\t\t\t\t\t\t<\/div>\n\t\t\t\t<\/div>\n\t\t\t\t\t<\/div>\n\t\t<\/div>\n\t\t\t\t\t<\/div>\n\t\t<\/section>\n\t\t\t\t<section class=\"elementor-section elementor-top-section elementor-element elementor-element-42b7d2d elementor-section-full_width elementor-section-height-min-height elementor-section-items-stretch elementor-section-content-middle elementor-reverse-mobile elementor-section-height-default\" data-id=\"42b7d2d\" data-element_type=\"section\" data-e-type=\"section\">\n\t\t\t\t\t\t<div class=\"elementor-container elementor-column-gap-no\">\n\t\t\t\t\t<div class=\"elementor-column elementor-col-50 elementor-top-column elementor-element elementor-element-27aa670\" data-id=\"27aa670\" data-element_type=\"column\" data-e-type=\"column\" data-settings=\"{&quot;background_background&quot;:&quot;classic&quot;}\">\n\t\t\t<div class=\"elementor-widget-wrap elementor-element-populated\">\n\t\t\t\t\t\t<div class=\"elementor-element elementor-element-2f43c89 elementor-widget elementor-widget-heading\" data-id=\"2f43c89\" data-element_type=\"widget\" data-e-type=\"widget\" data-widget_type=\"heading.default\">\n\t\t\t\t<div class=\"elementor-widget-container\">\n\t\t\t\t\t<h2 class=\"elementor-heading-title elementor-size-default\">Eszk\u00f6zt\u00e1r a kort\u00e1rs m\u00edtosz\u00edrt\u00f3 akci\u00f3kr\u00f3l<\/h2>\t\t\t\t<\/div>\n\t\t\t\t<\/div>\n\t\t\t\t<div class=\"elementor-element elementor-element-be74556 elementor-widget-divider--view-line elementor-widget elementor-widget-divider\" data-id=\"be74556\" data-element_type=\"widget\" data-e-type=\"widget\" data-widget_type=\"divider.default\">\n\t\t\t\t<div class=\"elementor-widget-container\">\n\t\t\t\t\t\t\t<div class=\"elementor-divider\">\n\t\t\t<span class=\"elementor-divider-separator\">\n\t\t\t\t\t\t<\/span>\n\t\t<\/div>\n\t\t\t\t\t\t<\/div>\n\t\t\t\t<\/div>\n\t\t\t\t<div class=\"elementor-element elementor-element-7ef9fdd elementor-widget elementor-widget-text-editor\" data-id=\"7ef9fdd\" data-element_type=\"widget\" data-e-type=\"widget\" data-widget_type=\"text-editor.default\">\n\t\t\t\t<div class=\"elementor-widget-container\">\n\t\t\t\t\t\t\t\t\t<p>Kidolgozunk egy eszk\u00f6zt\u00e1rat a m\u00edtoszirt\u00f3 akci\u00f3kr\u00f3l, amelyet a fiatal vezet\u0151k felhaszn\u00e1lnak az fiatalokat \u00e9rint\u0151 m\u00edtoszok felsz\u00e1mol\u00e1s\u00e1ra ir\u00e1nyul\u00f3 tev\u00e9kenys\u00e9gek megtervez\u00e9s\u00e9re \u00e9s v\u00e9grehajt\u00e1s\u00e1ra, amelynek c\u00e9lja a kiszolg\u00e1ltatott fiatalok (els\u0151sorban a KMRF csoportok) \u00e1llampolg\u00e1ri \u00e9s politikai elk\u00f6telezetts\u00e9g\u00e9nek el\u0151seg\u00edt\u00e9s\u00e9re.<\/p>\n\t\t\t\t\t\t\t\t<\/div>\n\t\t\t\t<\/div>\n\t\t\t\t\t<\/div>\n\t\t<\/div>\n\t\t\t\t<div class=\"elementor-column elementor-col-50 elementor-top-column elementor-element elementor-element-1e3b5bb\" data-id=\"1e3b5bb\" data-element_type=\"column\" data-e-type=\"column\" data-settings=\"{&quot;background_background&quot;:&quot;classic&quot;}\">\n\t\t\t<div class=\"elementor-widget-wrap elementor-element-populated\">\n\t\t\t\t\t\t<div class=\"elementor-element elementor-element-bde447b elementor-widget elementor-widget-heading\" data-id=\"bde447b\" data-element_type=\"widget\" data-e-type=\"widget\" data-widget_type=\"heading.default\">\n\t\t\t\t<div class=\"elementor-widget-container\">\n\t\t\t\t\t<h2 class=\"elementor-heading-title elementor-size-default\">M\u00edtosz\u00edrt\u00f3 csapatok<\/h2>\t\t\t\t<\/div>\n\t\t\t\t<\/div>\n\t\t\t\t<div class=\"elementor-element elementor-element-b01e362 elementor-widget-divider--view-line elementor-widget elementor-widget-divider\" data-id=\"b01e362\" data-element_type=\"widget\" data-e-type=\"widget\" data-widget_type=\"divider.default\">\n\t\t\t\t<div class=\"elementor-widget-container\">\n\t\t\t\t\t\t\t<div class=\"elementor-divider\">\n\t\t\t<span class=\"elementor-divider-separator\">\n\t\t\t\t\t\t<\/span>\n\t\t<\/div>\n\t\t\t\t\t\t<\/div>\n\t\t\t\t<\/div>\n\t\t\t\t<div class=\"elementor-element elementor-element-789648e elementor-widget elementor-widget-text-editor\" data-id=\"789648e\" data-element_type=\"widget\" data-e-type=\"widget\" data-widget_type=\"text-editor.default\">\n\t\t\t\t<div class=\"elementor-widget-container\">\n\t\t\t\t\t\t\t\t\t<p>A fiatal vezet\u0151k m\u00edtoszirt\u00f3 csoportokat szerveznek, amelyek c\u00e9lja az \u00e9rintett fiatalok \u00e9s m\u00e1s vesz\u00e9lyeztetett csoportok \u00e1llampolg\u00e1ri \u00e9s politikai elk\u00f6telezetts\u00e9g\u00e9nek el\u0151mozd\u00edt\u00e1sa. Ezek a csapatok KMRF-ekb\u0151l \u00e9s m\u00e1s kiszolg\u00e1ltatott fiatalokb\u00f3l \u00e1llnak.<\/p>\n<p>A m\u00edtoszirt\u00f3 csapatok f\u0151 tev\u00e9kenys\u00e9ge a hamis h\u00edrek, propaganda, gy\u0171l\u00f6letbesz\u00e9d \u00e9s a manipul\u00e1ci\u00f3 azonos\u00edt\u00e1sa lesz.<\/p>\n\t\t\t\t\t\t\t\t<\/div>\n\t\t\t\t<\/div>\n\t\t\t\t\t<\/div>\n\t\t<\/div>\n\t\t\t\t\t<\/div>\n\t\t<\/section>\n\t\t\t\t<section class=\"elementor-section elementor-top-section elementor-element elementor-element-fe6586a elementor-section-full_width elementor-section-height-min-height elementor-section-items-stretch elementor-section-content-middle elementor-reverse-mobile elementor-section-height-default\" data-id=\"fe6586a\" data-element_type=\"section\" data-e-type=\"section\">\n\t\t\t\t\t\t<div class=\"elementor-container elementor-column-gap-no\">\n\t\t\t\t\t<div class=\"elementor-column elementor-col-50 elementor-top-column elementor-element elementor-element-6d0484c\" data-id=\"6d0484c\" data-element_type=\"column\" data-e-type=\"column\" data-settings=\"{&quot;background_background&quot;:&quot;classic&quot;}\">\n\t\t\t<div class=\"elementor-widget-wrap elementor-element-populated\">\n\t\t\t\t\t\t<div class=\"elementor-element elementor-element-8fd36c3 elementor-widget elementor-widget-heading\" data-id=\"8fd36c3\" data-element_type=\"widget\" data-e-type=\"widget\" data-widget_type=\"heading.default\">\n\t\t\t\t<div class=\"elementor-widget-container\">\n\t\t\t\t\t<h2 class=\"elementor-heading-title elementor-size-default\">Politikai aj\u00e1nl\u00e1sok az ifj\u00fas\u00e1g polg\u00e1ri \u00e9s politikai elk\u00f6telezetts\u00e9g\u00e9nek \u00e9s r\u00e9szv\u00e9tel\u00e9nek fokoz\u00e1s\u00e1ra<\/h2>\t\t\t\t<\/div>\n\t\t\t\t<\/div>\n\t\t\t\t<div class=\"elementor-element elementor-element-933db4e elementor-widget-divider--view-line elementor-widget elementor-widget-divider\" data-id=\"933db4e\" data-element_type=\"widget\" data-e-type=\"widget\" data-widget_type=\"divider.default\">\n\t\t\t\t<div class=\"elementor-widget-container\">\n\t\t\t\t\t\t\t<div class=\"elementor-divider\">\n\t\t\t<span class=\"elementor-divider-separator\">\n\t\t\t\t\t\t<\/span>\n\t\t<\/div>\n\t\t\t\t\t\t<\/div>\n\t\t\t\t<\/div>\n\t\t\t\t<div class=\"elementor-element elementor-element-60d308f elementor-widget elementor-widget-text-editor\" data-id=\"60d308f\" data-element_type=\"widget\" data-e-type=\"widget\" data-widget_type=\"text-editor.default\">\n\t\t\t\t<div class=\"elementor-widget-container\">\n\t\t\t\t\t\t\t\t\t<p>Aj\u00e1nl\u00e1sokat, orsz\u00e1gos \u00e9s eur\u00f3pai szint\u0171 dokumentumokat dolgozunk ki az ifj\u00fas\u00e1g (els\u0151sorban a KMRF-k) \u00e1llampolg\u00e1ri \u00e9s politikai r\u00e9szv\u00e9tel\u00e9vel kapcsolatos bev\u00e1lt gyakorlatok, m\u00f3dszerek \u00e9s tev\u00e9kenys\u00e9gek t\u00e1mogat\u00e1s\u00e1ra.<\/p>\n\t\t\t\t\t\t\t\t<\/div>\n\t\t\t\t<\/div>\n\t\t\t\t\t<\/div>\n\t\t<\/div>\n\t\t\t\t<div class=\"elementor-column elementor-col-50 elementor-top-column elementor-element elementor-element-d369bf8 elementor-hidden-phone\" data-id=\"d369bf8\" data-element_type=\"column\" data-e-type=\"column\" data-settings=\"{&quot;background_background&quot;:&quot;classic&quot;}\">\n\t\t\t<div class=\"elementor-widget-wrap elementor-element-populated\">\n\t\t\t\t\t\t<div class=\"elementor-element elementor-element-34ed455 elementor-widget elementor-widget-heading\" data-id=\"34ed455\" data-element_type=\"widget\" data-e-type=\"widget\" data-widget_type=\"heading.default\">\n\t\t\t\t<div class=\"elementor-widget-container\">\n\t\t\t\t\t<h2 class=\"elementor-heading-title elementor-size-default\">H\u00cdRLEV\u00c9L<\/h2>\t\t\t\t<\/div>\n\t\t\t\t<\/div>\n\t\t\t\t<div class=\"elementor-element elementor-element-6346fbb elementor-widget-divider--view-line elementor-widget elementor-widget-divider\" data-id=\"6346fbb\" data-element_type=\"widget\" data-e-type=\"widget\" data-widget_type=\"divider.default\">\n\t\t\t\t<div class=\"elementor-widget-container\">\n\t\t\t\t\t\t\t<div class=\"elementor-divider\">\n\t\t\t<span class=\"elementor-divider-separator\">\n\t\t\t\t\t\t<\/span>\n\t\t<\/div>\n\t\t\t\t\t\t<\/div>\n\t\t\t\t<\/div>\n\t\t\t\t<div class=\"elementor-element elementor-element-842a2e3 elementor-button-align-stretch elementor-widget elementor-widget-form\" data-id=\"842a2e3\" data-element_type=\"widget\" data-e-type=\"widget\" data-settings=\"{&quot;button_width&quot;:&quot;25&quot;,&quot;button_width_tablet&quot;:&quot;100&quot;,&quot;step_next_label&quot;:&quot;K\\u00f6vetkez\\u0151&quot;,&quot;step_previous_label&quot;:&quot;El\\u0151z\\u0151&quot;,&quot;step_type&quot;:&quot;number_text&quot;,&quot;step_icon_shape&quot;:&quot;circle&quot;}\" data-widget_type=\"form.default\">\n\t\t\t\t<div class=\"elementor-widget-container\">\n\t\t\t\t\t\t\t<form class=\"elementor-form\" method=\"post\" name=\"New Form\" aria-label=\"New Form\">\n\t\t\t<input type=\"hidden\" name=\"post_id\" value=\"1191\"\/>\n\t\t\t<input type=\"hidden\" name=\"form_id\" value=\"842a2e3\"\/>\n\t\t\t<input type=\"hidden\" name=\"referer_title\" value=\"Tev\u00e9kenys\u00e9gek\" \/>\n\n\t\t\t\t\t\t\t<input type=\"hidden\" name=\"queried_id\" value=\"1191\"\/>\n\t\t\t\n\t\t\t<div class=\"elementor-form-fields-wrapper elementor-labels-\">\n\t\t\t\t\t\t\t\t<div class=\"elementor-field-type-email elementor-field-group elementor-column elementor-field-group-email elementor-col-75 elementor-md-100 elementor-field-required\">\n\t\t\t\t\t\t\t\t\t\t\t\t<label for=\"form-field-email\" class=\"elementor-field-label elementor-screen-only\">\n\t\t\t\t\t\t\t\tEmail\t\t\t\t\t\t\t<\/label>\n\t\t\t\t\t\t\t\t\t\t\t\t\t\t<input size=\"1\" type=\"email\" name=\"form_fields[email]\" id=\"form-field-email\" class=\"elementor-field elementor-size-sm  elementor-field-textual\" placeholder=\"Email\" required=\"required\">\n\t\t\t\t\t\t\t\t\t\t\t<\/div>\n\t\t\t\t\t\t\t\t<div class=\"elementor-field-group elementor-column elementor-field-type-submit elementor-col-25 e-form__buttons elementor-md-100\">\n\t\t\t\t\t<button class=\"elementor-button elementor-size-sm\" type=\"submit\">\n\t\t\t\t\t\t<span class=\"elementor-button-content-wrapper\">\n\t\t\t\t\t\t\t\t\t\t\t\t\t\t\t<span class=\"elementor-button-icon\">\n\t\t\t\t\t\t\t\t\t<i aria-hidden=\"true\" class=\"fas fa-paper-plane\"><\/i>\t\t\t\t\t\t\t\t\t\t\t\t\t\t\t\t\t\t\t<span class=\"elementor-screen-only\">Elk\u00fcld\u00f6m<\/span>\n\t\t\t\t\t\t\t\t\t\t\t\t\t\t\t\t\t<\/span>\n\t\t\t\t\t\t\t\t\t\t\t\t\t\t\t\t\t\t\t\t<\/span>\n\t\t\t\t\t<\/button>\n\t\t\t\t<\/div>\n\t\t\t<\/div>\n\t\t<\/form>\n\t\t\t\t\t\t<\/div>\n\t\t\t\t<\/div>\n\t\t\t\t<div class=\"elementor-element elementor-element-f34d188 elementor-widget elementor-widget-text-editor\" data-id=\"f34d188\" data-element_type=\"widget\" data-e-type=\"widget\" data-widget_type=\"text-editor.default\">\n\t\t\t\t<div class=\"elementor-widget-container\">\n\t\t\t\t\t\t\t\t\t<p>Iratkozz fel a h\u00edreinkre; \u00edg\u00e9rj\u00fck, nem szemetel\u00fcnk!<\/p>\n\t\t\t\t\t\t\t\t<\/div>\n\t\t\t\t<\/div>\n\t\t\t\t<div class=\"elementor-element elementor-element-4a6a36e elementor-widget-divider--view-line elementor-widget elementor-widget-divider\" data-id=\"4a6a36e\" data-element_type=\"widget\" data-e-type=\"widget\" data-widget_type=\"divider.default\">\n\t\t\t\t<div class=\"elementor-widget-container\">\n\t\t\t\t\t\t\t<div class=\"elementor-divider\">\n\t\t\t<span class=\"elementor-divider-separator\">\n\t\t\t\t\t\t<\/span>\n\t\t<\/div>\n\t\t\t\t\t\t<\/div>\n\t\t\t\t<\/div>\n\t\t\t\t\t<\/div>\n\t\t<\/div>\n\t\t\t\t\t<\/div>\n\t\t<\/section>\n\t\t\t\t<\/div>\n\t\t","protected":false},"excerpt":{"rendered":"<p>YOUTH MYTH BUSTERS Tev\u00e9kenys\u00e9gek K\u00e9pz\u00e9si anyag a fiatal vezet\u0151k sz\u00e1m\u00e1ra Tananyagot fejleszt\u00fcnk a fiatal influencerek (orsz\u00e1gonk\u00e9nt 5 f\u0151) sz\u00e1m\u00e1ra arr\u00f3l, hogy mik\u00e9nt lehet t\u00e1rsaik (KMRF-ek \u00e9s m\u00e1s vesz\u00e9lyeztetett fiatalok) a m\u00e9diam\u0171velts\u00e9g \u00e9s a kritikus gondolkod\u00e1s r\u00e9v\u00e9n n\u00f6velni \u00e1llampolg\u00e1ri \u00e9s politikai elk\u00f6telezetts\u00e9g\u00e9t. A tananyag c\u00e9lja, hogy felk\u00e9sz\u00edtse a fiatal influencereket a vezet\u0151i szerepv\u00e1llal\u00e1s\u00e1ra, hogy \u00f6szt\u00f6n\u00f6zz\u00e9k t\u00e1rsaikat [&hellip;]<\/p>\n","protected":false},"author":4,"featured_media":0,"parent":1189,"menu_order":0,"comment_status":"closed","ping_status":"closed","template":"","meta":{"footnotes":""},"class_list":["post-1191","page","type-page","status-publish","hentry"],"_links":{"self":[{"href":"https:\/\/www.youthmythbusters.eu\/hu\/wp-json\/wp\/v2\/pages\/1191","targetHints":{"allow":["GET"]}}],"collection":[{"href":"https:\/\/www.youthmythbusters.eu\/hu\/wp-json\/wp\/v2\/pages"}],"about":[{"href":"https:\/\/www.youthmythbusters.eu\/hu\/wp-json\/wp\/v2\/types\/page"}],"author":[{"embeddable":true,"href":"https:\/\/www.youthmythbusters.eu\/hu\/wp-json\/wp\/v2\/users\/4"}],"replies":[{"embeddable":true,"href":"https:\/\/www.youthmythbusters.eu\/hu\/wp-json\/wp\/v2\/comments?post=1191"}],"version-history":[{"count":0,"href":"https:\/\/www.youthmythbusters.eu\/hu\/wp-json\/wp\/v2\/pages\/1191\/revisions"}],"up":[{"embeddable":true,"href":"https:\/\/www.youthmythbusters.eu\/hu\/wp-json\/wp\/v2\/pages\/1189"}],"wp:attachment":[{"href":"https:\/\/www.youthmythbusters.eu\/hu\/wp-json\/wp\/v2\/media?parent=1191"}],"curies":[{"name":"wp","href":"https:\/\/api.w.org\/{rel}","templated":true}]}}