{"id":1189,"date":"2019-12-31T11:44:49","date_gmt":"2019-12-31T11:44:49","guid":{"rendered":"https:\/\/www.youthmythbusters.eu\/a-projekt\/"},"modified":"2020-01-07T09:54:29","modified_gmt":"2020-01-07T09:54:29","slug":"a-projekt","status":"publish","type":"page","link":"https:\/\/www.youthmythbusters.eu\/hu\/a-projekt\/","title":{"rendered":"A PROJEKT"},"content":{"rendered":"\t\t<div data-elementor-type=\"wp-page\" data-elementor-id=\"1189\" class=\"elementor elementor-1189 elementor-21\" data-elementor-post-type=\"page\">\n\t\t\t\t\t\t<section class=\"elementor-section elementor-top-section elementor-element elementor-element-9ab4718 elementor-section-content-middle elementor-section-boxed elementor-section-height-default elementor-section-height-default\" data-id=\"9ab4718\" data-element_type=\"section\" data-e-type=\"section\" data-settings=\"{&quot;background_background&quot;:&quot;classic&quot;}\">\n\t\t\t\t\t\t\t<div class=\"elementor-background-overlay\"><\/div>\n\t\t\t\t\t\t\t<div class=\"elementor-container elementor-column-gap-no\">\n\t\t\t\t\t<div class=\"elementor-column elementor-col-100 elementor-top-column elementor-element elementor-element-4707800\" data-id=\"4707800\" data-element_type=\"column\" data-e-type=\"column\">\n\t\t\t<div class=\"elementor-widget-wrap elementor-element-populated\">\n\t\t\t\t\t\t<section class=\"elementor-section elementor-inner-section elementor-element elementor-element-0b85fd4 elementor-section-boxed elementor-section-height-default elementor-section-height-default\" data-id=\"0b85fd4\" data-element_type=\"section\" data-e-type=\"section\">\n\t\t\t\t\t\t<div class=\"elementor-container elementor-column-gap-default\">\n\t\t\t\t\t<div class=\"elementor-column elementor-col-50 elementor-inner-column elementor-element elementor-element-0c6753d\" data-id=\"0c6753d\" data-element_type=\"column\" data-e-type=\"column\">\n\t\t\t<div class=\"elementor-widget-wrap elementor-element-populated\">\n\t\t\t\t\t\t<div class=\"elementor-element elementor-element-c8cbeb9 elementor-widget elementor-widget-image\" data-id=\"c8cbeb9\" data-element_type=\"widget\" data-e-type=\"widget\" data-widget_type=\"image.default\">\n\t\t\t\t<div class=\"elementor-widget-container\">\n\t\t\t\t\t\t\t\t\t\t\t\t\t\t\t<img decoding=\"async\" width=\"64\" height=\"64\" src=\"https:\/\/www.youthmythbusters.eu\/wp-content\/uploads\/2019\/12\/young-mythbusters-challenge.png\" class=\"attachment-large size-large wp-image-509\" alt=\"\" \/>\t\t\t\t\t\t\t\t\t\t\t\t\t\t\t<\/div>\n\t\t\t\t<\/div>\n\t\t\t\t<div class=\"elementor-element elementor-element-3518ede elementor-widget elementor-widget-heading\" data-id=\"3518ede\" data-element_type=\"widget\" data-e-type=\"widget\" data-widget_type=\"heading.default\">\n\t\t\t\t<div class=\"elementor-widget-container\">\n\t\t\t\t\t<h2 class=\"elementor-heading-title elementor-size-default\">Kih\u00edv\u00e1s<\/h2>\t\t\t\t<\/div>\n\t\t\t\t<\/div>\n\t\t\t\t<div class=\"elementor-element elementor-element-ce94b26 elementor-widget elementor-widget-text-editor\" data-id=\"ce94b26\" data-element_type=\"widget\" data-e-type=\"widget\" data-widget_type=\"text-editor.default\">\n\t\t\t\t<div class=\"elementor-widget-container\">\n\t\t\t\t\t\t\t\t\t<p>Az Eurofound szerint a 15-20 \u00e9ves, az oktat\u00e1sban, a munkaer\u0151piacon vagy egy\u00e9b k\u00e9pz\u00e9sben r\u00e9szt nem vev\u0151 fiatalok kev\u00e9sb\u00e9 \u00e9rdekl\u0151dnek a politika ir\u00e1nt (csak 28,7%), alacsony szavazati hajland\u00f3s\u00e1got \u00e9s t\u00e1rsadalmi r\u00e9szv\u00e9telt mutatnak, mint akik tanulnak, dolgoznak&#8230;<\/p>\n\t\t\t\t\t\t\t\t<\/div>\n\t\t\t\t<\/div>\n\t\t\t\t\t<\/div>\n\t\t<\/div>\n\t\t\t\t<div class=\"elementor-column elementor-col-50 elementor-inner-column elementor-element elementor-element-426449f\" data-id=\"426449f\" data-element_type=\"column\" data-e-type=\"column\">\n\t\t\t<div class=\"elementor-widget-wrap elementor-element-populated\">\n\t\t\t\t\t\t<div class=\"elementor-element elementor-element-3303e60 elementor-widget elementor-widget-image\" data-id=\"3303e60\" data-element_type=\"widget\" data-e-type=\"widget\" data-widget_type=\"image.default\">\n\t\t\t\t<div class=\"elementor-widget-container\">\n\t\t\t\t\t\t\t\t\t\t\t\t\t\t\t<img decoding=\"async\" width=\"64\" height=\"64\" src=\"https:\/\/www.youthmythbusters.eu\/wp-content\/uploads\/2019\/12\/young-mythbusters-innovation.png\" class=\"attachment-large size-large wp-image-514\" alt=\"\" \/>\t\t\t\t\t\t\t\t\t\t\t\t\t\t\t<\/div>\n\t\t\t\t<\/div>\n\t\t\t\t<div class=\"elementor-element elementor-element-935ceb3 elementor-widget elementor-widget-heading\" data-id=\"935ceb3\" data-element_type=\"widget\" data-e-type=\"widget\" data-widget_type=\"heading.default\">\n\t\t\t\t<div class=\"elementor-widget-container\">\n\t\t\t\t\t<h2 class=\"elementor-heading-title elementor-size-default\">Innov\u00e1ci\u00f3<\/h2>\t\t\t\t<\/div>\n\t\t\t\t<\/div>\n\t\t\t\t<div class=\"elementor-element elementor-element-1076143 elementor-widget elementor-widget-text-editor\" data-id=\"1076143\" data-element_type=\"widget\" data-e-type=\"widget\" data-widget_type=\"text-editor.default\">\n\t\t\t\t<div class=\"elementor-widget-container\">\n\t\t\t\t\t\t\t\t\t<p>Ebben a projektben a fiatal bloggereket, influencereket \u00f6szt\u00f6n\u00f6zz\u00fck vezet\u0151i szerepv\u00e1llal\u00e1sra \u00e9s a t\u00e1rsadalmi kirekeszt\u00e9s kock\u00e1zat\u00e1nak kitett t\u00e1rsaik (els\u0151sorban a KMRF csoport)&#8230;<\/p>\n\t\t\t\t\t\t\t\t<\/div>\n\t\t\t\t<\/div>\n\t\t\t\t\t<\/div>\n\t\t<\/div>\n\t\t\t\t\t<\/div>\n\t\t<\/section>\n\t\t\t\t<section class=\"elementor-section elementor-inner-section elementor-element elementor-element-b480079 elementor-section-boxed elementor-section-height-default elementor-section-height-default\" data-id=\"b480079\" data-element_type=\"section\" data-e-type=\"section\">\n\t\t\t\t\t\t<div class=\"elementor-container elementor-column-gap-default\">\n\t\t\t\t\t<div class=\"elementor-column elementor-col-100 elementor-inner-column elementor-element elementor-element-4428b92\" data-id=\"4428b92\" data-element_type=\"column\" data-e-type=\"column\">\n\t\t\t<div class=\"elementor-widget-wrap elementor-element-populated\">\n\t\t\t\t\t\t<div class=\"elementor-element elementor-element-ed968bc elementor-hidden-phone elementor-widget-divider--view-line elementor-widget elementor-widget-divider\" data-id=\"ed968bc\" data-element_type=\"widget\" data-e-type=\"widget\" data-widget_type=\"divider.default\">\n\t\t\t\t<div class=\"elementor-widget-container\">\n\t\t\t\t\t\t\t<div class=\"elementor-divider\">\n\t\t\t<span class=\"elementor-divider-separator\">\n\t\t\t\t\t\t<\/span>\n\t\t<\/div>\n\t\t\t\t\t\t<\/div>\n\t\t\t\t<\/div>\n\t\t\t\t\t<\/div>\n\t\t<\/div>\n\t\t\t\t\t<\/div>\n\t\t<\/section>\n\t\t\t\t<section class=\"elementor-section elementor-inner-section elementor-element elementor-element-b073fea elementor-section-boxed elementor-section-height-default elementor-section-height-default\" data-id=\"b073fea\" data-element_type=\"section\" data-e-type=\"section\">\n\t\t\t\t\t\t<div class=\"elementor-container elementor-column-gap-default\">\n\t\t\t\t\t<div class=\"elementor-column elementor-col-50 elementor-inner-column elementor-element elementor-element-7c414ae\" data-id=\"7c414ae\" data-element_type=\"column\" data-e-type=\"column\">\n\t\t\t<div class=\"elementor-widget-wrap elementor-element-populated\">\n\t\t\t\t\t\t<div class=\"elementor-element elementor-element-c1fe41e elementor-widget elementor-widget-image\" data-id=\"c1fe41e\" data-element_type=\"widget\" data-e-type=\"widget\" data-widget_type=\"image.default\">\n\t\t\t\t<div class=\"elementor-widget-container\">\n\t\t\t\t\t\t\t\t\t\t\t\t\t\t\t<img decoding=\"async\" width=\"64\" height=\"64\" src=\"https:\/\/www.youthmythbusters.eu\/wp-content\/uploads\/2019\/12\/young-mythbusters-objectives.png\" class=\"attachment-large size-large wp-image-519\" alt=\"\" \/>\t\t\t\t\t\t\t\t\t\t\t\t\t\t\t<\/div>\n\t\t\t\t<\/div>\n\t\t\t\t<div class=\"elementor-element elementor-element-1c4442c elementor-widget elementor-widget-heading\" data-id=\"1c4442c\" data-element_type=\"widget\" data-e-type=\"widget\" data-widget_type=\"heading.default\">\n\t\t\t\t<div class=\"elementor-widget-container\">\n\t\t\t\t\t<h2 class=\"elementor-heading-title elementor-size-default\">C\u00e9lok<\/h2>\t\t\t\t<\/div>\n\t\t\t\t<\/div>\n\t\t\t\t<div class=\"elementor-element elementor-element-4678410 elementor-widget elementor-widget-text-editor\" data-id=\"4678410\" data-element_type=\"widget\" data-e-type=\"widget\" data-widget_type=\"text-editor.default\">\n\t\t\t\t<div class=\"elementor-widget-container\">\n\t\t\t\t\t\t\t\t\t<p>A YouthMythBusters (YMB) projekt c\u00e9lja a fiatalok \u00e9s a t\u00e1rsadalmi kirekeszt\u00e9s \u00e1ltal vesz\u00e9lyeztetett csoportok bevon\u00e1sa a demokratikus \u00e9s az akt\u00edv \u00e1llampolg\u00e1ri \u00e9letbe, valamint kritikai gondolkod\u00e1suk \u00e9s m\u00e9diam\u0171velts\u00e9g\u00fck fejleszt\u00e9se&#8230;<\/p>\n\t\t\t\t\t\t\t\t<\/div>\n\t\t\t\t<\/div>\n\t\t\t\t\t<\/div>\n\t\t<\/div>\n\t\t\t\t<div class=\"elementor-column elementor-col-50 elementor-inner-column elementor-element elementor-element-1180c1f\" data-id=\"1180c1f\" data-element_type=\"column\" data-e-type=\"column\">\n\t\t\t<div class=\"elementor-widget-wrap elementor-element-populated\">\n\t\t\t\t\t\t<div class=\"elementor-element elementor-element-98b5ef7 elementor-widget elementor-widget-image\" data-id=\"98b5ef7\" data-element_type=\"widget\" data-e-type=\"widget\" data-widget_type=\"image.default\">\n\t\t\t\t<div class=\"elementor-widget-container\">\n\t\t\t\t\t\t\t\t\t\t\t\t\t\t\t<img decoding=\"async\" src=\"https:\/\/www.youthmythbusters.eu\/wp-content\/uploads\/elementor\/thumbs\/young-mythbusters-actions-ohws3j0mvdyo67du4x4ri26phz5b2py4yvh79caoq0.png\" title=\"young-mythbusters-actions\" alt=\"young-mythbusters-actions\" loading=\"lazy\" \/>\t\t\t\t\t\t\t\t\t\t\t\t\t\t\t<\/div>\n\t\t\t\t<\/div>\n\t\t\t\t<div class=\"elementor-element elementor-element-9526487 elementor-widget elementor-widget-heading\" data-id=\"9526487\" data-element_type=\"widget\" data-e-type=\"widget\" data-widget_type=\"heading.default\">\n\t\t\t\t<div class=\"elementor-widget-container\">\n\t\t\t\t\t<h2 class=\"elementor-heading-title elementor-size-default\">Tev\u00e9kenys\u00e9gek<\/h2>\t\t\t\t<\/div>\n\t\t\t\t<\/div>\n\t\t\t\t<div class=\"elementor-element elementor-element-dbcfa2b elementor-widget elementor-widget-text-editor\" data-id=\"dbcfa2b\" data-element_type=\"widget\" data-e-type=\"widget\" data-widget_type=\"text-editor.default\">\n\t\t\t\t<div class=\"elementor-widget-container\">\n\t\t\t\t\t\t\t\t\t<p>Tananyagot fejleszt\u00fcnk a fiatal influencerek (orsz\u00e1gonk\u00e9nt 5 f\u0151) sz\u00e1m\u00e1ra arr\u00f3l, hogy mik\u00e9nt lehet t\u00e1rsaik (KMRF-ek \u00e9s m\u00e1s vesz\u00e9lyeztetett fiatalok) a m\u00e9diam\u0171velts\u00e9g \u00e9s a kritikus gondolkod\u00e1s r\u00e9v\u00e9n n\u00f6velni \u00e1llampolg\u00e1ri \u00e9s politikai elk\u00f6telezetts\u00e9g\u00e9t&#8230;<\/p>\n\t\t\t\t\t\t\t\t<\/div>\n\t\t\t\t<\/div>\n\t\t\t\t\t<\/div>\n\t\t<\/div>\n\t\t\t\t\t<\/div>\n\t\t<\/section>\n\t\t\t\t\t<\/div>\n\t\t<\/div>\n\t\t\t\t\t<\/div>\n\t\t<\/section>\n\t\t\t\t<\/div>\n\t\t","protected":false},"excerpt":{"rendered":"<p>YOUTH MYTH BUSTERS A PROJEKT Kih\u00edv\u00e1s Az Eurofound szerint a 15-20 \u00e9ves, az oktat\u00e1sban, a munkaer\u0151piacon vagy egy\u00e9b k\u00e9pz\u00e9sben r\u00e9szt nem vev\u0151 fiatalok kev\u00e9sb\u00e9 \u00e9rdekl\u0151dnek a politika ir\u00e1nt (csak 28,7%), alacsony szavazati hajland\u00f3s\u00e1got \u00e9s t\u00e1rsadalmi r\u00e9szv\u00e9telt mutatnak, mint akik tanulnak, dolgoznak&#8230; Tov\u00e1bb Innov\u00e1ci\u00f3 Ebben a projektben a fiatal bloggereket, influencereket \u00f6szt\u00f6n\u00f6zz\u00fck vezet\u0151i szerepv\u00e1llal\u00e1sra \u00e9s a [&hellip;]<\/p>\n","protected":false},"author":4,"featured_media":0,"parent":0,"menu_order":0,"comment_status":"closed","ping_status":"closed","template":"","meta":{"footnotes":""},"class_list":["post-1189","page","type-page","status-publish","hentry"],"_links":{"self":[{"href":"https:\/\/www.youthmythbusters.eu\/hu\/wp-json\/wp\/v2\/pages\/1189","targetHints":{"allow":["GET"]}}],"collection":[{"href":"https:\/\/www.youthmythbusters.eu\/hu\/wp-json\/wp\/v2\/pages"}],"about":[{"href":"https:\/\/www.youthmythbusters.eu\/hu\/wp-json\/wp\/v2\/types\/page"}],"author":[{"embeddable":true,"href":"https:\/\/www.youthmythbusters.eu\/hu\/wp-json\/wp\/v2\/users\/4"}],"replies":[{"embeddable":true,"href":"https:\/\/www.youthmythbusters.eu\/hu\/wp-json\/wp\/v2\/comments?post=1189"}],"version-history":[{"count":0,"href":"https:\/\/www.youthmythbusters.eu\/hu\/wp-json\/wp\/v2\/pages\/1189\/revisions"}],"wp:attachment":[{"href":"https:\/\/www.youthmythbusters.eu\/hu\/wp-json\/wp\/v2\/media?parent=1189"}],"curies":[{"name":"wp","href":"https:\/\/api.w.org\/{rel}","templated":true}]}}