{"id":1107,"date":"2019-12-31T10:05:51","date_gmt":"2019-12-31T10:05:51","guid":{"rendered":"https:\/\/www.youthmythbusters.eu\/o-projektu\/inovace\/"},"modified":"2019-12-31T10:05:52","modified_gmt":"2019-12-31T10:05:52","slug":"inovace","status":"publish","type":"page","link":"https:\/\/www.youthmythbusters.eu\/cs\/o-projektu\/inovace\/","title":{"rendered":"Inovace"},"content":{"rendered":"\t\t<div data-elementor-type=\"wp-page\" data-elementor-id=\"1107\" class=\"elementor elementor-1107 elementor-23\" data-elementor-post-type=\"page\">\n\t\t\t\t\t\t<section class=\"elementor-section elementor-top-section elementor-element elementor-element-4e77193 elementor-section-content-middle elementor-section-boxed elementor-section-height-default elementor-section-height-default\" data-id=\"4e77193\" data-element_type=\"section\" data-e-type=\"section\" data-settings=\"{&quot;background_background&quot;:&quot;classic&quot;}\">\n\t\t\t\t\t\t\t<div class=\"elementor-background-overlay\"><\/div>\n\t\t\t\t\t\t\t<div class=\"elementor-container elementor-column-gap-no\">\n\t\t\t\t\t<div class=\"elementor-column elementor-col-100 elementor-top-column elementor-element elementor-element-270a98e\" data-id=\"270a98e\" data-element_type=\"column\" data-e-type=\"column\">\n\t\t\t<div class=\"elementor-widget-wrap\">\n\t\t\t\t\t\t\t<\/div>\n\t\t<\/div>\n\t\t\t\t\t<\/div>\n\t\t<\/section>\n\t\t\t\t<section class=\"elementor-section elementor-top-section elementor-element elementor-element-4059f91 elementor-section-full_width elementor-section-height-default elementor-section-height-default\" data-id=\"4059f91\" data-element_type=\"section\" data-e-type=\"section\">\n\t\t\t\t\t\t<div class=\"elementor-container elementor-column-gap-no\">\n\t\t\t\t\t<div class=\"elementor-column elementor-col-50 elementor-top-column elementor-element elementor-element-8ce6f99\" data-id=\"8ce6f99\" data-element_type=\"column\" data-e-type=\"column\" data-settings=\"{&quot;background_background&quot;:&quot;classic&quot;}\">\n\t\t\t<div class=\"elementor-widget-wrap\">\n\t\t\t\t\t\t\t<\/div>\n\t\t<\/div>\n\t\t\t\t<div class=\"elementor-column elementor-col-50 elementor-top-column elementor-element elementor-element-3bf02e8\" data-id=\"3bf02e8\" data-element_type=\"column\" data-e-type=\"column\">\n\t\t\t<div class=\"elementor-widget-wrap elementor-element-populated\">\n\t\t\t\t\t\t<div class=\"elementor-element elementor-element-a4c146d elementor-widget elementor-widget-text-editor\" data-id=\"a4c146d\" data-element_type=\"widget\" data-e-type=\"widget\" data-widget_type=\"text-editor.default\">\n\t\t\t\t<div class=\"elementor-widget-container\">\n\t\t\t\t\t\t\t\t\t<p>Iniciativa YouthMythBusters stimuluje mlad\u00e9 blogery k tomu, aby p\u0159evzali roli v\u016fdce a pos\u00edlili sv\u00e9 sleduj\u00edc\u00ed ohro\u017een\u00e9 soci\u00e1ln\u00edm vylou\u010den\u00edm (zejm\u00e9na NEET), podporovali ob\u010dansk\u00e9 a politick\u00e9 zapojen\u00ed t\u011bchto osob a bojovali proti fale\u0161n\u00fdm zpr\u00e1v\u00e1m, manipulaci a propagand\u011b.<\/p>\n\t\t\t\t\t\t\t\t<\/div>\n\t\t\t\t<\/div>\n\t\t\t\t\t<\/div>\n\t\t<\/div>\n\t\t\t\t\t<\/div>\n\t\t<\/section>\n\t\t\t\t<\/div>\n\t\t","protected":false},"excerpt":{"rendered":"<p>YOUTH MYTH BUSTERS Inovace Iniciativa YouthMythBusters stimuluje mlad\u00e9 blogery k tomu, aby p\u0159evzali roli v\u016fdce a pos\u00edlili sv\u00e9 sleduj\u00edc\u00ed ohro\u017een\u00e9 soci\u00e1ln\u00edm vylou\u010den\u00edm (zejm\u00e9na NEET), podporovali ob\u010dansk\u00e9 a politick\u00e9 zapojen\u00ed t\u011bchto osob a bojovali proti fale\u0161n\u00fdm zpr\u00e1v\u00e1m, manipulaci a propagand\u011b.<\/p>\n","protected":false},"author":4,"featured_media":0,"parent":1101,"menu_order":0,"comment_status":"closed","ping_status":"closed","template":"","meta":{"footnotes":""},"class_list":["post-1107","page","type-page","status-publish","hentry"],"_links":{"self":[{"href":"https:\/\/www.youthmythbusters.eu\/cs\/wp-json\/wp\/v2\/pages\/1107","targetHints":{"allow":["GET"]}}],"collection":[{"href":"https:\/\/www.youthmythbusters.eu\/cs\/wp-json\/wp\/v2\/pages"}],"about":[{"href":"https:\/\/www.youthmythbusters.eu\/cs\/wp-json\/wp\/v2\/types\/page"}],"author":[{"embeddable":true,"href":"https:\/\/www.youthmythbusters.eu\/cs\/wp-json\/wp\/v2\/users\/4"}],"replies":[{"embeddable":true,"href":"https:\/\/www.youthmythbusters.eu\/cs\/wp-json\/wp\/v2\/comments?post=1107"}],"version-history":[{"count":0,"href":"https:\/\/www.youthmythbusters.eu\/cs\/wp-json\/wp\/v2\/pages\/1107\/revisions"}],"up":[{"embeddable":true,"href":"https:\/\/www.youthmythbusters.eu\/cs\/wp-json\/wp\/v2\/pages\/1101"}],"wp:attachment":[{"href":"https:\/\/www.youthmythbusters.eu\/cs\/wp-json\/wp\/v2\/media?parent=1107"}],"curies":[{"name":"wp","href":"https:\/\/api.w.org\/{rel}","templated":true}]}}