{"id":1105,"date":"2019-12-31T10:05:01","date_gmt":"2019-12-31T10:05:01","guid":{"rendered":"https:\/\/www.youthmythbusters.eu\/o-projektu\/vyzva\/"},"modified":"2019-12-31T10:05:03","modified_gmt":"2019-12-31T10:05:03","slug":"vyzva","status":"publish","type":"page","link":"https:\/\/www.youthmythbusters.eu\/cs\/o-projektu\/vyzva\/","title":{"rendered":"V\u00fdzva"},"content":{"rendered":"\t\t<div data-elementor-type=\"wp-page\" data-elementor-id=\"1105\" class=\"elementor elementor-1105 elementor-22\" data-elementor-post-type=\"page\">\n\t\t\t\t\t\t<section class=\"elementor-section elementor-top-section elementor-element elementor-element-d9b256f elementor-section-content-middle elementor-section-boxed elementor-section-height-default elementor-section-height-default\" data-id=\"d9b256f\" data-element_type=\"section\" data-e-type=\"section\" data-settings=\"{&quot;background_background&quot;:&quot;classic&quot;}\">\n\t\t\t\t\t\t\t<div class=\"elementor-background-overlay\"><\/div>\n\t\t\t\t\t\t\t<div class=\"elementor-container elementor-column-gap-no\">\n\t\t\t\t\t<div class=\"elementor-column elementor-col-100 elementor-top-column elementor-element elementor-element-1e1b144\" data-id=\"1e1b144\" data-element_type=\"column\" data-e-type=\"column\">\n\t\t\t<div class=\"elementor-widget-wrap\">\n\t\t\t\t\t\t\t<\/div>\n\t\t<\/div>\n\t\t\t\t\t<\/div>\n\t\t<\/section>\n\t\t\t\t<section class=\"elementor-section elementor-top-section elementor-element elementor-element-16b8b62 elementor-section-full_width elementor-section-height-default elementor-section-height-default\" data-id=\"16b8b62\" data-element_type=\"section\" data-e-type=\"section\">\n\t\t\t\t\t\t<div class=\"elementor-container elementor-column-gap-no\">\n\t\t\t\t\t<div class=\"elementor-column elementor-col-50 elementor-top-column elementor-element elementor-element-ebc9dd2\" data-id=\"ebc9dd2\" data-element_type=\"column\" data-e-type=\"column\" data-settings=\"{&quot;background_background&quot;:&quot;classic&quot;}\">\n\t\t\t<div class=\"elementor-widget-wrap\">\n\t\t\t\t\t\t\t<\/div>\n\t\t<\/div>\n\t\t\t\t<div class=\"elementor-column elementor-col-50 elementor-top-column elementor-element elementor-element-eae1c60\" data-id=\"eae1c60\" data-element_type=\"column\" data-e-type=\"column\">\n\t\t\t<div class=\"elementor-widget-wrap elementor-element-populated\">\n\t\t\t\t\t\t<div class=\"elementor-element elementor-element-8ba0f4e elementor-widget elementor-widget-text-editor\" data-id=\"8ba0f4e\" data-element_type=\"widget\" data-e-type=\"widget\" data-widget_type=\"text-editor.default\">\n\t\t\t\t<div class=\"elementor-widget-container\">\n\t\t\t\t\t\t\t\t\t<p>Podle <a href=\"https:\/\/www.eurofound.europa.eu\/young-people-and-neets-1\" target=\"_blank\" rel=\"noopener\">Eurofoundu<\/a>, mlad\u00ed lid\u00e9 ve v\u011bku 15\u201320 let, kte\u0159\u00ed nestuduj\u00ed, nepracuj\u00ed a ani se nep\u0159ipravuj\u00ed na zam\u011bstn\u00e1n\u00ed a \u017eiv\u00ed je p\u0159edev\u0161\u00edm rodi\u010de (NEET), se m\u00e9n\u011b zaj\u00edmaj\u00ed o politiku (pouze 28,7%) a projevuj\u00ed ni\u017e\u0161\u00ed soci\u00e1ln\u00ed \u00fa\u010dast ne\u017e ostatn\u00ed. Rostouc\u00ed vyu\u017e\u00edv\u00e1n\u00ed internetu a soci\u00e1ln\u00edch m\u00e9di\u00ed by eventu\u00e1ln\u011b mohlo v t\u00e9to souvislosti vytv\u00e1\u0159et nov\u00e9 cesty k politick\u00e9 a ob\u010dansk\u00e9 anga\u017eovanosti.<\/p>\n<p>Ve skute\u010dnosti <a href=\"https:\/\/ec.europa.eu\/commission\/commissioners\/2014-2019\/navracsics\/announcements\/eu-cooperation-strengthening-media-literacy-and-critical-thinking-education-and-training_en\" target=\"_blank\" rel=\"noopener\">80%<\/a> mlad\u00fdch lid\u00ed ve v\u011bku 16\u201329 let pou\u017e\u00edv\u00e1 internet a soci\u00e1ln\u00ed m\u00e9dia denn\u011b, av\u0161ak pouze 40% z nich m\u00e1 odpov\u00eddaj\u00edc\u00ed dovednosti a pouze <a href=\"https:\/\/ec.europa.eu\/commission\/commissioners\/2014-2019\/navracsics\/announcements\/eu-cooperation-strengthening-media-literacy-and-critical-thinking-education-and-training_en\" target=\"_blank\" rel=\"noopener\">2%<\/a> z nich projevuj\u00ed kritick\u00e9 my\u0161len\u00ed p\u0159i vyhled\u00e1v\u00e1n\u00ed informac\u00ed online. Tento probl\u00e9m se stal nov\u00fdmi v\u00fdzvami, proto\u017ee vzestup fale\u0161n\u00fdch zpr\u00e1v\u00a0 (Fake News) na internetu a soci\u00e1ln\u00edch m\u00e9di\u00edch vyvolal obavy. Dezinformace je z\u00e1rove\u0148 hlavn\u00ed hrozbou pro evropsk\u00e9 demokracie a spole\u010dnosti, \u010d\u00edm\u017e podr\u00fdv\u00e1 d\u016fv\u011bru ob\u010dan\u016f v demokracii a demokratick\u00e9 instituce.<\/p>\n<p>N\u00edzk\u00e1 ob\u010dansk\u00e1 a politick\u00e1 anga\u017eovanost a participace v\u00a0kombinaci s omezen\u00fdmi digit\u00e1ln\u00edmi dovednostmi mlad\u00fdch lid\u00ed (zejm\u00e9na NEET) zintenz\u00edvnila pot\u0159ebu zab\u00fdvat se ob\u011bma ot\u00e1zkami a sou\u010dasn\u011b \u010delit fale\u0161n\u00fdm zpr\u00e1v\u00e1m, propagand\u011b a manipulaci.<\/p>\n\t\t\t\t\t\t\t\t<\/div>\n\t\t\t\t<\/div>\n\t\t\t\t\t<\/div>\n\t\t<\/div>\n\t\t\t\t\t<\/div>\n\t\t<\/section>\n\t\t\t\t<\/div>\n\t\t","protected":false},"excerpt":{"rendered":"<p>YOUTH MYTH BUSTERS V\u00fdzva Podle Eurofoundu, mlad\u00ed lid\u00e9 ve v\u011bku 15\u201320 let, kte\u0159\u00ed nestuduj\u00ed, nepracuj\u00ed a ani se nep\u0159ipravuj\u00ed na zam\u011bstn\u00e1n\u00ed a \u017eiv\u00ed je p\u0159edev\u0161\u00edm rodi\u010de (NEET), se m\u00e9n\u011b zaj\u00edmaj\u00ed o politiku (pouze 28,7%) a projevuj\u00ed ni\u017e\u0161\u00ed soci\u00e1ln\u00ed \u00fa\u010dast ne\u017e ostatn\u00ed. Rostouc\u00ed vyu\u017e\u00edv\u00e1n\u00ed internetu a soci\u00e1ln\u00edch m\u00e9di\u00ed by eventu\u00e1ln\u011b mohlo v t\u00e9to souvislosti vytv\u00e1\u0159et nov\u00e9 [&hellip;]<\/p>\n","protected":false},"author":4,"featured_media":0,"parent":1101,"menu_order":0,"comment_status":"closed","ping_status":"closed","template":"elementor_header_footer","meta":{"footnotes":""},"class_list":["post-1105","page","type-page","status-publish","hentry"],"_links":{"self":[{"href":"https:\/\/www.youthmythbusters.eu\/cs\/wp-json\/wp\/v2\/pages\/1105","targetHints":{"allow":["GET"]}}],"collection":[{"href":"https:\/\/www.youthmythbusters.eu\/cs\/wp-json\/wp\/v2\/pages"}],"about":[{"href":"https:\/\/www.youthmythbusters.eu\/cs\/wp-json\/wp\/v2\/types\/page"}],"author":[{"embeddable":true,"href":"https:\/\/www.youthmythbusters.eu\/cs\/wp-json\/wp\/v2\/users\/4"}],"replies":[{"embeddable":true,"href":"https:\/\/www.youthmythbusters.eu\/cs\/wp-json\/wp\/v2\/comments?post=1105"}],"version-history":[{"count":0,"href":"https:\/\/www.youthmythbusters.eu\/cs\/wp-json\/wp\/v2\/pages\/1105\/revisions"}],"up":[{"embeddable":true,"href":"https:\/\/www.youthmythbusters.eu\/cs\/wp-json\/wp\/v2\/pages\/1101"}],"wp:attachment":[{"href":"https:\/\/www.youthmythbusters.eu\/cs\/wp-json\/wp\/v2\/media?parent=1105"}],"curies":[{"name":"wp","href":"https:\/\/api.w.org\/{rel}","templated":true}]}}