{"id":1101,"date":"2019-12-31T09:55:11","date_gmt":"2019-12-31T09:55:11","guid":{"rendered":"https:\/\/www.youthmythbusters.eu\/o-projektu\/"},"modified":"2020-01-07T09:53:02","modified_gmt":"2020-01-07T09:53:02","slug":"o-projektu","status":"publish","type":"page","link":"https:\/\/www.youthmythbusters.eu\/cs\/o-projektu\/","title":{"rendered":"O Projektu"},"content":{"rendered":"\t\t<div data-elementor-type=\"wp-page\" data-elementor-id=\"1101\" class=\"elementor elementor-1101 elementor-21\" data-elementor-post-type=\"page\">\n\t\t\t\t\t\t<section class=\"elementor-section elementor-top-section elementor-element elementor-element-9ab4718 elementor-section-content-middle elementor-section-boxed elementor-section-height-default elementor-section-height-default\" data-id=\"9ab4718\" data-element_type=\"section\" data-e-type=\"section\" data-settings=\"{&quot;background_background&quot;:&quot;classic&quot;}\">\n\t\t\t\t\t\t\t<div class=\"elementor-background-overlay\"><\/div>\n\t\t\t\t\t\t\t<div class=\"elementor-container elementor-column-gap-no\">\n\t\t\t\t\t<div class=\"elementor-column elementor-col-100 elementor-top-column elementor-element elementor-element-4707800\" data-id=\"4707800\" data-element_type=\"column\" data-e-type=\"column\">\n\t\t\t<div class=\"elementor-widget-wrap elementor-element-populated\">\n\t\t\t\t\t\t<section class=\"elementor-section elementor-inner-section elementor-element elementor-element-0b85fd4 elementor-section-boxed elementor-section-height-default elementor-section-height-default\" data-id=\"0b85fd4\" data-element_type=\"section\" data-e-type=\"section\">\n\t\t\t\t\t\t<div class=\"elementor-container elementor-column-gap-default\">\n\t\t\t\t\t<div class=\"elementor-column elementor-col-50 elementor-inner-column elementor-element elementor-element-0c6753d\" data-id=\"0c6753d\" data-element_type=\"column\" data-e-type=\"column\">\n\t\t\t<div class=\"elementor-widget-wrap elementor-element-populated\">\n\t\t\t\t\t\t<div class=\"elementor-element elementor-element-c8cbeb9 elementor-widget elementor-widget-image\" data-id=\"c8cbeb9\" data-element_type=\"widget\" data-e-type=\"widget\" data-widget_type=\"image.default\">\n\t\t\t\t<div class=\"elementor-widget-container\">\n\t\t\t\t\t\t\t\t\t\t\t\t\t\t\t<img decoding=\"async\" width=\"64\" height=\"64\" src=\"https:\/\/www.youthmythbusters.eu\/wp-content\/uploads\/2019\/12\/young-mythbusters-challenge.png\" class=\"attachment-large size-large wp-image-507\" alt=\"\" \/>\t\t\t\t\t\t\t\t\t\t\t\t\t\t\t<\/div>\n\t\t\t\t<\/div>\n\t\t\t\t<div class=\"elementor-element elementor-element-3518ede elementor-widget elementor-widget-heading\" data-id=\"3518ede\" data-element_type=\"widget\" data-e-type=\"widget\" data-widget_type=\"heading.default\">\n\t\t\t\t<div class=\"elementor-widget-container\">\n\t\t\t\t\t<h2 class=\"elementor-heading-title elementor-size-default\">V\u00fdzva<\/h2>\t\t\t\t<\/div>\n\t\t\t\t<\/div>\n\t\t\t\t<div class=\"elementor-element elementor-element-ce94b26 elementor-widget elementor-widget-text-editor\" data-id=\"ce94b26\" data-element_type=\"widget\" data-e-type=\"widget\" data-widget_type=\"text-editor.default\">\n\t\t\t\t<div class=\"elementor-widget-container\">\n\t\t\t\t\t\t\t\t\t<p>Podle Eurofoundu, mlad\u00ed lid\u00e9 ve v\u011bku 15\u201320 let, kte\u0159\u00ed nestuduj\u00ed, nepracuj\u00ed a ani se nep\u0159ipravuj\u00ed na zam\u011bstn\u00e1n\u00ed a \u017eiv\u00ed je p\u0159edev\u0161\u00edm rodi\u010de (NEET), se m\u00e9n\u011b zaj\u00edmaj\u00ed o politiku (pouze 28,7%) a projevuj\u00ed ni\u017e\u0161\u00ed soci\u00e1ln\u00ed \u00fa\u010dast ne\u017e ostatn\u00ed&#8230;<\/p>\n\t\t\t\t\t\t\t\t<\/div>\n\t\t\t\t<\/div>\n\t\t\t\t\t<\/div>\n\t\t<\/div>\n\t\t\t\t<div class=\"elementor-column elementor-col-50 elementor-inner-column elementor-element elementor-element-426449f\" data-id=\"426449f\" data-element_type=\"column\" data-e-type=\"column\">\n\t\t\t<div class=\"elementor-widget-wrap elementor-element-populated\">\n\t\t\t\t\t\t<div class=\"elementor-element elementor-element-3303e60 elementor-widget elementor-widget-image\" data-id=\"3303e60\" data-element_type=\"widget\" data-e-type=\"widget\" data-widget_type=\"image.default\">\n\t\t\t\t<div class=\"elementor-widget-container\">\n\t\t\t\t\t\t\t\t\t\t\t\t\t\t\t<img decoding=\"async\" width=\"64\" height=\"64\" src=\"https:\/\/www.youthmythbusters.eu\/wp-content\/uploads\/2019\/12\/young-mythbusters-innovation.png\" class=\"attachment-large size-large wp-image-512\" alt=\"\" \/>\t\t\t\t\t\t\t\t\t\t\t\t\t\t\t<\/div>\n\t\t\t\t<\/div>\n\t\t\t\t<div class=\"elementor-element elementor-element-935ceb3 elementor-widget elementor-widget-heading\" data-id=\"935ceb3\" data-element_type=\"widget\" data-e-type=\"widget\" data-widget_type=\"heading.default\">\n\t\t\t\t<div class=\"elementor-widget-container\">\n\t\t\t\t\t<h2 class=\"elementor-heading-title elementor-size-default\">Inovace<\/h2>\t\t\t\t<\/div>\n\t\t\t\t<\/div>\n\t\t\t\t<div class=\"elementor-element elementor-element-1076143 elementor-widget elementor-widget-text-editor\" data-id=\"1076143\" data-element_type=\"widget\" data-e-type=\"widget\" data-widget_type=\"text-editor.default\">\n\t\t\t\t<div class=\"elementor-widget-container\">\n\t\t\t\t\t\t\t\t\t<p>Iniciativa YouthMythBusters stimuluje mlad\u00e9 blogery k tomu, aby p\u0159evzali roli v\u016fdce a pos\u00edlili sv\u00e9 sleduj\u00edc\u00ed ohro\u017een\u00e9 soci\u00e1ln\u00edm vylou\u010den\u00edm (zejm\u00e9na NEET), podporovali ob\u010dansk\u00e9 a politick\u00e9 zapojen\u00ed t\u011bchto osob&#8230;<\/p>\n\t\t\t\t\t\t\t\t<\/div>\n\t\t\t\t<\/div>\n\t\t\t\t\t<\/div>\n\t\t<\/div>\n\t\t\t\t\t<\/div>\n\t\t<\/section>\n\t\t\t\t<section class=\"elementor-section elementor-inner-section elementor-element elementor-element-b480079 elementor-section-boxed elementor-section-height-default elementor-section-height-default\" data-id=\"b480079\" data-element_type=\"section\" data-e-type=\"section\">\n\t\t\t\t\t\t<div class=\"elementor-container elementor-column-gap-default\">\n\t\t\t\t\t<div class=\"elementor-column elementor-col-100 elementor-inner-column elementor-element elementor-element-4428b92\" data-id=\"4428b92\" data-element_type=\"column\" data-e-type=\"column\">\n\t\t\t<div class=\"elementor-widget-wrap elementor-element-populated\">\n\t\t\t\t\t\t<div class=\"elementor-element elementor-element-ed968bc elementor-hidden-phone elementor-widget-divider--view-line elementor-widget elementor-widget-divider\" data-id=\"ed968bc\" data-element_type=\"widget\" data-e-type=\"widget\" data-widget_type=\"divider.default\">\n\t\t\t\t<div class=\"elementor-widget-container\">\n\t\t\t\t\t\t\t<div class=\"elementor-divider\">\n\t\t\t<span class=\"elementor-divider-separator\">\n\t\t\t\t\t\t<\/span>\n\t\t<\/div>\n\t\t\t\t\t\t<\/div>\n\t\t\t\t<\/div>\n\t\t\t\t\t<\/div>\n\t\t<\/div>\n\t\t\t\t\t<\/div>\n\t\t<\/section>\n\t\t\t\t<section class=\"elementor-section elementor-inner-section elementor-element elementor-element-b073fea elementor-section-boxed elementor-section-height-default elementor-section-height-default\" data-id=\"b073fea\" data-element_type=\"section\" data-e-type=\"section\">\n\t\t\t\t\t\t<div class=\"elementor-container elementor-column-gap-default\">\n\t\t\t\t\t<div class=\"elementor-column elementor-col-50 elementor-inner-column elementor-element elementor-element-7c414ae\" data-id=\"7c414ae\" data-element_type=\"column\" data-e-type=\"column\">\n\t\t\t<div class=\"elementor-widget-wrap elementor-element-populated\">\n\t\t\t\t\t\t<div class=\"elementor-element elementor-element-c1fe41e elementor-widget elementor-widget-image\" data-id=\"c1fe41e\" data-element_type=\"widget\" data-e-type=\"widget\" data-widget_type=\"image.default\">\n\t\t\t\t<div class=\"elementor-widget-container\">\n\t\t\t\t\t\t\t\t\t\t\t\t\t\t\t<img decoding=\"async\" width=\"64\" height=\"64\" src=\"https:\/\/www.youthmythbusters.eu\/wp-content\/uploads\/2019\/12\/young-mythbusters-objectives.png\" class=\"attachment-large size-large wp-image-517\" alt=\"\" \/>\t\t\t\t\t\t\t\t\t\t\t\t\t\t\t<\/div>\n\t\t\t\t<\/div>\n\t\t\t\t<div class=\"elementor-element elementor-element-1c4442c elementor-widget elementor-widget-heading\" data-id=\"1c4442c\" data-element_type=\"widget\" data-e-type=\"widget\" data-widget_type=\"heading.default\">\n\t\t\t\t<div class=\"elementor-widget-container\">\n\t\t\t\t\t<h2 class=\"elementor-heading-title elementor-size-default\">C\u00edle<\/h2>\t\t\t\t<\/div>\n\t\t\t\t<\/div>\n\t\t\t\t<div class=\"elementor-element elementor-element-4678410 elementor-widget elementor-widget-text-editor\" data-id=\"4678410\" data-element_type=\"widget\" data-e-type=\"widget\" data-widget_type=\"text-editor.default\">\n\t\t\t\t<div class=\"elementor-widget-container\">\n\t\t\t\t\t\t\t\t\t<p>C\u00edlem projektu YouthMythBusters (YMB) je podpora zapojen\u00ed ml\u00e1de\u017ee a osob ohro\u017een\u00fdch soci\u00e1ln\u00edm vylou\u010den\u00edm (NEET) do demokratick\u00e9ho a ob\u010dansk\u00e9ho \u017eivota a pos\u00edlen\u00ed jejich kritick\u00e9ho my\u0161len\u00ed&#8230;<\/p>\n\t\t\t\t\t\t\t\t<\/div>\n\t\t\t\t<\/div>\n\t\t\t\t\t<\/div>\n\t\t<\/div>\n\t\t\t\t<div class=\"elementor-column elementor-col-50 elementor-inner-column elementor-element elementor-element-1180c1f\" data-id=\"1180c1f\" data-element_type=\"column\" data-e-type=\"column\">\n\t\t\t<div class=\"elementor-widget-wrap elementor-element-populated\">\n\t\t\t\t\t\t<div class=\"elementor-element elementor-element-98b5ef7 elementor-widget elementor-widget-image\" data-id=\"98b5ef7\" data-element_type=\"widget\" data-e-type=\"widget\" data-widget_type=\"image.default\">\n\t\t\t\t<div class=\"elementor-widget-container\">\n\t\t\t\t\t\t\t\t\t\t\t\t\t\t\t<img decoding=\"async\" src=\"https:\/\/www.youthmythbusters.eu\/wp-content\/uploads\/elementor\/thumbs\/young-mythbusters-actions-ohws3j0mvdyo67du4x4ri26phz5b2py4yvh79caoq0.png\" title=\"young-mythbusters-actions\" alt=\"young-mythbusters-actions\" loading=\"lazy\" \/>\t\t\t\t\t\t\t\t\t\t\t\t\t\t\t<\/div>\n\t\t\t\t<\/div>\n\t\t\t\t<div class=\"elementor-element elementor-element-9526487 elementor-widget elementor-widget-heading\" data-id=\"9526487\" data-element_type=\"widget\" data-e-type=\"widget\" data-widget_type=\"heading.default\">\n\t\t\t\t<div class=\"elementor-widget-container\">\n\t\t\t\t\t<h2 class=\"elementor-heading-title elementor-size-default\">Akce<\/h2>\t\t\t\t<\/div>\n\t\t\t\t<\/div>\n\t\t\t\t<div class=\"elementor-element elementor-element-dbcfa2b elementor-widget elementor-widget-text-editor\" data-id=\"dbcfa2b\" data-element_type=\"widget\" data-e-type=\"widget\" data-widget_type=\"text-editor.default\">\n\t\t\t\t<div class=\"elementor-widget-container\">\n\t\t\t\t\t\t\t\t\t<p>V\u00fdukov\u00e9 materi\u00e1ly budou zpracov\u00e1n\u00e9 pro influencery (5 v ka\u017ed\u00e9 zemi) o tom, jak umo\u017enit sv\u00fdm koleg\u016fm (NEET a dal\u0161\u00edm mlad\u00fdm lidem) zv\u00fd\u0161it jejich ob\u010dansk\u00e9 a politick\u00e9 zapojen\u00ed prost\u0159ednictv\u00edm medi\u00e1ln\u00ed gramotnosti a kritick\u00e9ho my\u0161len\u00ed&#8230;<\/p>\n\t\t\t\t\t\t\t\t<\/div>\n\t\t\t\t<\/div>\n\t\t\t\t\t<\/div>\n\t\t<\/div>\n\t\t\t\t\t<\/div>\n\t\t<\/section>\n\t\t\t\t\t<\/div>\n\t\t<\/div>\n\t\t\t\t\t<\/div>\n\t\t<\/section>\n\t\t\t\t<\/div>\n\t\t","protected":false},"excerpt":{"rendered":"<p>YOUTH MYTH BUSTERS O Projektu V\u00fdzva Podle Eurofoundu, mlad\u00ed lid\u00e9 ve v\u011bku 15\u201320 let, kte\u0159\u00ed nestuduj\u00ed, nepracuj\u00ed a ani se nep\u0159ipravuj\u00ed na zam\u011bstn\u00e1n\u00ed a \u017eiv\u00ed je p\u0159edev\u0161\u00edm rodi\u010de (NEET), se m\u00e9n\u011b zaj\u00edmaj\u00ed o politiku (pouze 28,7%) a projevuj\u00ed ni\u017e\u0161\u00ed soci\u00e1ln\u00ed \u00fa\u010dast ne\u017e ostatn\u00ed&#8230; P\u0159e\u010dt\u011bte si v\u00edce Inovace Iniciativa YouthMythBusters stimuluje mlad\u00e9 blogery k tomu, aby [&hellip;]<\/p>\n","protected":false},"author":4,"featured_media":0,"parent":0,"menu_order":0,"comment_status":"closed","ping_status":"closed","template":"","meta":{"footnotes":""},"class_list":["post-1101","page","type-page","status-publish","hentry"],"_links":{"self":[{"href":"https:\/\/www.youthmythbusters.eu\/cs\/wp-json\/wp\/v2\/pages\/1101","targetHints":{"allow":["GET"]}}],"collection":[{"href":"https:\/\/www.youthmythbusters.eu\/cs\/wp-json\/wp\/v2\/pages"}],"about":[{"href":"https:\/\/www.youthmythbusters.eu\/cs\/wp-json\/wp\/v2\/types\/page"}],"author":[{"embeddable":true,"href":"https:\/\/www.youthmythbusters.eu\/cs\/wp-json\/wp\/v2\/users\/4"}],"replies":[{"embeddable":true,"href":"https:\/\/www.youthmythbusters.eu\/cs\/wp-json\/wp\/v2\/comments?post=1101"}],"version-history":[{"count":0,"href":"https:\/\/www.youthmythbusters.eu\/cs\/wp-json\/wp\/v2\/pages\/1101\/revisions"}],"wp:attachment":[{"href":"https:\/\/www.youthmythbusters.eu\/cs\/wp-json\/wp\/v2\/media?parent=1101"}],"curies":[{"name":"wp","href":"https:\/\/api.w.org\/{rel}","templated":true}]}}