{"id":1090,"date":"2019-12-31T09:41:17","date_gmt":"2019-12-31T09:41:17","guid":{"rendered":"https:\/\/www.youthmythbusters.eu\/io2-e-learning-platform\/"},"modified":"2021-09-29T06:49:13","modified_gmt":"2021-09-29T06:49:13","slug":"io2-e-learning-platform","status":"publish","type":"page","link":"https:\/\/www.youthmythbusters.eu\/cs\/io2-e-learning-platform\/","title":{"rendered":"IO2: E-Learning Platform"},"content":{"rendered":"\t\t<div data-elementor-type=\"wp-page\" data-elementor-id=\"1090\" class=\"elementor elementor-1090 elementor-336\" data-elementor-post-type=\"page\">\n\t\t\t\t\t\t<section class=\"elementor-section elementor-top-section elementor-element elementor-element-6df59fe3 elementor-section-full_width elementor-section-height-default elementor-section-height-default\" data-id=\"6df59fe3\" data-element_type=\"section\" data-e-type=\"section\">\n\t\t\t\t\t\t<div class=\"elementor-container elementor-column-gap-no\">\n\t\t\t\t\t<div class=\"elementor-column elementor-col-33 elementor-top-column elementor-element elementor-element-15f01fd5 only-color-yellow\" data-id=\"15f01fd5\" data-element_type=\"column\" data-e-type=\"column\" data-settings=\"{&quot;background_background&quot;:&quot;classic&quot;}\">\n\t\t\t<div class=\"elementor-widget-wrap\">\n\t\t\t\t\t\t\t<\/div>\n\t\t<\/div>\n\t\t\t\t<div class=\"elementor-column elementor-col-33 elementor-top-column elementor-element elementor-element-1b67bef1 only-color-green\" data-id=\"1b67bef1\" data-element_type=\"column\" data-e-type=\"column\" data-settings=\"{&quot;background_background&quot;:&quot;classic&quot;}\">\n\t\t\t<div class=\"elementor-widget-wrap\">\n\t\t\t\t\t\t\t<\/div>\n\t\t<\/div>\n\t\t\t\t<div class=\"elementor-column elementor-col-33 elementor-top-column elementor-element elementor-element-1dfc343f only-color-red\" data-id=\"1dfc343f\" data-element_type=\"column\" data-e-type=\"column\" data-settings=\"{&quot;background_background&quot;:&quot;classic&quot;}\">\n\t\t\t<div class=\"elementor-widget-wrap\">\n\t\t\t\t\t\t\t<\/div>\n\t\t<\/div>\n\t\t\t\t\t<\/div>\n\t\t<\/section>\n\t\t\t\t<section class=\"elementor-section elementor-top-section elementor-element elementor-element-7fea1d61 elementor-section-boxed elementor-section-height-default elementor-section-height-default\" data-id=\"7fea1d61\" data-element_type=\"section\" data-e-type=\"section\">\n\t\t\t\t\t\t<div class=\"elementor-container elementor-column-gap-default\">\n\t\t\t\t\t<div class=\"elementor-column elementor-col-50 elementor-top-column elementor-element elementor-element-4f69bda1\" data-id=\"4f69bda1\" data-element_type=\"column\" data-e-type=\"column\">\n\t\t\t<div class=\"elementor-widget-wrap elementor-element-populated\">\n\t\t\t\t\t\t<div class=\"elementor-element elementor-element-1c1ab93c premium-title-flex-start premium-title-icon-row premium-title-color elementor-widget elementor-widget-premium-addon-title\" data-id=\"1c1ab93c\" data-element_type=\"widget\" data-e-type=\"widget\" data-widget_type=\"premium-addon-title.default\">\n\t\t\t\t<div class=\"elementor-widget-container\">\n\t\t\t\t\t\n\t\t<div class=\"premium-title-container style3\">\n\t\t\t<h1 class=\"premium-title-header premium-title-style3\">\n\t\t\t\t\n\t\t\t\t\t\t\t\t\t\t\t\t\t\t\t<i class=\"premium-title-icon premium-svg-nodraw premium-drawable-icon fas fa-bars\" aria-hidden=\"true\"><\/i>\n\t\t\t\t\t\t\t\t\t\n\t\t\t\t\t\t\t\t\t\t\t\t<span class=\"premium-title-text\">\n\t\t\t\t\tV\u00ddSTUPY\t\t\t\t<\/span>\n\t\t\t\t\t\n\t\t\t\t\t\t\t\t\n\t\t\t\t\t\t\t<\/h1>\n\n\t\t<\/div>\n\n\t\t\t\t\t\t<\/div>\n\t\t\t\t<\/div>\n\t\t\t\t<div class=\"elementor-element elementor-element-2d4864a6 elementor-nav-menu--dropdown-none elementor-widget elementor-widget-nav-menu\" data-id=\"2d4864a6\" data-element_type=\"widget\" data-e-type=\"widget\" data-settings=\"{&quot;layout&quot;:&quot;vertical&quot;,&quot;submenu_icon&quot;:{&quot;value&quot;:&quot;&lt;i class=\\&quot;fas fa-caret-down\\&quot; aria-hidden=\\&quot;true\\&quot;&gt;&lt;\\\/i&gt;&quot;,&quot;library&quot;:&quot;fa-solid&quot;}}\" data-widget_type=\"nav-menu.default\">\n\t\t\t\t<div class=\"elementor-widget-container\">\n\t\t\t\t\t\t\t\t<nav aria-label=\"Menu\" class=\"elementor-nav-menu--main elementor-nav-menu__container elementor-nav-menu--layout-vertical e--pointer-background e--animation-fade\">\n\t\t\t\t<ul id=\"menu-1-2d4864a6\" class=\"elementor-nav-menu sm-vertical\"><li class=\"menu-item menu-item-type-post_type menu-item-object-page menu-item-1159\"><a href=\"https:\/\/www.youthmythbusters.eu\/cs\/io1-program-budovani-kapacit-pro-mlade-vudce\/\" class=\"elementor-item\">IO1: Program budov\u00e1n\u00ed kapacit pro mlad\u00e9 v\u016fdce<\/a><\/li>\n<li class=\"menu-item menu-item-type-post_type menu-item-object-page menu-item-1160\"><a href=\"https:\/\/www.youthmythbusters.eu\/cs\/io2-e-learning-platform\/\" class=\"elementor-item\">IO2: E-Learning Platform<\/a><\/li>\n<li class=\"menu-item menu-item-type-post_type menu-item-object-page menu-item-1161\"><a href=\"https:\/\/www.youthmythbusters.eu\/cs\/io3-guide-toolkit-on-peer-to-peer-myth-busting-action\/\" class=\"elementor-item\">IO3: Guide-toolkit on peer-to-peer myth busting action<\/a><\/li>\n<li class=\"menu-item menu-item-type-post_type menu-item-object-page menu-item-1162\"><a href=\"https:\/\/www.youthmythbusters.eu\/cs\/io4-doporuceni-pro-zvyseni-obcanske-a-politicke-participaci-mladeze\/\" class=\"elementor-item\">IO4: Doporu\u010den\u00ed pro zv\u00fd\u0161en\u00ed ob\u010dansk\u00e9 a politick\u00e9 participaci ml\u00e1de\u017ee<\/a><\/li>\n<\/ul>\t\t\t<\/nav>\n\t\t\t\t\t\t<nav class=\"elementor-nav-menu--dropdown elementor-nav-menu__container\" aria-hidden=\"true\">\n\t\t\t\t<ul id=\"menu-2-2d4864a6\" class=\"elementor-nav-menu sm-vertical\"><li class=\"menu-item menu-item-type-post_type menu-item-object-page menu-item-1159\"><a href=\"https:\/\/www.youthmythbusters.eu\/cs\/io1-program-budovani-kapacit-pro-mlade-vudce\/\" class=\"elementor-item\" tabindex=\"-1\">IO1: Program budov\u00e1n\u00ed kapacit pro mlad\u00e9 v\u016fdce<\/a><\/li>\n<li class=\"menu-item menu-item-type-post_type menu-item-object-page menu-item-1160\"><a href=\"https:\/\/www.youthmythbusters.eu\/cs\/io2-e-learning-platform\/\" class=\"elementor-item\" tabindex=\"-1\">IO2: E-Learning Platform<\/a><\/li>\n<li class=\"menu-item menu-item-type-post_type menu-item-object-page menu-item-1161\"><a href=\"https:\/\/www.youthmythbusters.eu\/cs\/io3-guide-toolkit-on-peer-to-peer-myth-busting-action\/\" class=\"elementor-item\" tabindex=\"-1\">IO3: Guide-toolkit on peer-to-peer myth busting action<\/a><\/li>\n<li class=\"menu-item menu-item-type-post_type menu-item-object-page menu-item-1162\"><a href=\"https:\/\/www.youthmythbusters.eu\/cs\/io4-doporuceni-pro-zvyseni-obcanske-a-politicke-participaci-mladeze\/\" class=\"elementor-item\" tabindex=\"-1\">IO4: Doporu\u010den\u00ed pro zv\u00fd\u0161en\u00ed ob\u010dansk\u00e9 a politick\u00e9 participaci ml\u00e1de\u017ee<\/a><\/li>\n<\/ul>\t\t\t<\/nav>\n\t\t\t\t\t\t<\/div>\n\t\t\t\t<\/div>\n\t\t\t\t\t<\/div>\n\t\t<\/div>\n\t\t\t\t<div class=\"elementor-column elementor-col-50 elementor-top-column elementor-element elementor-element-6673480f\" data-id=\"6673480f\" data-element_type=\"column\" data-e-type=\"column\">\n\t\t\t<div class=\"elementor-widget-wrap elementor-element-populated\">\n\t\t\t\t\t\t<div class=\"elementor-element elementor-element-4ebcfdf4 elementor-widget elementor-widget-text-editor\" data-id=\"4ebcfdf4\" data-element_type=\"widget\" data-e-type=\"widget\" data-widget_type=\"text-editor.default\">\n\t\t\t\t<div class=\"elementor-widget-container\">\n\t\t\t\t\t\t\t\t\t<p>Tato platforma slou\u017e\u00ed jako e-learningov\u00fd n\u00e1stroj pro mlad\u00e9 influencery a jako online prostor, kde NEET a dal\u0161\u00ed mlad\u00ed lid\u00e9 mohou komunikovat s bloga\u0159i za \u00fa\u010delem vytvo\u0159en\u00ed usnadn\u011bn\u00ed jejich spolupr\u00e1ce.<\/p>\n<p>Platforma e-learningu tak\u00e9 p\u0159edstavuje online prostor, kde v\u0161ichni \u00fa\u010dastn\u00edci a evrop\u0161t\u00ed a<\/p>\n<p>N\u00e1rodn\u00ed poradn\u00ed skupiny by mohly komunikovat, aby zajistily \u00fa\u010dinn\u00e9 prov\u00e1d\u011bn\u00ed myth busting\u00a0 akc\u00ed.<\/p>\n\t\t\t\t\t\t\t\t<\/div>\n\t\t\t\t<\/div>\n\t\t\t\t\t<\/div>\n\t\t<\/div>\n\t\t\t\t\t<\/div>\n\t\t<\/section>\n\t\t\t\t<section class=\"elementor-section elementor-top-section elementor-element elementor-element-487ccb1f elementor-section-boxed elementor-section-height-default elementor-section-height-default\" data-id=\"487ccb1f\" data-element_type=\"section\" data-e-type=\"section\" data-settings=\"{&quot;background_background&quot;:&quot;classic&quot;}\">\n\t\t\t\t\t\t<div class=\"elementor-container elementor-column-gap-default\">\n\t\t\t\t\t<div class=\"elementor-column elementor-col-100 elementor-top-column elementor-element elementor-element-480ae436\" data-id=\"480ae436\" data-element_type=\"column\" data-e-type=\"column\">\n\t\t\t<div class=\"elementor-widget-wrap elementor-element-populated\">\n\t\t\t\t\t\t<section class=\"elementor-section elementor-inner-section elementor-element elementor-element-78076a4 elementor-section-content-middle elementor-hidden-phone elementor-section-boxed elementor-section-height-default elementor-section-height-default\" data-id=\"78076a4\" data-element_type=\"section\" data-e-type=\"section\">\n\t\t\t\t\t\t<div class=\"elementor-container elementor-column-gap-default\">\n\t\t\t\t\t<div class=\"elementor-column elementor-col-33 elementor-inner-column elementor-element elementor-element-5d085e29\" data-id=\"5d085e29\" data-element_type=\"column\" data-e-type=\"column\">\n\t\t\t<div class=\"elementor-widget-wrap elementor-element-populated\">\n\t\t\t\t\t\t<div class=\"elementor-element elementor-element-7f55daa2 elementor-widget elementor-widget-image\" data-id=\"7f55daa2\" data-element_type=\"widget\" data-e-type=\"widget\" data-widget_type=\"image.default\">\n\t\t\t\t<div class=\"elementor-widget-container\">\n\t\t\t\t\t\t\t\t\t\t\t\t\t\t\t<img decoding=\"async\" src=\"https:\/\/www.youthmythbusters.eu\/wp-content\/uploads\/elementor\/thumbs\/853272-pdtda98932itet1oeg4b7srsla6x9baxfpmyfc44dc.png\" title=\"853272\" alt=\"853272\" loading=\"lazy\" \/>\t\t\t\t\t\t\t\t\t\t\t\t\t\t\t<\/div>\n\t\t\t\t<\/div>\n\t\t\t\t\t<\/div>\n\t\t<\/div>\n\t\t\t\t<div class=\"elementor-column elementor-col-33 elementor-inner-column elementor-element elementor-element-157a7f8\" data-id=\"157a7f8\" data-element_type=\"column\" data-e-type=\"column\">\n\t\t\t<div class=\"elementor-widget-wrap elementor-element-populated\">\n\t\t\t\t\t\t<div class=\"elementor-element elementor-element-3a4beb23 elementor-widget elementor-widget-text-editor\" data-id=\"3a4beb23\" data-element_type=\"widget\" data-e-type=\"widget\" data-widget_type=\"text-editor.default\">\n\t\t\t\t<div class=\"elementor-widget-container\">\n\t\t\t\t\t\t\t\t\t<p>E-learning Platform<\/p>\n\t\t\t\t\t\t\t\t<\/div>\n\t\t\t\t<\/div>\n\t\t\t\t\t<\/div>\n\t\t<\/div>\n\t\t\t\t<div class=\"elementor-column elementor-col-33 elementor-inner-column elementor-element elementor-element-4b3637df\" data-id=\"4b3637df\" data-element_type=\"column\" data-e-type=\"column\">\n\t\t\t<div class=\"elementor-widget-wrap elementor-element-populated\">\n\t\t\t\t\t\t<div class=\"elementor-element elementor-element-30bfcdf3 elementor-view-default elementor-widget elementor-widget-icon\" data-id=\"30bfcdf3\" data-element_type=\"widget\" data-e-type=\"widget\" data-widget_type=\"icon.default\">\n\t\t\t\t<div class=\"elementor-widget-container\">\n\t\t\t\t\t\t\t<div class=\"elementor-icon-wrapper\">\n\t\t\t<a class=\"elementor-icon\" href=\"https:\/\/elearning.youthmythbusters.eu\" target=\"_blank\">\n\t\t\t<i aria-hidden=\"true\" class=\"fas fa-graduation-cap\"><\/i>\t\t\t<\/a>\n\t\t<\/div>\n\t\t\t\t\t\t<\/div>\n\t\t\t\t<\/div>\n\t\t\t\t\t<\/div>\n\t\t<\/div>\n\t\t\t\t\t<\/div>\n\t\t<\/section>\n\t\t\t\t<section class=\"elementor-section elementor-inner-section elementor-element elementor-element-2f9dd2b3 elementor-section-content-middle elementor-hidden-desktop elementor-hidden-tablet elementor-hidden-phone elementor-section-boxed elementor-section-height-default elementor-section-height-default\" data-id=\"2f9dd2b3\" data-element_type=\"section\" data-e-type=\"section\">\n\t\t\t\t\t\t<div class=\"elementor-container elementor-column-gap-default\">\n\t\t\t\t\t<div class=\"elementor-column elementor-col-33 elementor-inner-column elementor-element elementor-element-5cd8f32b\" data-id=\"5cd8f32b\" data-element_type=\"column\" data-e-type=\"column\">\n\t\t\t<div class=\"elementor-widget-wrap elementor-element-populated\">\n\t\t\t\t\t\t<div class=\"elementor-element elementor-element-29c9b8a0 elementor-widget elementor-widget-image\" data-id=\"29c9b8a0\" data-element_type=\"widget\" data-e-type=\"widget\" data-widget_type=\"image.default\">\n\t\t\t\t<div class=\"elementor-widget-container\">\n\t\t\t\t\t\t\t\t\t\t\t\t\t\t\t<img decoding=\"async\" src=\"https:\/\/www.youthmythbusters.eu\/wp-content\/uploads\/elementor\/thumbs\/pdf-file-ohrqc1fq8hvgc7v4blocl5wg3nuyo4i1zeso5ev70y.png\" title=\"pdf-file.png\" alt=\"pdf-file.png\" loading=\"lazy\" \/>\t\t\t\t\t\t\t\t\t\t\t\t\t\t\t<\/div>\n\t\t\t\t<\/div>\n\t\t\t\t\t<\/div>\n\t\t<\/div>\n\t\t\t\t<div class=\"elementor-column elementor-col-33 elementor-inner-column elementor-element elementor-element-710d7004\" data-id=\"710d7004\" data-element_type=\"column\" data-e-type=\"column\">\n\t\t\t<div class=\"elementor-widget-wrap elementor-element-populated\">\n\t\t\t\t\t\t<div class=\"elementor-element elementor-element-6fb58045 elementor-widget elementor-widget-text-editor\" data-id=\"6fb58045\" data-element_type=\"widget\" data-e-type=\"widget\" data-widget_type=\"text-editor.default\">\n\t\t\t\t<div class=\"elementor-widget-container\">\n\t\t\t\t\t\t\t\t\t<p>P\u0159\u00edloha \/ n\u00e1zev \/ popis (soubor PDF &#8211; 200 kB)<\/p>\n\t\t\t\t\t\t\t\t<\/div>\n\t\t\t\t<\/div>\n\t\t\t\t\t<\/div>\n\t\t<\/div>\n\t\t\t\t<div class=\"elementor-column elementor-col-33 elementor-inner-column elementor-element elementor-element-64314375\" data-id=\"64314375\" data-element_type=\"column\" data-e-type=\"column\">\n\t\t\t<div class=\"elementor-widget-wrap elementor-element-populated\">\n\t\t\t\t\t\t<div class=\"elementor-element elementor-element-4a860f6c elementor-view-default elementor-widget elementor-widget-icon\" data-id=\"4a860f6c\" data-element_type=\"widget\" data-e-type=\"widget\" data-widget_type=\"icon.default\">\n\t\t\t\t<div class=\"elementor-widget-container\">\n\t\t\t\t\t\t\t<div class=\"elementor-icon-wrapper\">\n\t\t\t<a class=\"elementor-icon\" href=\"https:\/\/www.youthmythbusters.eu\/wp-content\/uploads\/2019\/12\/Allegato-prova.pdf\" target=\"_blank\">\n\t\t\t<i aria-hidden=\"true\" class=\"fas fa-download\"><\/i>\t\t\t<\/a>\n\t\t<\/div>\n\t\t\t\t\t\t<\/div>\n\t\t\t\t<\/div>\n\t\t\t\t\t<\/div>\n\t\t<\/div>\n\t\t\t\t\t<\/div>\n\t\t<\/section>\n\t\t\t\t\t<\/div>\n\t\t<\/div>\n\t\t\t\t\t<\/div>\n\t\t<\/section>\n\t\t\t\t<\/div>\n\t\t","protected":false},"excerpt":{"rendered":"<p>V\u00ddSTUPY YOUTH MYTH BUSTERSIO 2 E-Learning Platform Tato platforma slou\u017e\u00ed jako e-learningov\u00fd n\u00e1stroj pro mlad\u00e9 influencery a jako online prostor, kde NEET a dal\u0161\u00ed mlad\u00ed lid\u00e9 mohou komunikovat s bloga\u0159i za \u00fa\u010delem vytvo\u0159en\u00ed usnadn\u011bn\u00ed jejich spolupr\u00e1ce. Platforma e-learningu tak\u00e9 p\u0159edstavuje online prostor, kde v\u0161ichni \u00fa\u010dastn\u00edci a evrop\u0161t\u00ed a N\u00e1rodn\u00ed poradn\u00ed skupiny by mohly komunikovat, aby [&hellip;]<\/p>\n","protected":false},"author":4,"featured_media":0,"parent":0,"menu_order":0,"comment_status":"closed","ping_status":"closed","template":"","meta":{"footnotes":""},"class_list":["post-1090","page","type-page","status-publish","hentry"],"_links":{"self":[{"href":"https:\/\/www.youthmythbusters.eu\/cs\/wp-json\/wp\/v2\/pages\/1090","targetHints":{"allow":["GET"]}}],"collection":[{"href":"https:\/\/www.youthmythbusters.eu\/cs\/wp-json\/wp\/v2\/pages"}],"about":[{"href":"https:\/\/www.youthmythbusters.eu\/cs\/wp-json\/wp\/v2\/types\/page"}],"author":[{"embeddable":true,"href":"https:\/\/www.youthmythbusters.eu\/cs\/wp-json\/wp\/v2\/users\/4"}],"replies":[{"embeddable":true,"href":"https:\/\/www.youthmythbusters.eu\/cs\/wp-json\/wp\/v2\/comments?post=1090"}],"version-history":[{"count":0,"href":"https:\/\/www.youthmythbusters.eu\/cs\/wp-json\/wp\/v2\/pages\/1090\/revisions"}],"wp:attachment":[{"href":"https:\/\/www.youthmythbusters.eu\/cs\/wp-json\/wp\/v2\/media?parent=1090"}],"curies":[{"name":"wp","href":"https:\/\/api.w.org\/{rel}","templated":true}]}}