{"id":1088,"date":"2019-12-31T09:38:48","date_gmt":"2019-12-31T09:38:48","guid":{"rendered":"https:\/\/www.youthmythbusters.eu\/io1-program-budovani-kapacit-pro-mlade-vudce\/"},"modified":"2021-09-29T06:26:15","modified_gmt":"2021-09-29T06:26:15","slug":"io1-program-budovani-kapacit-pro-mlade-vudce","status":"publish","type":"page","link":"https:\/\/www.youthmythbusters.eu\/cs\/io1-program-budovani-kapacit-pro-mlade-vudce\/","title":{"rendered":"IO1: Program budov\u00e1n\u00ed kapacit pro mlad\u00e9 v\u016fdce"},"content":{"rendered":"\t\t<div data-elementor-type=\"wp-page\" data-elementor-id=\"1088\" class=\"elementor elementor-1088 elementor-334\" data-elementor-post-type=\"page\">\n\t\t\t\t\t\t<section class=\"elementor-section elementor-top-section elementor-element elementor-element-36b8309 elementor-section-full_width elementor-section-height-default elementor-section-height-default\" data-id=\"36b8309\" data-element_type=\"section\" data-e-type=\"section\">\n\t\t\t\t\t\t<div class=\"elementor-container elementor-column-gap-no\">\n\t\t\t\t\t<div class=\"elementor-column elementor-col-33 elementor-top-column elementor-element elementor-element-f6b6ad7 only-color-yellow\" data-id=\"f6b6ad7\" data-element_type=\"column\" data-e-type=\"column\" data-settings=\"{&quot;background_background&quot;:&quot;classic&quot;}\">\n\t\t\t<div class=\"elementor-widget-wrap\">\n\t\t\t\t\t\t\t<\/div>\n\t\t<\/div>\n\t\t\t\t<div class=\"elementor-column elementor-col-33 elementor-top-column elementor-element elementor-element-bf029eb only-color-green\" data-id=\"bf029eb\" data-element_type=\"column\" data-e-type=\"column\" data-settings=\"{&quot;background_background&quot;:&quot;classic&quot;}\">\n\t\t\t<div class=\"elementor-widget-wrap\">\n\t\t\t\t\t\t\t<\/div>\n\t\t<\/div>\n\t\t\t\t<div class=\"elementor-column elementor-col-33 elementor-top-column elementor-element elementor-element-4758ba1 only-color-red\" data-id=\"4758ba1\" data-element_type=\"column\" data-e-type=\"column\" data-settings=\"{&quot;background_background&quot;:&quot;classic&quot;}\">\n\t\t\t<div class=\"elementor-widget-wrap\">\n\t\t\t\t\t\t\t<\/div>\n\t\t<\/div>\n\t\t\t\t\t<\/div>\n\t\t<\/section>\n\t\t\t\t<section class=\"elementor-section elementor-top-section elementor-element elementor-element-44d4594 elementor-section-boxed elementor-section-height-default elementor-section-height-default\" data-id=\"44d4594\" data-element_type=\"section\" data-e-type=\"section\">\n\t\t\t\t\t\t<div class=\"elementor-container elementor-column-gap-default\">\n\t\t\t\t\t<div class=\"elementor-column elementor-col-50 elementor-top-column elementor-element elementor-element-6b79e13\" data-id=\"6b79e13\" data-element_type=\"column\" data-e-type=\"column\">\n\t\t\t<div class=\"elementor-widget-wrap elementor-element-populated\">\n\t\t\t\t\t\t<div class=\"elementor-element elementor-element-031940c premium-title-flex-start premium-title-icon-row premium-title-color elementor-widget elementor-widget-premium-addon-title\" data-id=\"031940c\" data-element_type=\"widget\" data-e-type=\"widget\" data-widget_type=\"premium-addon-title.default\">\n\t\t\t\t<div class=\"elementor-widget-container\">\n\t\t\t\t\t\n\t\t<div class=\"premium-title-container style3\">\n\t\t\t<h1 class=\"premium-title-header premium-title-style3\">\n\t\t\t\t\n\t\t\t\t\t\t\t\t\t\t\t\t\t\t\t<i class=\"premium-title-icon premium-svg-nodraw premium-drawable-icon fas fa-bars\" aria-hidden=\"true\"><\/i>\n\t\t\t\t\t\t\t\t\t\n\t\t\t\t\t\t\t\t\t\t\t\t<span class=\"premium-title-text\">\n\t\t\t\t\tV\u00ddSTUPY\t\t\t\t<\/span>\n\t\t\t\t\t\n\t\t\t\t\t\t\t\t\n\t\t\t\t\t\t\t<\/h1>\n\n\t\t<\/div>\n\n\t\t\t\t\t\t<\/div>\n\t\t\t\t<\/div>\n\t\t\t\t<div class=\"elementor-element elementor-element-db8bbd0 elementor-nav-menu--dropdown-none elementor-widget elementor-widget-nav-menu\" data-id=\"db8bbd0\" data-element_type=\"widget\" data-e-type=\"widget\" data-settings=\"{&quot;layout&quot;:&quot;vertical&quot;,&quot;submenu_icon&quot;:{&quot;value&quot;:&quot;&lt;i class=\\&quot;fas fa-caret-down\\&quot; aria-hidden=\\&quot;true\\&quot;&gt;&lt;\\\/i&gt;&quot;,&quot;library&quot;:&quot;fa-solid&quot;}}\" data-widget_type=\"nav-menu.default\">\n\t\t\t\t<div class=\"elementor-widget-container\">\n\t\t\t\t\t\t\t\t<nav aria-label=\"Menu\" class=\"elementor-nav-menu--main elementor-nav-menu__container elementor-nav-menu--layout-vertical e--pointer-background e--animation-fade\">\n\t\t\t\t<ul id=\"menu-1-db8bbd0\" class=\"elementor-nav-menu sm-vertical\"><li class=\"menu-item menu-item-type-post_type menu-item-object-page menu-item-1159\"><a href=\"https:\/\/www.youthmythbusters.eu\/cs\/io1-program-budovani-kapacit-pro-mlade-vudce\/\" class=\"elementor-item\">IO1: Program budov\u00e1n\u00ed kapacit pro mlad\u00e9 v\u016fdce<\/a><\/li>\n<li class=\"menu-item menu-item-type-post_type menu-item-object-page menu-item-1160\"><a href=\"https:\/\/www.youthmythbusters.eu\/cs\/io2-e-learning-platform\/\" class=\"elementor-item\">IO2: E-Learning Platform<\/a><\/li>\n<li class=\"menu-item menu-item-type-post_type menu-item-object-page menu-item-1161\"><a href=\"https:\/\/www.youthmythbusters.eu\/cs\/io3-guide-toolkit-on-peer-to-peer-myth-busting-action\/\" class=\"elementor-item\">IO3: Guide-toolkit on peer-to-peer myth busting action<\/a><\/li>\n<li class=\"menu-item menu-item-type-post_type menu-item-object-page menu-item-1162\"><a href=\"https:\/\/www.youthmythbusters.eu\/cs\/io4-doporuceni-pro-zvyseni-obcanske-a-politicke-participaci-mladeze\/\" class=\"elementor-item\">IO4: Doporu\u010den\u00ed pro zv\u00fd\u0161en\u00ed ob\u010dansk\u00e9 a politick\u00e9 participaci ml\u00e1de\u017ee<\/a><\/li>\n<\/ul>\t\t\t<\/nav>\n\t\t\t\t\t\t<nav class=\"elementor-nav-menu--dropdown elementor-nav-menu__container\" aria-hidden=\"true\">\n\t\t\t\t<ul id=\"menu-2-db8bbd0\" class=\"elementor-nav-menu sm-vertical\"><li class=\"menu-item menu-item-type-post_type menu-item-object-page menu-item-1159\"><a href=\"https:\/\/www.youthmythbusters.eu\/cs\/io1-program-budovani-kapacit-pro-mlade-vudce\/\" class=\"elementor-item\" tabindex=\"-1\">IO1: Program budov\u00e1n\u00ed kapacit pro mlad\u00e9 v\u016fdce<\/a><\/li>\n<li class=\"menu-item menu-item-type-post_type menu-item-object-page menu-item-1160\"><a href=\"https:\/\/www.youthmythbusters.eu\/cs\/io2-e-learning-platform\/\" class=\"elementor-item\" tabindex=\"-1\">IO2: E-Learning Platform<\/a><\/li>\n<li class=\"menu-item menu-item-type-post_type menu-item-object-page menu-item-1161\"><a href=\"https:\/\/www.youthmythbusters.eu\/cs\/io3-guide-toolkit-on-peer-to-peer-myth-busting-action\/\" class=\"elementor-item\" tabindex=\"-1\">IO3: Guide-toolkit on peer-to-peer myth busting action<\/a><\/li>\n<li class=\"menu-item menu-item-type-post_type menu-item-object-page menu-item-1162\"><a href=\"https:\/\/www.youthmythbusters.eu\/cs\/io4-doporuceni-pro-zvyseni-obcanske-a-politicke-participaci-mladeze\/\" class=\"elementor-item\" tabindex=\"-1\">IO4: Doporu\u010den\u00ed pro zv\u00fd\u0161en\u00ed ob\u010dansk\u00e9 a politick\u00e9 participaci ml\u00e1de\u017ee<\/a><\/li>\n<\/ul>\t\t\t<\/nav>\n\t\t\t\t\t\t<\/div>\n\t\t\t\t<\/div>\n\t\t\t\t\t<\/div>\n\t\t<\/div>\n\t\t\t\t<div class=\"elementor-column elementor-col-50 elementor-top-column elementor-element elementor-element-bcfc463\" data-id=\"bcfc463\" data-element_type=\"column\" data-e-type=\"column\">\n\t\t\t<div class=\"elementor-widget-wrap elementor-element-populated\">\n\t\t\t\t\t\t<div class=\"elementor-element elementor-element-6941ccb elementor-widget elementor-widget-text-editor\" data-id=\"6941ccb\" data-element_type=\"widget\" data-e-type=\"widget\" data-widget_type=\"text-editor.default\">\n\t\t\t\t<div class=\"elementor-widget-container\">\n\t\t\t\t\t\t\t\t\t<p>Program budov\u00e1n\u00ed kapacit pro mlad\u00e9 vudce, jak podporovat jejich sleduj\u00edc\u00ed (NEET a dal\u0161\u00ed mlad\u00e9 lide) za \u00fa\u010delem zv\u00fd\u0161en\u00ed jejich ob\u010dansk\u00e9 a politick\u00e9 participaci prost\u0159ednictv\u00edm medi\u00e1ln\u00ed gramotnosti a kritick\u00e9ho my\u0161len\u00ed.<\/p>\n<p>C\u00edlem tohoto programu budov\u00e1n\u00ed kapacit je p\u0159ipravit mlad\u00e9 influencery na p\u0159evzet\u00ed role v\u016fdce a pozitivn\u011b ovlivnit jejich vrstevn\u00edky, aby se mohli \u00fa\u010dastnit ob\u010dansk\u00e9ho a politick\u00e9ho \u017eivota.<\/p>\n<p>Navrhovan\u00fd studijn\u00ed pl\u00e1n bude snadno realizovateln\u00fd (partnery projektu a \/ nebo jin\u00fdmi relevantn\u00edmi akt\u00e9ry) v partnersk\u00fdch zem\u00edch a bude p\u0159enositeln\u00fd do jin\u00fdch zem\u00ed EU, proto\u017ee bude k dispozici tak\u00e9 v angli\u010dtin\u011b a bude doprov\u00e1zen souborem pokyn\u016f, jak zlep\u0161it definovat po\u017eadavky na p\u0159izp\u016fsoben\u00ed pro konkr\u00e9tn\u00ed kontext zem\u011b.<\/p>\n\t\t\t\t\t\t\t\t<\/div>\n\t\t\t\t<\/div>\n\t\t\t\t\t<\/div>\n\t\t<\/div>\n\t\t\t\t\t<\/div>\n\t\t<\/section>\n\t\t\t\t<section class=\"elementor-section elementor-top-section elementor-element elementor-element-29885a0e elementor-section-boxed elementor-section-height-default elementor-section-height-default\" data-id=\"29885a0e\" data-element_type=\"section\" data-e-type=\"section\" data-settings=\"{&quot;background_background&quot;:&quot;classic&quot;}\">\n\t\t\t\t\t\t<div class=\"elementor-container elementor-column-gap-default\">\n\t\t\t\t\t<div class=\"elementor-column elementor-col-100 elementor-top-column elementor-element elementor-element-3ada6d5a\" data-id=\"3ada6d5a\" data-element_type=\"column\" data-e-type=\"column\">\n\t\t\t<div class=\"elementor-widget-wrap elementor-element-populated\">\n\t\t\t\t\t\t<section class=\"elementor-section elementor-inner-section elementor-element elementor-element-43c4b051 elementor-section-content-middle elementor-hidden-tablet elementor-hidden-phone elementor-section-boxed elementor-section-height-default elementor-section-height-default\" data-id=\"43c4b051\" data-element_type=\"section\" data-e-type=\"section\">\n\t\t\t\t\t\t<div class=\"elementor-container elementor-column-gap-default\">\n\t\t\t\t\t<div class=\"elementor-column elementor-col-33 elementor-inner-column elementor-element elementor-element-714da6e\" data-id=\"714da6e\" data-element_type=\"column\" data-e-type=\"column\">\n\t\t\t<div class=\"elementor-widget-wrap elementor-element-populated\">\n\t\t\t\t\t\t<div class=\"elementor-element elementor-element-1b78b4ac elementor-widget elementor-widget-image\" data-id=\"1b78b4ac\" data-element_type=\"widget\" data-e-type=\"widget\" data-widget_type=\"image.default\">\n\t\t\t\t<div class=\"elementor-widget-container\">\n\t\t\t\t\t\t\t\t\t\t\t\t\t\t\t<img decoding=\"async\" src=\"https:\/\/www.youthmythbusters.eu\/wp-content\/uploads\/elementor\/thumbs\/853272-pdtda98932itet1oeg4b7srsla6x9baxfpmyfc44dc.png\" title=\"853272\" alt=\"853272\" loading=\"lazy\" \/>\t\t\t\t\t\t\t\t\t\t\t\t\t\t\t<\/div>\n\t\t\t\t<\/div>\n\t\t\t\t\t<\/div>\n\t\t<\/div>\n\t\t\t\t<div class=\"elementor-column elementor-col-33 elementor-inner-column elementor-element elementor-element-1bc0bf1\" data-id=\"1bc0bf1\" data-element_type=\"column\" data-e-type=\"column\">\n\t\t\t<div class=\"elementor-widget-wrap elementor-element-populated\">\n\t\t\t\t\t\t<div class=\"elementor-element elementor-element-549cfb13 elementor-widget elementor-widget-text-editor\" data-id=\"549cfb13\" data-element_type=\"widget\" data-e-type=\"widget\" data-widget_type=\"text-editor.default\">\n\t\t\t\t<div class=\"elementor-widget-container\">\n\t\t\t\t\t\t\t\t\t<p>E-learning Platform<\/p>\n\t\t\t\t\t\t\t\t<\/div>\n\t\t\t\t<\/div>\n\t\t\t\t\t<\/div>\n\t\t<\/div>\n\t\t\t\t<div class=\"elementor-column elementor-col-33 elementor-inner-column elementor-element elementor-element-6eacc92d\" data-id=\"6eacc92d\" data-element_type=\"column\" data-e-type=\"column\">\n\t\t\t<div class=\"elementor-widget-wrap elementor-element-populated\">\n\t\t\t\t\t\t<div class=\"elementor-element elementor-element-892e3aa elementor-view-default elementor-widget elementor-widget-icon\" data-id=\"892e3aa\" data-element_type=\"widget\" data-e-type=\"widget\" data-widget_type=\"icon.default\">\n\t\t\t\t<div class=\"elementor-widget-container\">\n\t\t\t\t\t\t\t<div class=\"elementor-icon-wrapper\">\n\t\t\t<a class=\"elementor-icon\" href=\"https:\/\/elearning.youthmythbusters.eu\" target=\"_blank\">\n\t\t\t<i aria-hidden=\"true\" class=\"fas fa-graduation-cap\"><\/i>\t\t\t<\/a>\n\t\t<\/div>\n\t\t\t\t\t\t<\/div>\n\t\t\t\t<\/div>\n\t\t\t\t\t<\/div>\n\t\t<\/div>\n\t\t\t\t\t<\/div>\n\t\t<\/section>\n\t\t\t\t<section class=\"elementor-section elementor-inner-section elementor-element elementor-element-fef363b elementor-section-content-middle elementor-hidden-desktop elementor-hidden-tablet elementor-hidden-phone elementor-section-boxed elementor-section-height-default elementor-section-height-default\" data-id=\"fef363b\" data-element_type=\"section\" data-e-type=\"section\">\n\t\t\t\t\t\t<div class=\"elementor-container elementor-column-gap-default\">\n\t\t\t\t\t<div class=\"elementor-column elementor-col-33 elementor-inner-column elementor-element elementor-element-8329d54\" data-id=\"8329d54\" data-element_type=\"column\" data-e-type=\"column\">\n\t\t\t<div class=\"elementor-widget-wrap elementor-element-populated\">\n\t\t\t\t\t\t<div class=\"elementor-element elementor-element-309b009 elementor-widget elementor-widget-image\" data-id=\"309b009\" data-element_type=\"widget\" data-e-type=\"widget\" data-widget_type=\"image.default\">\n\t\t\t\t<div class=\"elementor-widget-container\">\n\t\t\t\t\t\t\t\t\t\t\t\t\t\t\t<img decoding=\"async\" src=\"https:\/\/www.youthmythbusters.eu\/wp-content\/uploads\/elementor\/thumbs\/pdf-file-ohrqc1fq8hvgc7v4blocl5wg3nuyo4i1zeso5ev70y.png\" title=\"pdf-file.png\" alt=\"pdf-file.png\" loading=\"lazy\" \/>\t\t\t\t\t\t\t\t\t\t\t\t\t\t\t<\/div>\n\t\t\t\t<\/div>\n\t\t\t\t\t<\/div>\n\t\t<\/div>\n\t\t\t\t<div class=\"elementor-column elementor-col-33 elementor-inner-column elementor-element elementor-element-146238c\" data-id=\"146238c\" data-element_type=\"column\" data-e-type=\"column\">\n\t\t\t<div class=\"elementor-widget-wrap elementor-element-populated\">\n\t\t\t\t\t\t<div class=\"elementor-element elementor-element-d9a4cf8 elementor-widget elementor-widget-text-editor\" data-id=\"d9a4cf8\" data-element_type=\"widget\" data-e-type=\"widget\" data-widget_type=\"text-editor.default\">\n\t\t\t\t<div class=\"elementor-widget-container\">\n\t\t\t\t\t\t\t\t\t<p>P\u0159\u00edloha \/ n\u00e1zev \/ popis (soubor PDF &#8211; 200 kB)<\/p>\n\t\t\t\t\t\t\t\t<\/div>\n\t\t\t\t<\/div>\n\t\t\t\t\t<\/div>\n\t\t<\/div>\n\t\t\t\t<div class=\"elementor-column elementor-col-33 elementor-inner-column elementor-element elementor-element-8463349\" data-id=\"8463349\" data-element_type=\"column\" data-e-type=\"column\">\n\t\t\t<div class=\"elementor-widget-wrap elementor-element-populated\">\n\t\t\t\t\t\t<div class=\"elementor-element elementor-element-dbedd70 elementor-view-default elementor-widget elementor-widget-icon\" data-id=\"dbedd70\" data-element_type=\"widget\" data-e-type=\"widget\" data-widget_type=\"icon.default\">\n\t\t\t\t<div class=\"elementor-widget-container\">\n\t\t\t\t\t\t\t<div class=\"elementor-icon-wrapper\">\n\t\t\t<a class=\"elementor-icon\" href=\"https:\/\/elearning.youthmythbusters.eu\" target=\"_blank\">\n\t\t\t<i aria-hidden=\"true\" class=\"fas fa-download\"><\/i>\t\t\t<\/a>\n\t\t<\/div>\n\t\t\t\t\t\t<\/div>\n\t\t\t\t<\/div>\n\t\t\t\t\t<\/div>\n\t\t<\/div>\n\t\t\t\t\t<\/div>\n\t\t<\/section>\n\t\t\t\t\t<\/div>\n\t\t<\/div>\n\t\t\t\t\t<\/div>\n\t\t<\/section>\n\t\t\t\t<\/div>\n\t\t","protected":false},"excerpt":{"rendered":"<p>V\u00ddSTUPY YOUTH MYTH BUSTERSIO 1 Program budov\u00e1n\u00ed kapacit pro mlad\u00e9 v\u016fdce Program budov\u00e1n\u00ed kapacit pro mlad\u00e9 vudce, jak podporovat jejich sleduj\u00edc\u00ed (NEET a dal\u0161\u00ed mlad\u00e9 lide) za \u00fa\u010delem zv\u00fd\u0161en\u00ed jejich ob\u010dansk\u00e9 a politick\u00e9 participaci prost\u0159ednictv\u00edm medi\u00e1ln\u00ed gramotnosti a kritick\u00e9ho my\u0161len\u00ed. C\u00edlem tohoto programu budov\u00e1n\u00ed kapacit je p\u0159ipravit mlad\u00e9 influencery na p\u0159evzet\u00ed role v\u016fdce a pozitivn\u011b [&hellip;]<\/p>\n","protected":false},"author":4,"featured_media":0,"parent":0,"menu_order":0,"comment_status":"closed","ping_status":"closed","template":"","meta":{"footnotes":""},"class_list":["post-1088","page","type-page","status-publish","hentry"],"_links":{"self":[{"href":"https:\/\/www.youthmythbusters.eu\/cs\/wp-json\/wp\/v2\/pages\/1088","targetHints":{"allow":["GET"]}}],"collection":[{"href":"https:\/\/www.youthmythbusters.eu\/cs\/wp-json\/wp\/v2\/pages"}],"about":[{"href":"https:\/\/www.youthmythbusters.eu\/cs\/wp-json\/wp\/v2\/types\/page"}],"author":[{"embeddable":true,"href":"https:\/\/www.youthmythbusters.eu\/cs\/wp-json\/wp\/v2\/users\/4"}],"replies":[{"embeddable":true,"href":"https:\/\/www.youthmythbusters.eu\/cs\/wp-json\/wp\/v2\/comments?post=1088"}],"version-history":[{"count":0,"href":"https:\/\/www.youthmythbusters.eu\/cs\/wp-json\/wp\/v2\/pages\/1088\/revisions"}],"wp:attachment":[{"href":"https:\/\/www.youthmythbusters.eu\/cs\/wp-json\/wp\/v2\/media?parent=1088"}],"curies":[{"name":"wp","href":"https:\/\/api.w.org\/{rel}","templated":true}]}}